{"id":724679,"date":"2025-08-27T19:38:22","date_gmt":"2025-08-27T16:38:22","guid":{"rendered":"https:\/\/roveyayinevi.com.tr\/index.php\/urun\/kutsal-istila\/"},"modified":"2026-04-16T02:32:27","modified_gmt":"2026-04-15T23:32:27","slug":"kutsal-istila","status":"publish","type":"product","link":"https:\/\/roveyayinevi.com.tr\/index.php\/urun\/kutsal-istila\/","title":{"rendered":"Kutsal \u0130stila"},"content":{"rendered":"<p>Valis \u00dc\u00e7lemesinin ikinci kitab\u0131 Kutsal \u0130stila, Valis roman\u0131n\u0131n birka\u00e7 y\u00fczy\u0131l sonras\u0131nda ge\u00e7iyor.Tanr\u0131 \u00f6lmedi, sadece ba\u015fka bir gezegende s\u00fcrg\u00fcn hayat\u0131 ya\u015f\u0131yor ve D\u00fcnya\u2019y\u0131 Belial\u2019\u0131n elinden almak i\u00e7in acilen gezegendeki yerle\u015fimcilerden biri olan Herb Asher\u2019\u0131n yard\u0131m\u0131na ihtiyac\u0131 var. Belial\u2019\u0131n elindeki D\u00fcnya\u2019da ise H\u0131ristiyan-\u0130slam Kilisesi ve Bilimsel \u0130dare bu kutsal istilay\u0131 iktidarlar\u0131na y\u00f6nelik bir tehdit olarak g\u00f6r\u00fcp harekete ge\u00e7ince macera da ba\u015fl\u0131yor. Sanal ger\u00e7eklik, paralel evrenler, y\u0131ld\u0131zlararas\u0131 yolculuk ve varolu\u015f. Fantezi, teoloji ve psikolojinin PKD usul\u00fc bir harman\u0131.<\/p>\n","protected":false},"excerpt":{"rendered":"<p>Valis \u00dc\u00e7lemesinin ikinci kitab\u0131 Kutsal \u0130stila, Valis roman\u0131n\u0131n birka\u00e7 y\u00fczy\u0131l sonras\u0131nda ge\u00e7iyor.Tanr\u0131 \u00f6lmedi, sadece ba\u015fka bir gezegende s\u00fcrg\u00fcn hayat\u0131 ya\u015f\u0131yor ve D\u00fcnya\u2019y\u0131 Belial\u2019\u0131n elinden almak i\u00e7in<span class=\"excerpt-hellip\"> [\u2026]<\/span><\/p>\n","protected":false},"featured_media":0,"template":"","meta":{"_monsterinsights_skip_tracking":false,"_monsterinsights_sitenote_active":false,"_monsterinsights_sitenote_note":"","_monsterinsights_sitenote_category":0},"product_brand":[],"product_cat":[12291,12711],"product_tag":[],"class_list":{"0":"post-724679","1":"product","2":"type-product","3":"status-publish","5":"product_cat-edebiyat","6":"product_cat-roman-oyku","7":"pa_cilt-ciltsiz","8":"pa_tur-kitap","9":"pa_yayinevi-alfa-yayinlari","10":"pa_yazar-philip-k-dick","12":"first","13":"instock","14":"sale","15":"shipping-taxable","16":"purchasable","17":"product-type-simple"},"_links":{"self":[{"href":"https:\/\/roveyayinevi.com.tr\/index.php\/wp-json\/wp\/v2\/product\/724679","targetHints":{"allow":["GET"]}}],"collection":[{"href":"https:\/\/roveyayinevi.com.tr\/index.php\/wp-json\/wp\/v2\/product"}],"about":[{"href":"https:\/\/roveyayinevi.com.tr\/index.php\/wp-json\/wp\/v2\/types\/product"}],"wp:attachment":[{"href":"https:\/\/roveyayinevi.com.tr\/index.php\/wp-json\/wp\/v2\/media?parent=724679"}],"wp:term":[{"taxonomy":"product_brand","embeddable":true,"href":"https:\/\/roveyayinevi.com.tr\/index.php\/wp-json\/wp\/v2\/product_brand?post=724679"},{"taxonomy":"product_cat","embeddable":true,"href":"https:\/\/roveyayinevi.com.tr\/index.php\/wp-json\/wp\/v2\/product_cat?post=724679"},{"taxonomy":"product_tag","embeddable":true,"href":"https:\/\/roveyayinevi.com.tr\/index.php\/wp-json\/wp\/v2\/product_tag?post=724679"}],"curies":[{"name":"wp","href":"https:\/\/api.w.org\/{rel}","templated":true}]}}