{"id":724676,"date":"2025-08-27T19:38:19","date_gmt":"2025-08-27T16:38:19","guid":{"rendered":"https:\/\/roveyayinevi.com.tr\/index.php\/urun\/savastir-ruhumu-yaralayan\/"},"modified":"2026-04-16T02:32:27","modified_gmt":"2026-04-15T23:32:27","slug":"savastir-ruhumu-yaralayan","status":"publish","type":"product","link":"https:\/\/roveyayinevi.com.tr\/index.php\/urun\/savastir-ruhumu-yaralayan\/","title":{"rendered":"Sava\u015ft\u0131r Ruhumu Yaralayan"},"content":{"rendered":"<p>Sava\u015ft\u0131r ruhumuzu yaralayan. \u00d6l\u00fcm, kay\u0131p, ayr\u0131l\u0131k, yas, yara, yetimlik, y\u0131k\u0131m, y\u0131lg\u0131nl\u0131k, \u00f6fke, korku, ac\u0131, \u015fiddet, g\u00f6zya\u015f\u0131 ve daha bir s\u00fcr\u00fc \u015fey olan. Yaln\u0131zca bug\u00fcne de\u011fil, yar\u0131na dokunan&#8230;Bar\u0131\u015ft\u0131r toplumun en g\u00fczel umudu, tarihin en ger\u00e7ek ivmesi.D\u00fc\u015fmanl\u0131\u011f\u0131n olmamas\u0131. K\u00f6t\u00fcl\u00fckten, kavgalardan, sava\u015flardan kurtulu\u015f.S\u00f6m\u00fcr\u00fcs\u00fcz bir d\u00fcnyada ya\u015famak.Herkesin e\u015fit, \u00f6zg\u00fcr ve kendi oldu\u011fu bir d\u00fcnyada.<\/p>\n","protected":false},"excerpt":{"rendered":"<p>Sava\u015ft\u0131r ruhumuzu yaralayan. \u00d6l\u00fcm, kay\u0131p, ayr\u0131l\u0131k, yas, yara, yetimlik, y\u0131k\u0131m, y\u0131lg\u0131nl\u0131k, \u00f6fke, korku, ac\u0131, \u015fiddet, g\u00f6zya\u015f\u0131 ve daha bir s\u00fcr\u00fc \u015fey olan. Yaln\u0131zca bug\u00fcne de\u011fil, yar\u0131na<span class=\"excerpt-hellip\"> [\u2026]<\/span><\/p>\n","protected":false},"featured_media":0,"template":"","meta":{"_monsterinsights_skip_tracking":false,"_monsterinsights_sitenote_active":false,"_monsterinsights_sitenote_note":"","_monsterinsights_sitenote_category":0},"product_brand":[],"product_cat":[12291,12509],"product_tag":[],"class_list":{"0":"post-724676","1":"product","2":"type-product","3":"status-publish","5":"product_cat-edebiyat","6":"product_cat-siir","7":"pa_cilt-ciltsiz","8":"pa_tur-kitap","9":"pa_yayinevi-nika-yayinevi","10":"pa_yazar-burhanettin-kaya","12":"first","13":"instock","14":"sale","15":"shipping-taxable","16":"purchasable","17":"product-type-simple"},"_links":{"self":[{"href":"https:\/\/roveyayinevi.com.tr\/index.php\/wp-json\/wp\/v2\/product\/724676","targetHints":{"allow":["GET"]}}],"collection":[{"href":"https:\/\/roveyayinevi.com.tr\/index.php\/wp-json\/wp\/v2\/product"}],"about":[{"href":"https:\/\/roveyayinevi.com.tr\/index.php\/wp-json\/wp\/v2\/types\/product"}],"wp:attachment":[{"href":"https:\/\/roveyayinevi.com.tr\/index.php\/wp-json\/wp\/v2\/media?parent=724676"}],"wp:term":[{"taxonomy":"product_brand","embeddable":true,"href":"https:\/\/roveyayinevi.com.tr\/index.php\/wp-json\/wp\/v2\/product_brand?post=724676"},{"taxonomy":"product_cat","embeddable":true,"href":"https:\/\/roveyayinevi.com.tr\/index.php\/wp-json\/wp\/v2\/product_cat?post=724676"},{"taxonomy":"product_tag","embeddable":true,"href":"https:\/\/roveyayinevi.com.tr\/index.php\/wp-json\/wp\/v2\/product_tag?post=724676"}],"curies":[{"name":"wp","href":"https:\/\/api.w.org\/{rel}","templated":true}]}}