{"id":724672,"date":"2025-08-27T19:38:15","date_gmt":"2025-08-27T16:38:15","guid":{"rendered":"https:\/\/roveyayinevi.com.tr\/index.php\/urun\/dilenciler-ve-kibirliler\/"},"modified":"2026-04-08T02:40:36","modified_gmt":"2026-04-07T23:40:36","slug":"dilenciler-ve-kibirliler","status":"publish","type":"product","link":"https:\/\/roveyayinevi.com.tr\/index.php\/urun\/dilenciler-ve-kibirliler\/","title":{"rendered":"Dilenciler ve Kibirliler"},"content":{"rendered":"<p>\u201cHayat\u0131 yas\u0327amadan \u00f6g\u0306retmek cehaletin is\u0327ledig\u0306i en ig\u0306ren\u00e7 su\u00e7tu.\u201d\u0130nsan ili\u015fkilerine ve topluma getirdi\u011fi n\u00fcktedan ve k\u0131\u015fk\u0131rt\u0131c\u0131 bak\u0131\u015fla Bat\u0131 k\u00fclt\u00fcr\u00fcn\u00fcn son ger\u00e7ek anar\u015fist yazar\u0131 kabul edilen Albert Cossery\u2019nin d\u00f6neminin avangard yazarlar\u0131n\u0131n aksine can s\u0131k\u0131nt\u0131s\u0131 ve mu\u011flakl\u0131klardan uzak roman\u0131, adaletsiz toplumlar\u0131n d\u00fczenini bozan h\u0131rs\u0131zlar, z\u00fcppeler, dilenciler ve yersiz yurtsuzlardan olu\u015fuyor. Eski felsefe hocas\u0131 ve dilenci Gohar, uyu\u015fturucu sat\u0131c\u0131s\u0131 ve \u015fair Yeghen, otoriter ve e\u015fcinsel polis amiri Nur El Dine, Kahire sokaklar\u0131nda bir araya geliyor. Peki, toplumsal norm ve heveslere kar\u015f\u0131 \u00e7\u0131karken i\u00e7 huzuru nas\u0131l koruyorlar? Fakirli\u011fin ortas\u0131nda, usanmaz devlet g\u00fc\u00e7lerinin durduramad\u0131\u011f\u0131 ya\u015fam enerjisini nas\u0131l muhafaza ediyorlar?Karakterlerinin i\u00e7inden ge\u00e7ti\u011fi dinmeyen h\u00fczne ve beyhudeli\u011fe ra\u011fmen, Cossery her eserinde boyunduru\u011fa kar\u015f\u0131 insanlardaki inat\u00e7\u0131 inanc\u0131n g\u00fcc\u00fcn\u00fc g\u00f6stermeye devam ediyor.\u2014Henry MillerBir efsane\u2026 Otoritenin t\u00fcm bi\u00e7imlerini \u00e7\u00fcr\u00fcten yak\u0131c\u0131 bir hiciv onunkisi. Mesaj\u0131 \u00e7ok a\u00e7\u0131k: Cennet kaybolmad\u0131, sadece hepimiz d\u00fcnyan\u0131n cennetvari sadeli\u011finin tad\u0131na varamayacak kadar me\u015fgul\u00fcz.\u2014GuardianCamus gibi Cossery de ahlaki sorular\u0131 abs\u00fcrd\u00fcn filtresinden ge\u00e7irerek inceler; Miller gibi o da ba\u015f\u0131bo\u015flar\u0131 kucaklar. Bununla birlikte onun yaz\u0131n\u0131nda \u00e7ok g\u00fc\u00e7l\u00fc bir politik g\u00f6rev duygusu vard\u0131r. Cossery\u2019e g\u00f6re en \u015fiddetli isyan edimi, i\u015ftirak etmemeyi tercih etmektir.\u2014Los Angeles TimesAlbert Cossery &#8230; her g\u00fcn kar\u015f\u0131m\u0131za \u00e7\u0131kmas\u0131 gereken bir isim. O kadar iyi ki: kusursuz bir \u00fcslup\u00e7u, boyun e\u011fmez bir mizah\u00e7\u0131, en \u00f6nemli meselesi ise \u201cher \u015feyin yanl\u0131\u015f oldu\u011fu bir d\u00fcnyada\u201d hevesin beyhudeli\u011fi.\u2014David Ulin, Los Angeles Times<\/p>\n","protected":false},"excerpt":{"rendered":"<p>\u201cHayat\u0131 yas\u0327amadan \u00f6g\u0306retmek cehaletin is\u0327ledig\u0306i en ig\u0306ren\u00e7 su\u00e7tu.\u201d\u0130nsan ili\u015fkilerine ve topluma getirdi\u011fi n\u00fcktedan ve k\u0131\u015fk\u0131rt\u0131c\u0131 bak\u0131\u015fla Bat\u0131 k\u00fclt\u00fcr\u00fcn\u00fcn son ger\u00e7ek anar\u015fist yazar\u0131 kabul edilen Albert Cossery\u2019nin<span class=\"excerpt-hellip\"> [\u2026]<\/span><\/p>\n","protected":false},"featured_media":0,"template":"","meta":{"_monsterinsights_skip_tracking":false,"_monsterinsights_sitenote_active":false,"_monsterinsights_sitenote_note":"","_monsterinsights_sitenote_category":0},"product_brand":[],"product_cat":[12291,12711],"product_tag":[],"class_list":{"0":"post-724672","1":"product","2":"type-product","3":"status-publish","5":"product_cat-edebiyat","6":"product_cat-roman-oyku","7":"pa_cilt-ciltsiz","8":"pa_tur-kitap","9":"pa_yayinevi-kolektif-kitap","10":"pa_yazar-albert-cossery","12":"first","13":"instock","14":"sale","15":"shipping-taxable","16":"purchasable","17":"product-type-simple"},"_links":{"self":[{"href":"https:\/\/roveyayinevi.com.tr\/index.php\/wp-json\/wp\/v2\/product\/724672","targetHints":{"allow":["GET"]}}],"collection":[{"href":"https:\/\/roveyayinevi.com.tr\/index.php\/wp-json\/wp\/v2\/product"}],"about":[{"href":"https:\/\/roveyayinevi.com.tr\/index.php\/wp-json\/wp\/v2\/types\/product"}],"wp:attachment":[{"href":"https:\/\/roveyayinevi.com.tr\/index.php\/wp-json\/wp\/v2\/media?parent=724672"}],"wp:term":[{"taxonomy":"product_brand","embeddable":true,"href":"https:\/\/roveyayinevi.com.tr\/index.php\/wp-json\/wp\/v2\/product_brand?post=724672"},{"taxonomy":"product_cat","embeddable":true,"href":"https:\/\/roveyayinevi.com.tr\/index.php\/wp-json\/wp\/v2\/product_cat?post=724672"},{"taxonomy":"product_tag","embeddable":true,"href":"https:\/\/roveyayinevi.com.tr\/index.php\/wp-json\/wp\/v2\/product_tag?post=724672"}],"curies":[{"name":"wp","href":"https:\/\/api.w.org\/{rel}","templated":true}]}}