{"id":724671,"date":"2025-08-27T19:38:14","date_gmt":"2025-08-27T16:38:14","guid":{"rendered":"https:\/\/roveyayinevi.com.tr\/index.php\/urun\/yapay-zeka-cagi\/"},"modified":"2026-04-16T02:32:27","modified_gmt":"2026-04-15T23:32:27","slug":"yapay-zeka-cagi","status":"publish","type":"product","link":"https:\/\/roveyayinevi.com.tr\/index.php\/urun\/yapay-zeka-cagi\/","title":{"rendered":"Yapay Zeka \u00c7a\u011f\u0131"},"content":{"rendered":"<p>100.000 y\u0131l \u00f6nce ate\u015fi kontrol alt\u0131na ald\u0131k, b\u00f6ylece dile uzanan yola girdik.10.000 y\u0131l \u00f6nce tar\u0131m\u0131 geli\u015ftirdik, b\u00f6ylece yerle\u015fik hayata ge\u00e7ip \u015fehirler kurduk ve toprak sava\u015flar\u0131na giri\u015ftik.5000 y\u0131l \u00f6nce tekerle\u011fi ve yaz\u0131y\u0131 icat ettik, b\u00f6ylece ulus devlet anlay\u0131\u015f\u0131n\u0131 geli\u015ftirdik.\u015eimdi ise yu\u0308kselen teknolojiyle birlikte yeni ve d\u00f6rdu\u0308ncu\u0308 bir \u00e7a\u011f\u0131n, yapay zek\u00e2 \u00e7a\u011f\u0131n\u0131n ba\u015flang\u0131c\u0131nday\u0131z. Fakat buraya birdenbire gelmedik. Byron Reese insanl\u0131\u011f\u0131n yapay zek\u00e2 \u00e7a\u011f\u0131na uzanan bu \u00e7ok uzun ve me\u015fakkatli ge\u00e7mi\u015fini incelemekle ba\u015fl\u0131yor; insanl\u0131k ad\u0131na kazand\u0131\u011f\u0131m\u0131z bu\u0308tu\u0308n sava\u015flardan ve ge\u00e7ti\u011fimiz bu\u0308tu\u0308n yollardan sonra nihayet bugu\u0308ne, bilgisayarlar\u0131n ve makinelerin yu\u0308zy\u0131l\u0131na geliyor.Yapay zek\u00e2 ve robotik bilimi, tarihin bu d\u00f6nu\u0308m noktas\u0131ndaki yol g\u00f6stericilerimiz ve bilimin bu yu\u0308kselen y\u0131ld\u0131zlar\u0131na sormam\u0131z gereken \u00e7ok fazla soru var: Bizler, insan olarak birer makine miyiz? Bilgisayarlar herhangi bir \u015fey hissedebilir mi? Bilin\u00e7 kazanmalar\u0131 mu\u0308mku\u0308n mu\u0308? E\u011fer bilin\u00e7lenirlerse, bu bizi bir insan-robot sava\u015f\u0131na y\u00f6nlendirir mi? Peki ya eti\u011fin bu\u0308tu\u0308n bunlar u\u0308zerindeki etkisi nedir? Tarihi arka plandan mu\u0308hendislikteki son geli\u015fmelere, felsefeden sinema ve dizi sekt\u00f6ru\u0308ndeki yans\u0131mas\u0131na kadar yapay zek\u00e2n\u0131n yolculu\u011fu Yapay Zek\u00e2 \u00c7a\u011f\u0131\u2019nda sizi bekliyor.\u201cYapay Zek\u00e2 \u00c7a\u011f\u0131 sadece yapay zek\u00e2n\u0131n yu\u0308kseli\u015finin bizim i\u00e7in ne anlama geldi\u011fini tart\u0131\u015fmakla kalm\u0131yor, ayn\u0131 zamanda okurlar\u0131 \u00f6nyarg\u0131lar\u0131na meydan okumaya zorluyor. Ve tu\u0308m bunlar\u0131 hem e\u011flenceli hem de ilgi \u00e7ekici bir \u015fekilde yapmay\u0131 ba\u015far\u0131yor.\u201d\u2014The New York Times<\/p>\n","protected":false},"excerpt":{"rendered":"<p>100.000 y\u0131l \u00f6nce ate\u015fi kontrol alt\u0131na ald\u0131k, b\u00f6ylece dile uzanan yola girdik.10.000 y\u0131l \u00f6nce tar\u0131m\u0131 geli\u015ftirdik, b\u00f6ylece yerle\u015fik hayata ge\u00e7ip \u015fehirler kurduk ve toprak sava\u015flar\u0131na giri\u015ftik.5000<span class=\"excerpt-hellip\"> [\u2026]<\/span><\/p>\n","protected":false},"featured_media":0,"template":"","meta":{"_monsterinsights_skip_tracking":false,"_monsterinsights_sitenote_active":false,"_monsterinsights_sitenote_note":"","_monsterinsights_sitenote_category":0},"product_brand":[],"product_cat":[13005,13006],"product_tag":[],"class_list":{"0":"post-724671","1":"product","2":"type-product","3":"status-publish","5":"product_cat-bilim-muhendislik","6":"product_cat-populer-bilim","7":"pa_cilt-ciltsiz","8":"pa_tur-kitap","9":"pa_yayinevi-say-yayinlari","10":"pa_yazar-byron-reese","12":"first","13":"instock","14":"sale","15":"shipping-taxable","16":"purchasable","17":"product-type-simple"},"_links":{"self":[{"href":"https:\/\/roveyayinevi.com.tr\/index.php\/wp-json\/wp\/v2\/product\/724671","targetHints":{"allow":["GET"]}}],"collection":[{"href":"https:\/\/roveyayinevi.com.tr\/index.php\/wp-json\/wp\/v2\/product"}],"about":[{"href":"https:\/\/roveyayinevi.com.tr\/index.php\/wp-json\/wp\/v2\/types\/product"}],"wp:attachment":[{"href":"https:\/\/roveyayinevi.com.tr\/index.php\/wp-json\/wp\/v2\/media?parent=724671"}],"wp:term":[{"taxonomy":"product_brand","embeddable":true,"href":"https:\/\/roveyayinevi.com.tr\/index.php\/wp-json\/wp\/v2\/product_brand?post=724671"},{"taxonomy":"product_cat","embeddable":true,"href":"https:\/\/roveyayinevi.com.tr\/index.php\/wp-json\/wp\/v2\/product_cat?post=724671"},{"taxonomy":"product_tag","embeddable":true,"href":"https:\/\/roveyayinevi.com.tr\/index.php\/wp-json\/wp\/v2\/product_tag?post=724671"}],"curies":[{"name":"wp","href":"https:\/\/api.w.org\/{rel}","templated":true}]}}