{"id":724669,"date":"2025-08-27T19:38:13","date_gmt":"2025-08-27T16:38:13","guid":{"rendered":"https:\/\/roveyayinevi.com.tr\/index.php\/urun\/umberto-arte-ile-sanat-2\/"},"modified":"2026-04-16T02:32:27","modified_gmt":"2026-04-15T23:32:27","slug":"umberto-arte-ile-sanat-2","status":"publish","type":"product","link":"https:\/\/roveyayinevi.com.tr\/index.php\/urun\/umberto-arte-ile-sanat-2\/","title":{"rendered":"Umberto Arte ile Sanat 2"},"content":{"rendered":"<p>Johannes Vermeer, Diego Vel\u00e1zquez, John Constable, Jean Baptiste Camille Corot, Arnold B\u00f6cklin ve \u0130van \u0130vanovi\u00e7 \u015ei\u015fkin&#8230;Her biri d\u00fcnya sanat tarihine isimlerini alt\u0131n harflerle yazd\u0131rm\u0131\u015f \u00fcst\u00fcn yetenekli ressamlar&#8230; \u00c7o\u011funun ad\u0131 birtak\u0131m \u015fehir efsanelerine kar\u0131\u015fm\u0131\u015f. Haklar\u0131nda bir dolu \u015fey s\u00f6yleniyor.Resim sanat\u0131yla ilgilenmeyenler bile bu ressamlar\u0131n tablolar\u0131ndan birini nerede g\u00f6rseler tan\u0131rlar.\u00c7\u00fcnk\u00fc bir \u015fekilde muhakkak bir yerlerde g\u00f6z g\u00f6ze gelmi\u015flerdir.\u0130simleri g\u00f6lgede kalm\u0131\u015f ressamlar\u0131n, d\u00fcnyaca \u00fcnl\u00fc tablolar\u0131 var ederken kat ettikleri yol, a\u015ft\u0131klar\u0131 zorluklar, i\u00e7lerinde verdikleri duygusal m\u00fccadeleler, ba\u015flar\u0131na gelen beklenmedik talihsizlikler, kiminin k\u00f6t\u00fc kaderi, kiminin \u00e7aresizli\u011fi, bir eserin kal\u0131c\u0131l\u0131\u011f\u0131n\u0131 m\u00fcmk\u00fcn k\u0131lan g\u00fc\u00e7l\u00fc fakt\u00f6rlerden birine nas\u0131l d\u00f6n\u00fc\u015fm\u00fc\u015f, \u015fa\u015fk\u0131nl\u0131k i\u00e7inde tan\u0131k olacaks\u0131n\u0131z.Sanat, bo\u015f zamanlar sayesinde ya da can s\u0131k\u0131nt\u0131s\u0131 sonucu varl\u0131k bulmu\u015f me\u015fgalelerden de\u011fildir. Bir adanm\u0131\u015fl\u0131k meselesidir. Bilgiyle, deneyimle, tekrarla ve yarat\u0131c\u0131l\u0131kla ilgilidir. \u0130simleri silinirken eserleri y\u00fczlerce y\u0131l boyunca b\u00fcy\u00fcmeye devam eden sanat\u00e7\u0131lar\u0131n \u00f6l\u00fcms\u00fczl\u00fck u\u011fruna \u00f6dedikleri bedelleri okurken hem hayranl\u0131k duyacak hem de ilhamla dolacaks\u0131n\u0131z.Psikolojik \u00e7\u00f6z\u00fcmlemelerle, bilgiyle ve do\u011fru bilinen yanl\u0131\u015flar\u0131n sorgulamalar\u0131yla dolu bu nefes kesici sanat yolculu\u011fu, sadece sanata d\u00fc\u015fk\u00fcn olanlar i\u00e7in de\u011fil, ya\u015fam\u0131n da bir sanat oldu\u011funun fark\u0131nda olanlar i\u00e7in&#8230;<\/p>\n","protected":false},"excerpt":{"rendered":"<p>Johannes Vermeer, Diego Vel\u00e1zquez, John Constable, Jean Baptiste Camille Corot, Arnold B\u00f6cklin ve \u0130van \u0130vanovi\u00e7 \u015ei\u015fkin&#8230;Her biri d\u00fcnya sanat tarihine isimlerini alt\u0131n harflerle yazd\u0131rm\u0131\u015f \u00fcst\u00fcn yetenekli<span class=\"excerpt-hellip\"> [\u2026]<\/span><\/p>\n","protected":false},"featured_media":0,"template":"","meta":{"_monsterinsights_skip_tracking":false,"_monsterinsights_sitenote_active":false,"_monsterinsights_sitenote_note":"","_monsterinsights_sitenote_category":0},"product_brand":[],"product_cat":[12408,14197],"product_tag":[],"class_list":{"0":"post-724669","1":"product","2":"type-product","3":"status-publish","5":"product_cat-sanat","6":"product_cat-sanat-tarihi","7":"pa_cilt-ciltsiz","8":"pa_tur-kitap","9":"pa_yayinevi-destek-yayinlari","10":"pa_yazar-umberto-arte","12":"first","13":"instock","14":"sale","15":"shipping-taxable","16":"purchasable","17":"product-type-simple"},"_links":{"self":[{"href":"https:\/\/roveyayinevi.com.tr\/index.php\/wp-json\/wp\/v2\/product\/724669","targetHints":{"allow":["GET"]}}],"collection":[{"href":"https:\/\/roveyayinevi.com.tr\/index.php\/wp-json\/wp\/v2\/product"}],"about":[{"href":"https:\/\/roveyayinevi.com.tr\/index.php\/wp-json\/wp\/v2\/types\/product"}],"wp:attachment":[{"href":"https:\/\/roveyayinevi.com.tr\/index.php\/wp-json\/wp\/v2\/media?parent=724669"}],"wp:term":[{"taxonomy":"product_brand","embeddable":true,"href":"https:\/\/roveyayinevi.com.tr\/index.php\/wp-json\/wp\/v2\/product_brand?post=724669"},{"taxonomy":"product_cat","embeddable":true,"href":"https:\/\/roveyayinevi.com.tr\/index.php\/wp-json\/wp\/v2\/product_cat?post=724669"},{"taxonomy":"product_tag","embeddable":true,"href":"https:\/\/roveyayinevi.com.tr\/index.php\/wp-json\/wp\/v2\/product_tag?post=724669"}],"curies":[{"name":"wp","href":"https:\/\/api.w.org\/{rel}","templated":true}]}}