{"id":724668,"date":"2025-08-27T19:38:12","date_gmt":"2025-08-27T16:38:12","guid":{"rendered":"https:\/\/roveyayinevi.com.tr\/index.php\/urun\/ya-hep-beraber-ya-hicbirimiz\/"},"modified":"2026-04-16T02:32:26","modified_gmt":"2026-04-15T23:32:26","slug":"ya-hep-beraber-ya-hicbirimiz","status":"publish","type":"product","link":"https:\/\/roveyayinevi.com.tr\/index.php\/urun\/ya-hep-beraber-ya-hicbirimiz\/","title":{"rendered":"Ya Hep Beraber Ya Hi\u00e7birimiz"},"content":{"rendered":"<p>\u00c7a\u011fda\u015f tiyatronun dehas\u0131d\u0131r Bertolt Brecht&#8230; 20. y\u00fczy\u0131lda tiyatronun geleneksel kal\u0131plar\u0131n\u0131 y\u0131karak yerine koydu\u011fu yepyeni, \u00f6zg\u00fcn, deneysel metotlarla sadece tiyatronun asi ve cesur \u00e7ocu\u011fu olarak kalmad\u0131, oyun, \u015fiir, hik\u00e2ye, d\u00fczyaz\u0131, roman, deneme, inceleme, ele\u015ftiri alan\u0131nda on bin sayfal\u0131k bir k\u00fclliyat b\u0131rakt\u0131 geriye. Bir d\u00f6nemin k\u00fclt\u00fcr tarihini derinden etkilemi\u015f olmas\u0131n\u0131n yan\u0131 s\u0131ra iki d\u00fcnya sava\u015f\u0131 s\u0131\u011fd\u0131rd\u0131\u011f\u0131 hayat\u0131 boyunca eserlerinin yak\u0131l\u0131p uzun y\u0131llar s\u00fcrg\u00fcnlerde ya\u015famas\u0131na kar\u015f\u0131l\u0131k sava\u015f kar\u015f\u0131t\u0131 sert ve kararl\u0131 tutumundan da hi\u00e7bir zaman \u00f6d\u00fcn vermedi. Gen\u00e7 bir nihilist olarak ad\u0131mlar\u0131n\u0131 att\u0131\u011f\u0131 m\u00fccadele dolu hayat\u0131na karakterli bir kom\u00fcnist olarak devam etti. Kirli siyasete hi\u00e7 bula\u015fmadan varl\u0131k g\u00f6sterebildi d\u00fcnya sahnesinde. Hayat\u0131 fikirlerle oldu\u011fu kadar kad\u0131nlarla da doluydu. S\u00fcrg\u00fcnden s\u00fcrg\u00fcne giderken kar\u0131s\u0131yla birlikte sevgililerini de alm\u0131\u015ft\u0131 yan\u0131na. Bir arada kalamazlarsa Hitler fa\u015fizmine kar\u015f\u0131 koyamayacaklar\u0131na inanm\u0131\u015flard\u0131. Birlikte g\u00fc\u00e7l\u00fc, mutsuz ama \u00fcmitliydiler. Brecht\u2019i ve m\u00fccadelesini tan\u0131d\u0131k\u00e7a onun hem hiciv ve isyan dolu hayat\u0131nda hem de her biri bir ya\u015fam tavr\u0131 say\u0131lan yap\u0131tlar\u0131nda yepyeni ufuklar, d\u00fc\u015f\u00fcnceler ve umut bulacaks\u0131n\u0131z. <\/p>\n","protected":false},"excerpt":{"rendered":"<p>\u00c7a\u011fda\u015f tiyatronun dehas\u0131d\u0131r Bertolt Brecht&#8230; 20. y\u00fczy\u0131lda tiyatronun geleneksel kal\u0131plar\u0131n\u0131 y\u0131karak yerine koydu\u011fu yepyeni, \u00f6zg\u00fcn, deneysel metotlarla sadece tiyatronun asi ve cesur \u00e7ocu\u011fu olarak kalmad\u0131, oyun,<span class=\"excerpt-hellip\"> [\u2026]<\/span><\/p>\n","protected":false},"featured_media":0,"template":"","meta":{"_monsterinsights_skip_tracking":false,"_monsterinsights_sitenote_active":false,"_monsterinsights_sitenote_note":"","_monsterinsights_sitenote_category":0},"product_brand":[],"product_cat":[14009,12291],"product_tag":[],"class_list":{"0":"post-724668","1":"product","2":"type-product","3":"status-publish","5":"product_cat-biyografi-otobiyografi-edebiyat","6":"product_cat-edebiyat","7":"pa_cilt-ciltsiz","8":"pa_tur-kitap","9":"pa_yayinevi-destek-yayinlari","10":"pa_yazar-ozlem-esmergul","12":"first","13":"instock","14":"sale","15":"shipping-taxable","16":"purchasable","17":"product-type-simple"},"_links":{"self":[{"href":"https:\/\/roveyayinevi.com.tr\/index.php\/wp-json\/wp\/v2\/product\/724668","targetHints":{"allow":["GET"]}}],"collection":[{"href":"https:\/\/roveyayinevi.com.tr\/index.php\/wp-json\/wp\/v2\/product"}],"about":[{"href":"https:\/\/roveyayinevi.com.tr\/index.php\/wp-json\/wp\/v2\/types\/product"}],"wp:attachment":[{"href":"https:\/\/roveyayinevi.com.tr\/index.php\/wp-json\/wp\/v2\/media?parent=724668"}],"wp:term":[{"taxonomy":"product_brand","embeddable":true,"href":"https:\/\/roveyayinevi.com.tr\/index.php\/wp-json\/wp\/v2\/product_brand?post=724668"},{"taxonomy":"product_cat","embeddable":true,"href":"https:\/\/roveyayinevi.com.tr\/index.php\/wp-json\/wp\/v2\/product_cat?post=724668"},{"taxonomy":"product_tag","embeddable":true,"href":"https:\/\/roveyayinevi.com.tr\/index.php\/wp-json\/wp\/v2\/product_tag?post=724668"}],"curies":[{"name":"wp","href":"https:\/\/api.w.org\/{rel}","templated":true}]}}