{"id":724667,"date":"2025-08-27T19:38:11","date_gmt":"2025-08-27T16:38:11","guid":{"rendered":"https:\/\/roveyayinevi.com.tr\/index.php\/urun\/karanliktan-dogan-aydinlik-midhat-pasa\/"},"modified":"2026-04-16T02:32:26","modified_gmt":"2026-04-15T23:32:26","slug":"karanliktan-dogan-aydinlik-midhat-pasa","status":"publish","type":"product","link":"https:\/\/roveyayinevi.com.tr\/index.php\/urun\/karanliktan-dogan-aydinlik-midhat-pasa\/","title":{"rendered":"Karanl\u0131ktan Do\u011fan Ayd\u0131nl\u0131k &#8211; Midhat Pa\u015fa"},"content":{"rendered":"<p>\u201cY\u00fczy\u0131llard\u0131r karanl\u0131k ma\u011faralarda k\u00f6r kalanlar, a\u00e7t\u0131\u011f\u0131m\u0131z kap\u0131dan yay\u0131lan \u0131\u015f\u0131\u011f\u0131n tesirinden rahats\u0131z olmu\u015flar, kap\u0131y\u0131 yeniden kapatmak i\u00e7in f\u0131rsat kolluyorlard\u0131&#8230;\u201d    Yak\u0131n tarihtekilere \u00e7ok benzer ko\u015fullar alt\u0131nda, birtak\u0131m d\u00fczmece mahkemeler kar\u015f\u0131s\u0131na \u00e7\u0131kar\u0131larak mahk\u00fbm edilen ilk ayd\u0131nlar\u0131m\u0131zdand\u0131r Midhat Pa\u015fa&#8230; Ne yaz\u0131k ki d\u00fcnya tarihinde pek \u00e7ok ayd\u0131n\u0131n ve ilericinin maruz kald\u0131\u011f\u0131 mak\u00fbs bir kadere s\u00fcr\u00fcklenmi\u015ftir onun da hayat\u0131. T\u00fcrk co\u011frafyas\u0131n\u0131n yeti\u015ftirdi\u011fi de\u011ferli bir devlet adam\u0131, iyi bir y\u00f6netici, memleketine sevdal\u0131 bir ayd\u0131nlanmac\u0131 olarak her daim hep ileriye bakm\u0131\u015ft\u0131r Midhat Pa\u015fa&#8230;  Me\u015frutiyet y\u00f6netimine ge\u00e7ebilmek u\u011fruna verdi\u011fi unutulmaz m\u00fccadelesi, ilham ve \u00fcmit doludur. A\u00e7t\u0131\u011f\u0131 okullar, kurdu\u011fu matbaalar, \u00e7\u0131kard\u0131\u011f\u0131 gazeteler, memleketin k\u00fclt\u00fcrel ve sosyal geli\u015fimine yapt\u0131\u011f\u0131 say\u0131s\u0131z de\u011ferli katk\u0131lardan sadece birka\u00e7\u0131d\u0131r.   Ziraat Bankas\u0131\u2019n\u0131n temelini olu\u015fturan yard\u0131m sand\u0131klar\u0131n\u0131n da kurucusu olarak tarih sahnesinde kar\u015f\u0131m\u0131za \u00e7\u0131kan Midhat Pa\u015fa, g\u00fcn\u00fcm\u00fcz T\u00fcrkiye\u2019sinde giderek de\u011fersizle\u015ftirilmi\u015f meslek okullar\u0131n\u0131n ve teknik okullar\u0131n da mimar\u0131d\u0131r.   Mustafa Kemal\u2019in liderli\u011finde kurulan Cumhuriyet\u2019in temel ta\u015flar\u0131n\u0131n d\u00f6\u015fenmesindeki eme\u011fi yads\u0131namayacak g\u00fc\u00e7tedir.   Mustafa Re\u015fit Pa\u015fa\u2019yla ba\u015flay\u0131p Ali, Fuat ve Midhat Pa\u015fa\u2019yla s\u00fcregiden, \u0130ttihat ve Terakki\u2019nin hemen pe\u015finden Mustafa Kemal\u2019in m\u00fccadelesiyle geni\u015fleyen \u00f6zg\u00fcrl\u00fck ve ilericilik yolunun, ne b\u00fcy\u00fck bedeller \u00f6denerek y\u00fcr\u00fcnd\u00fc\u011f\u00fcn\u00fc, y\u0131llar s\u00fcren ara\u015ft\u0131rmalar\u0131n ard\u0131ndan, matemati\u011fi kuvvetli bir roman kurgusunun i\u00e7inde sunan bu kitap, sadece tarihi bir roman de\u011fil, \u00fczeri \u00f6rt\u00fcld\u00fc\u011f\u00fc halde vicdanlar\u0131 rahat b\u0131rakmayan b\u00fcy\u00fck s\u0131rlar\u0131n bir kez daha sorguland\u0131\u011f\u0131 cesur ve tarafl\u0131 bir eserdir. \u0130lericili\u011fin yan\u0131nda duran bir eser&#8230;  Ahmet Vefik Pa\u015fa\u2019n\u0131n me\u015fhur s\u00f6z\u00fcne binaen: Bu memleket ayd\u0131nlara at\u0131lan ta\u015flarla in\u015fa edilmi\u015ftir&#8230; <\/p>\n","protected":false},"excerpt":{"rendered":"<p>\u201cY\u00fczy\u0131llard\u0131r karanl\u0131k ma\u011faralarda k\u00f6r kalanlar, a\u00e7t\u0131\u011f\u0131m\u0131z kap\u0131dan yay\u0131lan \u0131\u015f\u0131\u011f\u0131n tesirinden rahats\u0131z olmu\u015flar, kap\u0131y\u0131 yeniden kapatmak i\u00e7in f\u0131rsat kolluyorlard\u0131&#8230;\u201d Yak\u0131n tarihtekilere \u00e7ok benzer ko\u015fullar alt\u0131nda, birtak\u0131m d\u00fczmece<span class=\"excerpt-hellip\"> [\u2026]<\/span><\/p>\n","protected":false},"featured_media":0,"template":"","meta":{"_monsterinsights_skip_tracking":false,"_monsterinsights_sitenote_active":false,"_monsterinsights_sitenote_note":"","_monsterinsights_sitenote_category":0},"product_brand":[],"product_cat":[14009,12291],"product_tag":[],"class_list":{"0":"post-724667","1":"product","2":"type-product","3":"status-publish","5":"product_cat-biyografi-otobiyografi-edebiyat","6":"product_cat-edebiyat","7":"pa_cilt-ciltsiz","8":"pa_tur-kitap","9":"pa_yayinevi-destek-yayinlari","10":"pa_yazar-sule-aksun","12":"first","13":"instock","14":"sale","15":"shipping-taxable","16":"purchasable","17":"product-type-simple"},"_links":{"self":[{"href":"https:\/\/roveyayinevi.com.tr\/index.php\/wp-json\/wp\/v2\/product\/724667","targetHints":{"allow":["GET"]}}],"collection":[{"href":"https:\/\/roveyayinevi.com.tr\/index.php\/wp-json\/wp\/v2\/product"}],"about":[{"href":"https:\/\/roveyayinevi.com.tr\/index.php\/wp-json\/wp\/v2\/types\/product"}],"wp:attachment":[{"href":"https:\/\/roveyayinevi.com.tr\/index.php\/wp-json\/wp\/v2\/media?parent=724667"}],"wp:term":[{"taxonomy":"product_brand","embeddable":true,"href":"https:\/\/roveyayinevi.com.tr\/index.php\/wp-json\/wp\/v2\/product_brand?post=724667"},{"taxonomy":"product_cat","embeddable":true,"href":"https:\/\/roveyayinevi.com.tr\/index.php\/wp-json\/wp\/v2\/product_cat?post=724667"},{"taxonomy":"product_tag","embeddable":true,"href":"https:\/\/roveyayinevi.com.tr\/index.php\/wp-json\/wp\/v2\/product_tag?post=724667"}],"curies":[{"name":"wp","href":"https:\/\/api.w.org\/{rel}","templated":true}]}}