{"id":724665,"date":"2025-08-27T19:38:10","date_gmt":"2025-08-27T16:38:10","guid":{"rendered":"https:\/\/roveyayinevi.com.tr\/index.php\/urun\/elim-sende-bilmis-bitirmis\/"},"modified":"2026-04-16T02:32:26","modified_gmt":"2026-04-15T23:32:26","slug":"elim-sende-bilmis-bitirmis","status":"publish","type":"product","link":"https:\/\/roveyayinevi.com.tr\/index.php\/urun\/elim-sende-bilmis-bitirmis\/","title":{"rendered":"Elim Sende &#8211; Bilmi\u015f Bitirmi\u015f"},"content":{"rendered":"<p>Yeni bir arkada\u015f\u0131n\u0131z olsun ister misiniz? Ad\u0131 Bilgin, fakat herkes ona Bilmi\u015f diyor. Bilmi\u015f\u2019in ser\u00fcvenlerini okurken sizi nelerin bekledi\u011fini biliyor musunuz?Unutulmaya y\u00fcz tutmu\u015f oyunlar\u0131m\u0131z, dostluk, arkada\u015fl\u0131k, payla\u015fmak ve sahip oldu\u011fumuz de\u011ferlerimiz \u00fczerine dokunakl\u0131 \u00f6yk\u00fcler&#8230;G\u00f6rd\u00fcn\u00fcz ya, bo\u015funa Bilmi\u015f dememi\u015fler ona.<\/p>\n","protected":false},"excerpt":{"rendered":"<p>Yeni bir arkada\u015f\u0131n\u0131z olsun ister misiniz? Ad\u0131 Bilgin, fakat herkes ona Bilmi\u015f diyor. Bilmi\u015f\u2019in ser\u00fcvenlerini okurken sizi nelerin bekledi\u011fini biliyor musunuz?Unutulmaya y\u00fcz tutmu\u015f oyunlar\u0131m\u0131z, dostluk, arkada\u015fl\u0131k,<span class=\"excerpt-hellip\"> [\u2026]<\/span><\/p>\n","protected":false},"featured_media":0,"template":"","meta":{"_monsterinsights_skip_tracking":false,"_monsterinsights_sitenote_active":false,"_monsterinsights_sitenote_note":"","_monsterinsights_sitenote_category":0},"product_brand":[],"product_cat":[12274,12284],"product_tag":[],"class_list":{"0":"post-724665","1":"product","2":"type-product","3":"status-publish","5":"product_cat-cocuk-ve-genclik-kitaplari","6":"product_cat-hikayeler","7":"pa_cilt-ciltsiz","8":"pa_tur-kitap","9":"pa_yayinevi-altin-kitaplar-ozel-urun","10":"pa_yazar-nur-icozu","12":"first","13":"instock","14":"sale","15":"shipping-taxable","16":"purchasable","17":"product-type-simple"},"_links":{"self":[{"href":"https:\/\/roveyayinevi.com.tr\/index.php\/wp-json\/wp\/v2\/product\/724665","targetHints":{"allow":["GET"]}}],"collection":[{"href":"https:\/\/roveyayinevi.com.tr\/index.php\/wp-json\/wp\/v2\/product"}],"about":[{"href":"https:\/\/roveyayinevi.com.tr\/index.php\/wp-json\/wp\/v2\/types\/product"}],"wp:attachment":[{"href":"https:\/\/roveyayinevi.com.tr\/index.php\/wp-json\/wp\/v2\/media?parent=724665"}],"wp:term":[{"taxonomy":"product_brand","embeddable":true,"href":"https:\/\/roveyayinevi.com.tr\/index.php\/wp-json\/wp\/v2\/product_brand?post=724665"},{"taxonomy":"product_cat","embeddable":true,"href":"https:\/\/roveyayinevi.com.tr\/index.php\/wp-json\/wp\/v2\/product_cat?post=724665"},{"taxonomy":"product_tag","embeddable":true,"href":"https:\/\/roveyayinevi.com.tr\/index.php\/wp-json\/wp\/v2\/product_tag?post=724665"}],"curies":[{"name":"wp","href":"https:\/\/api.w.org\/{rel}","templated":true}]}}