{"id":724661,"date":"2025-08-27T19:38:07","date_gmt":"2025-08-27T16:38:07","guid":{"rendered":"https:\/\/roveyayinevi.com.tr\/index.php\/urun\/bir-karakter-yaratmak\/"},"modified":"2026-04-16T02:32:26","modified_gmt":"2026-04-15T23:32:26","slug":"bir-karakter-yaratmak","status":"publish","type":"product","link":"https:\/\/roveyayinevi.com.tr\/index.php\/urun\/bir-karakter-yaratmak\/","title":{"rendered":"Bir Karakter Yaratmak"},"content":{"rendered":"<p>Stanislavski\u2019nin kitab\u0131 sadece tiyatro ile ilgilenenlerin de\u011fil; senaryo, \u00f6yk\u00fc ve roman yazarlar\u0131n\u0131n da ba\u015fucu kitab\u0131 niteli\u011finde\u2026Stanislavski\u2019nin Bir Akt\u00f6r Haz\u0131rlan\u0131yor adl\u0131 eserinde oldu\u011fu gibi bu kitab\u0131n\u0131n da vurgusu, insan do\u011fas\u0131n\u0131n en y\u00fcksek ifade bi\u00e7imi olarak sanat ve bir sanat olarak oyunculuk \u00fczerinedir. D\u00f6n\u00fcp dola\u015f\u0131p insan do\u011fas\u0131n\u0131 mercek alt\u0131na almas\u0131, \u201cStanislavski sistemi\u201d diye bilinen bu yakla\u015f\u0131m\u0131, muadillerinden ay\u0131ran Antaeus dokunu\u015fudur desek yanl\u0131\u015f olmaz. Bu, t\u00fcm teorilerinin temelini olu\u015ftururken onlar\u0131n m\u00fctemadi bir de\u011fi\u015fim i\u00e7inde olmalar\u0131n\u0131n da ba\u015fl\u0131ca sebebidir. \u00c7\u00fcnk\u00fc insan do\u011fas\u0131na her geri d\u00f6n\u00fc\u015f, yeni bir \u015feyler \u00f6\u011frenmek anlam\u0131na gelir. Bu kitapta metodundan \u015fu \u015fekilde bahseder: \u201cBu, hemen \u00fcst\u00fcn\u00fcze ge\u00e7irip sahneye \u00e7\u0131kabilece\u011finiz haz\u0131r bir kost\u00fcm veya tek yapman\u0131z gerekenin ilgili sayfay\u0131 ve tarifi bulmak oldu\u011fu bir yemek kitab\u0131 de\u011fildir. Hay\u0131r, bu sistem, tamam\u0131yla bir ya\u015fam bi\u00e7imidir.\u201dStanislavski\u2019nin amac\u0131; bir oyuncunun, entelekt\u00fcel, fiziksel, ruhsal ve duygusal olmak \u00fczere t\u00fcm potansiyellerini geli\u015ftirmesine yard\u0131mc\u0131 olmakt\u0131r. B\u00f6ylece oyuncu; b\u00fcr\u00fcnece\u011fi rolleri, ger\u00e7ek insanlarm\u0131\u015f, ger\u00e7ek karakterlermi\u015f gibi dolduracak ve bu sayede de izleyicileri kahkahadan tutun da g\u00f6zya\u015flar\u0131na kadar uzanan bir yelpazede unutulmaz duygulara s\u00fcr\u00fckleyecek g\u00fcce sahip olacakt\u0131r.<\/p>\n","protected":false},"excerpt":{"rendered":"<p>Stanislavski\u2019nin kitab\u0131 sadece tiyatro ile ilgilenenlerin de\u011fil; senaryo, \u00f6yk\u00fc ve roman yazarlar\u0131n\u0131n da ba\u015fucu kitab\u0131 niteli\u011finde\u2026Stanislavski\u2019nin Bir Akt\u00f6r Haz\u0131rlan\u0131yor adl\u0131 eserinde oldu\u011fu gibi bu kitab\u0131n\u0131n da<span class=\"excerpt-hellip\"> [\u2026]<\/span><\/p>\n","protected":false},"featured_media":0,"template":"","meta":{"_monsterinsights_skip_tracking":false,"_monsterinsights_sitenote_active":false,"_monsterinsights_sitenote_note":"","_monsterinsights_sitenote_category":0},"product_brand":[],"product_cat":[12409,12408],"product_tag":[],"class_list":{"0":"post-724661","1":"product","2":"type-product","3":"status-publish","5":"product_cat-fotograf-sinema-tiyatro","6":"product_cat-sanat","7":"pa_cilt-ciltsiz","8":"pa_tur-kitap","9":"pa_yayinevi-pozitif-yayinlari","10":"pa_yazar-konstantin-stanislavski","12":"first","13":"instock","14":"sale","15":"shipping-taxable","16":"purchasable","17":"product-type-simple"},"_links":{"self":[{"href":"https:\/\/roveyayinevi.com.tr\/index.php\/wp-json\/wp\/v2\/product\/724661","targetHints":{"allow":["GET"]}}],"collection":[{"href":"https:\/\/roveyayinevi.com.tr\/index.php\/wp-json\/wp\/v2\/product"}],"about":[{"href":"https:\/\/roveyayinevi.com.tr\/index.php\/wp-json\/wp\/v2\/types\/product"}],"wp:attachment":[{"href":"https:\/\/roveyayinevi.com.tr\/index.php\/wp-json\/wp\/v2\/media?parent=724661"}],"wp:term":[{"taxonomy":"product_brand","embeddable":true,"href":"https:\/\/roveyayinevi.com.tr\/index.php\/wp-json\/wp\/v2\/product_brand?post=724661"},{"taxonomy":"product_cat","embeddable":true,"href":"https:\/\/roveyayinevi.com.tr\/index.php\/wp-json\/wp\/v2\/product_cat?post=724661"},{"taxonomy":"product_tag","embeddable":true,"href":"https:\/\/roveyayinevi.com.tr\/index.php\/wp-json\/wp\/v2\/product_tag?post=724661"}],"curies":[{"name":"wp","href":"https:\/\/api.w.org\/{rel}","templated":true}]}}