{"id":724660,"date":"2025-08-27T19:38:06","date_gmt":"2025-08-27T16:38:06","guid":{"rendered":"https:\/\/roveyayinevi.com.tr\/index.php\/urun\/cogito-98-hasta-bir-dunyada-yaslanmak\/"},"modified":"2026-04-16T02:32:26","modified_gmt":"2026-04-15T23:32:26","slug":"cogito-98-hasta-bir-dunyada-yaslanmak","status":"publish","type":"product","link":"https:\/\/roveyayinevi.com.tr\/index.php\/urun\/cogito-98-hasta-bir-dunyada-yaslanmak\/","title":{"rendered":"Cogito 98 \u2013 Hasta Bir D\u00fcnyada Ya\u015flanmak"},"content":{"rendered":"<p>Cogito 98 \u2013 Hasta Bir D\u00fcnyada Ya\u015flanmak   Ya\u015fl\u0131l\u0131k  \u00e7al\u0131\u015fmalar\u0131 ya da gerontoloji, bu dosyadaki sosyolojik makalelerde de \u00f6zellikle vurguland\u0131\u011f\u0131 \u00fczere, T\u00fcrkiye\u2019de derinlemesine \u00e7al\u0131\u015f\u0131lmam\u0131\u015f bir alan. Ya\u015fl\u0131l\u0131k \u00e7al\u0131\u015fmalar\u0131ndaki eksiklikleri, ya\u015flanma s\u00fcrecindeki e\u015fitsizliklerin siyasal, k\u00fclt\u00fcrel ve iktisadi etmenlerini,  sosyoekonomik ve yap\u0131sal sorunlar\u0131 ele alan bu makale ve s\u00f6yle\u015filerde  bir m\u00fccadele alan\u0131 olarak ya\u015fl\u0131l\u0131\u011f\u0131n imk\u00e2nlar\u0131, hak temelli ve e\u015fitlik\u00e7i uygulama talepleri de dile getiriliyor. Dosya bir yandan da ya\u015fl\u0131l\u0131k ve toplumsal cinsiyet ili\u015fkisine, ya\u015fl\u0131l\u0131\u011f\u0131n ruhsal s\u00fcre\u00e7lerine ve ya\u015fl\u0131l\u0131kta psikanalitik \u00e7al\u0131\u015fman\u0131n dinamiklerine, \u201c\u00e7irkin tekrarlar\u201ddan kurtularak ya\u015famla ve yeniyle yeni bir ili\u015fki kurma imk\u00e2nlar\u0131na, sanat\u0131n ve sanat\u00e7\u0131n\u0131n ya\u015fs\u0131zl\u0131\u011f\u0131na odaklanan yaz\u0131larla bu kasvetli zamanlarda ya\u015fl\u0131 olman\u0131n ne anlama geldi\u011fini tekrar d\u00fc\u015f\u00fcnmeye davet ediyor.    Cogito\u2019dan \u2022 Hasta Bir D\u00fcnyada Ya\u015flanmak Necmiye Alpay \u2022 Altm\u0131\u015f Be\u015f Art\u0131 Damgas\u0131 Lynne Segal \u2022 \u201cTemel Ko\u015fullar\u201d \u2013 Birle\u015fik Krall\u0131k\u2019\u0131n Co*vid19 Kar\u015f\u0131s\u0131ndaki Tutumunda Ya\u015flanma veya Ya\u015f Ayr\u0131mc\u0131l\u0131\u011f\u0131 Lynne Segal \u2022 Toplumsal Cinsiyet, Arzu ve Ya\u015flanman\u0131n Skandallar\u0131 Fran\u00e7oise Dastur &#8211; Michel Eltchaninoff \u2022 \u201c\u00d6l\u00fcm kayg\u0131s\u0131 ya\u015fama sevinciyle ba\u011fda\u015fmayan bir \u015fey de\u011fil kesinlikle\u201d Fran\u00e7ois Villa \u2022 Psikanaliz Ya\u015flanma Sorunuyla Kar\u015f\u0131la\u015ft\u0131\u011f\u0131nda Bella Habip \u2022 Psikanalizde Ya\u015fl\u0131l\u0131k Toros G\u00fcne\u015f Esg\u00fcn \u2022 \u201c\u00c7irkin Tekrarlar\u201d\u0131 B\u0131rakmak: Tante Rosa, Ya\u015fl\u0131l\u0131k ve Beauvoir Fisun Yal\u00e7\u0131nkaya \u2022 Sanat\u00e7\u0131n\u0131n Ya\u015fs\u0131zl\u0131\u011f\u0131 ya da \u201cZaman\u0131n\u0131n \u0130lerisinde\u201d Sanat Ay\u015fe G\u00fcnaysu &#8211; Eren Keskin \u2022 \u0130nsan Haklar\u0131 Kimin Haklar\u0131? Co*vid19 Salg\u0131n\u0131 ve Hak \u0130hlalleri \u00d6zg\u00fcr Arun \u2022 E\u015fitsiz Ya\u015flanmak: T\u00fcrkiye\u2019nin Ser\u00fcveni, Alan\u0131n Niteli\u011fi ve Ya\u015flanma G\u00fcndemi Alan Duben \u2022 Ku\u015faklar ve N\u00fcfus Ya\u015flanmas\u0131: Aile, Devlet ve Piyasa G\u00fcl\u00e7in Con Wright \u2022 Ya\u015flanma, Ya\u015fl\u0131l\u0131k ve Ya\u015fl\u0131lar: Kavramsal Tart\u0131\u015fmalar, Toplumsal Alg\u0131lar ve Ya\u015fl\u0131n\u0131n Sosyal Stat\u00fcs\u00fc Merve Tun\u00e7er \u2022 Kriz D\u00f6neminde Ya\u015f\u00e7\u0131l\u0131k: Yeni M\u00fccadele Alanlar\u0131 G\u00f6ksenin \u0130nalhan \u2022 \u0130nsan-Mek\u00e2n-Zaman: Yerinde Ya\u015flanma ve Sa\u011fl\u0131k-Herkes i\u00e7in Ya\u015fan\u0131labilir Kent Mutlu Binark \u2022 E\u015fitsizliklerin Yeniden Tezah\u00fcr\u00fc: Dijital E\u015fitsizlikler ve Ya\u015fl\u0131 Bireyler <\/p>\n","protected":false},"excerpt":{"rendered":"<p>Cogito 98 \u2013 Hasta Bir D\u00fcnyada Ya\u015flanmak Ya\u015fl\u0131l\u0131k \u00e7al\u0131\u015fmalar\u0131 ya da gerontoloji, bu dosyadaki sosyolojik makalelerde de \u00f6zellikle vurguland\u0131\u011f\u0131 \u00fczere, T\u00fcrkiye\u2019de derinlemesine \u00e7al\u0131\u015f\u0131lmam\u0131\u015f bir alan. Ya\u015fl\u0131l\u0131k<span class=\"excerpt-hellip\"> [\u2026]<\/span><\/p>\n","protected":false},"featured_media":0,"template":"","meta":{"_monsterinsights_skip_tracking":false,"_monsterinsights_sitenote_active":false,"_monsterinsights_sitenote_note":"","_monsterinsights_sitenote_category":0},"product_brand":[],"product_cat":[12388],"product_tag":[],"class_list":{"0":"post-724660","1":"product","2":"type-product","3":"status-publish","5":"product_cat-felsefe","6":"pa_cilt-ciltsiz","7":"pa_tur-kitap","8":"pa_yayinevi-yapi-kredi-yayinlari-dergi","9":"pa_yazar-kolektif","11":"first","12":"instock","13":"sale","14":"shipping-taxable","15":"purchasable","16":"product-type-simple"},"_links":{"self":[{"href":"https:\/\/roveyayinevi.com.tr\/index.php\/wp-json\/wp\/v2\/product\/724660","targetHints":{"allow":["GET"]}}],"collection":[{"href":"https:\/\/roveyayinevi.com.tr\/index.php\/wp-json\/wp\/v2\/product"}],"about":[{"href":"https:\/\/roveyayinevi.com.tr\/index.php\/wp-json\/wp\/v2\/types\/product"}],"wp:attachment":[{"href":"https:\/\/roveyayinevi.com.tr\/index.php\/wp-json\/wp\/v2\/media?parent=724660"}],"wp:term":[{"taxonomy":"product_brand","embeddable":true,"href":"https:\/\/roveyayinevi.com.tr\/index.php\/wp-json\/wp\/v2\/product_brand?post=724660"},{"taxonomy":"product_cat","embeddable":true,"href":"https:\/\/roveyayinevi.com.tr\/index.php\/wp-json\/wp\/v2\/product_cat?post=724660"},{"taxonomy":"product_tag","embeddable":true,"href":"https:\/\/roveyayinevi.com.tr\/index.php\/wp-json\/wp\/v2\/product_tag?post=724660"}],"curies":[{"name":"wp","href":"https:\/\/api.w.org\/{rel}","templated":true}]}}