{"id":724657,"date":"2025-08-27T19:38:04","date_gmt":"2025-08-27T16:38:04","guid":{"rendered":"https:\/\/roveyayinevi.com.tr\/index.php\/urun\/babasinin-bir-tanesi\/"},"modified":"2026-04-16T02:32:26","modified_gmt":"2026-04-15T23:32:26","slug":"babasinin-bir-tanesi","status":"publish","type":"product","link":"https:\/\/roveyayinevi.com.tr\/index.php\/urun\/babasinin-bir-tanesi\/","title":{"rendered":"Babas\u0131n\u0131n Bir Tanesi"},"content":{"rendered":"<p>G\u00fczelce \u00f6rt \u00fcst\u00fcn\u00fc, senin yerin benim kalbim. Seni yar\u0131n bug\u00fcnden daha \u00e7ok sevece\u011fim.\u0130lk s\u00f6zc\u00fckler, ilk ad\u0131mlar, ilk oyunlar\u2026 Babas\u0131n\u0131n Bir Tanesi, bizleri bir baba ile \u00e7ocu\u011funu birbirine sonsuza dek ba\u011flayan o sevgi dolu anlara do\u011fru hem duygusal hem de e\u011flenceli bir yolculu\u011fa \u00e7\u0131kar\u0131yor.<\/p>\n","protected":false},"excerpt":{"rendered":"<p>G\u00fczelce \u00f6rt \u00fcst\u00fcn\u00fc, senin yerin benim kalbim. Seni yar\u0131n bug\u00fcnden daha \u00e7ok sevece\u011fim.\u0130lk s\u00f6zc\u00fckler, ilk ad\u0131mlar, ilk oyunlar\u2026 Babas\u0131n\u0131n Bir Tanesi, bizleri bir baba ile \u00e7ocu\u011funu<span class=\"excerpt-hellip\"> [\u2026]<\/span><\/p>\n","protected":false},"featured_media":0,"template":"","meta":{"_monsterinsights_skip_tracking":false,"_monsterinsights_sitenote_active":false,"_monsterinsights_sitenote_note":"","_monsterinsights_sitenote_category":0},"product_brand":[],"product_cat":[12274,12518],"product_tag":[],"class_list":{"0":"post-724657","1":"product","2":"type-product","3":"status-publish","5":"product_cat-cocuk-ve-genclik-kitaplari","6":"product_cat-okul-oncesi-kitaplar","7":"pa_cilt-ciltli","8":"pa_tur-kitap","9":"pa_yayinevi-beyaz-balina-yayinlari","10":"pa_yazar-zack-bush","12":"first","13":"instock","14":"sale","15":"shipping-taxable","16":"purchasable","17":"product-type-simple"},"_links":{"self":[{"href":"https:\/\/roveyayinevi.com.tr\/index.php\/wp-json\/wp\/v2\/product\/724657","targetHints":{"allow":["GET"]}}],"collection":[{"href":"https:\/\/roveyayinevi.com.tr\/index.php\/wp-json\/wp\/v2\/product"}],"about":[{"href":"https:\/\/roveyayinevi.com.tr\/index.php\/wp-json\/wp\/v2\/types\/product"}],"wp:attachment":[{"href":"https:\/\/roveyayinevi.com.tr\/index.php\/wp-json\/wp\/v2\/media?parent=724657"}],"wp:term":[{"taxonomy":"product_brand","embeddable":true,"href":"https:\/\/roveyayinevi.com.tr\/index.php\/wp-json\/wp\/v2\/product_brand?post=724657"},{"taxonomy":"product_cat","embeddable":true,"href":"https:\/\/roveyayinevi.com.tr\/index.php\/wp-json\/wp\/v2\/product_cat?post=724657"},{"taxonomy":"product_tag","embeddable":true,"href":"https:\/\/roveyayinevi.com.tr\/index.php\/wp-json\/wp\/v2\/product_tag?post=724657"}],"curies":[{"name":"wp","href":"https:\/\/api.w.org\/{rel}","templated":true}]}}