{"id":724656,"date":"2025-08-27T19:38:03","date_gmt":"2025-08-27T16:38:03","guid":{"rendered":"https:\/\/roveyayinevi.com.tr\/index.php\/urun\/sevebilen-mutludur\/"},"modified":"2026-04-16T02:32:26","modified_gmt":"2026-04-15T23:32:26","slug":"sevebilen-mutludur","status":"publish","type":"product","link":"https:\/\/roveyayinevi.com.tr\/index.php\/urun\/sevebilen-mutludur\/","title":{"rendered":"Sevebilen Mutludur"},"content":{"rendered":"<p>\u201cYa\u015fama anlam kazand\u0131racak tek \u015fey varsa o da sevgidir. \u015e\u00f6yle ki: Biz ne kadar sevebilir, ne kadar \u00f6zveride bulunma g\u00fcc\u00fcn\u00fc g\u00f6sterebilirsek, ya\u015fam\u0131m\u0131z o \u00f6l\u00e7\u00fcde anlam kazan\u0131r\u201d diyen Hesse\u2019nin yap\u0131t\u0131ndan olu\u015fturulan Sevebilen Mutludur adl\u0131 se\u00e7kide yer alan \u00f6yk\u00fcler, \u015fiirler, masallar, notlar, aforizmalarda, Ben\u2019den Sen\u2019e do\u011fru at\u0131lan ad\u0131m ve i\u00e7 d\u00fcnyan\u0131n itici g\u00fcc\u00fc olarak Sevgi, t\u0131pk\u0131 insan ya\u015fam\u0131n\u0131n evrensel tarihindeki gibi leitmotiv olma \u00f6zelli\u011fi ta\u015f\u0131yor.  Ba\u015fka ba\u015fka bulgularla deneyimlenebilen, tan\u0131mlanabilen ve anlamland\u0131r\u0131labilen Sevgi\u2019nin varolma bi\u00e7imleri Hesse\u2019nin s\u00f6zc\u00fck paletiyle kendi rengini buluyor. Yumu\u015fak g\u00fc\u00e7l\u00fcd\u00fcr sertten. Su g\u00fc\u00e7l\u00fcd\u00fcr kayadan. Sevgi g\u00fc\u00e7l\u00fcd\u00fcr \u015fiddetten. <\/p>\n","protected":false},"excerpt":{"rendered":"<p>\u201cYa\u015fama anlam kazand\u0131racak tek \u015fey varsa o da sevgidir. \u015e\u00f6yle ki: Biz ne kadar sevebilir, ne kadar \u00f6zveride bulunma g\u00fcc\u00fcn\u00fc g\u00f6sterebilirsek, ya\u015fam\u0131m\u0131z o \u00f6l\u00e7\u00fcde anlam kazan\u0131r\u201d<span class=\"excerpt-hellip\"> [\u2026]<\/span><\/p>\n","protected":false},"featured_media":0,"template":"","meta":{"_monsterinsights_skip_tracking":false,"_monsterinsights_sitenote_active":false,"_monsterinsights_sitenote_note":"","_monsterinsights_sitenote_category":0},"product_brand":[],"product_cat":[12777,12291],"product_tag":[],"class_list":{"0":"post-724656","1":"product","2":"type-product","3":"status-publish","5":"product_cat-deneme","6":"product_cat-edebiyat","7":"pa_cilt-ciltsiz","8":"pa_tur-kitap","9":"pa_yayinevi-yapi-kredi-yayinlari","10":"pa_yazar-hermann-hesse","12":"first","13":"instock","14":"sale","15":"shipping-taxable","16":"purchasable","17":"product-type-simple"},"_links":{"self":[{"href":"https:\/\/roveyayinevi.com.tr\/index.php\/wp-json\/wp\/v2\/product\/724656","targetHints":{"allow":["GET"]}}],"collection":[{"href":"https:\/\/roveyayinevi.com.tr\/index.php\/wp-json\/wp\/v2\/product"}],"about":[{"href":"https:\/\/roveyayinevi.com.tr\/index.php\/wp-json\/wp\/v2\/types\/product"}],"wp:attachment":[{"href":"https:\/\/roveyayinevi.com.tr\/index.php\/wp-json\/wp\/v2\/media?parent=724656"}],"wp:term":[{"taxonomy":"product_brand","embeddable":true,"href":"https:\/\/roveyayinevi.com.tr\/index.php\/wp-json\/wp\/v2\/product_brand?post=724656"},{"taxonomy":"product_cat","embeddable":true,"href":"https:\/\/roveyayinevi.com.tr\/index.php\/wp-json\/wp\/v2\/product_cat?post=724656"},{"taxonomy":"product_tag","embeddable":true,"href":"https:\/\/roveyayinevi.com.tr\/index.php\/wp-json\/wp\/v2\/product_tag?post=724656"}],"curies":[{"name":"wp","href":"https:\/\/api.w.org\/{rel}","templated":true}]}}