{"id":724655,"date":"2025-08-27T19:38:02","date_gmt":"2025-08-27T16:38:02","guid":{"rendered":"https:\/\/roveyayinevi.com.tr\/index.php\/urun\/kararsizlar-dagitidiktan-sonra\/"},"modified":"2026-04-16T02:32:26","modified_gmt":"2026-04-15T23:32:26","slug":"kararsizlar-dagitidiktan-sonra","status":"publish","type":"product","link":"https:\/\/roveyayinevi.com.tr\/index.php\/urun\/kararsizlar-dagitidiktan-sonra\/","title":{"rendered":"Karars\u0131zlar Da\u011f\u0131t\u0131d\u0131ktan Sonra"},"content":{"rendered":"<p>\u00d6yle de\u011fil ki uyand\u0131\u011f\u0131n her sabahSana bakt\u0131\u011f\u0131m g\u00fcnlerin ard\u0131nda kalmakU\u00e7urumlar\u0131m\u0131 \u00e7i\u011fniyor sinemde dola\u015fan kuzgun\u0130\u00e7imdeki ta\u015f ya\u011fmuru, i\u00e7imdeki recm, i\u00e7imdeki ku\u015f uykusu\u0130\u00e7imdeki yurtsuzluk, koynumdaki as\u0131rl\u0131k \u00fcryanVe kamburum beni s\u0131rtlan\u0131r.Ekmek baba olunca daha s\u0131cak, daha tela\u015fl\u0131 ve daha \u00e7ok!Daha \u00e7ok ekmek, \u00fczg\u00fcnl\u00fc\u011f\u00fcm\u00fcz daha \u00e7ok, daha \u00e7ok \u00f6l\u00fcm ve al\u0131\u015fmakG\u00f6mlek ceplerimize doldurdu\u011fumuz \u015fa\u015fk\u0131nl\u0131k, bir heves ve ya\u015famakE\u011fer s\u0131ra bizimse, r\u00f6lans.\u015eifas\u0131 olmayan bir yarad\u0131r d\u00fcnya! <\/p>\n","protected":false},"excerpt":{"rendered":"<p>\u00d6yle de\u011fil ki uyand\u0131\u011f\u0131n her sabahSana bakt\u0131\u011f\u0131m g\u00fcnlerin ard\u0131nda kalmakU\u00e7urumlar\u0131m\u0131 \u00e7i\u011fniyor sinemde dola\u015fan kuzgun\u0130\u00e7imdeki ta\u015f ya\u011fmuru, i\u00e7imdeki recm, i\u00e7imdeki ku\u015f uykusu\u0130\u00e7imdeki yurtsuzluk, koynumdaki as\u0131rl\u0131k \u00fcryanVe kamburum<span class=\"excerpt-hellip\"> [\u2026]<\/span><\/p>\n","protected":false},"featured_media":0,"template":"","meta":{"_monsterinsights_skip_tracking":false,"_monsterinsights_sitenote_active":false,"_monsterinsights_sitenote_note":"","_monsterinsights_sitenote_category":0},"product_brand":[],"product_cat":[12291,12509],"product_tag":[],"class_list":{"0":"post-724655","1":"product","2":"type-product","3":"status-publish","5":"product_cat-edebiyat","6":"product_cat-siir","7":"pa_cilt-ciltsiz","8":"pa_tur-kitap","9":"pa_yayinevi-profil-kitap","10":"pa_yazar-guven-adiguzel","12":"first","13":"instock","14":"sale","15":"shipping-taxable","16":"purchasable","17":"product-type-simple"},"_links":{"self":[{"href":"https:\/\/roveyayinevi.com.tr\/index.php\/wp-json\/wp\/v2\/product\/724655","targetHints":{"allow":["GET"]}}],"collection":[{"href":"https:\/\/roveyayinevi.com.tr\/index.php\/wp-json\/wp\/v2\/product"}],"about":[{"href":"https:\/\/roveyayinevi.com.tr\/index.php\/wp-json\/wp\/v2\/types\/product"}],"wp:attachment":[{"href":"https:\/\/roveyayinevi.com.tr\/index.php\/wp-json\/wp\/v2\/media?parent=724655"}],"wp:term":[{"taxonomy":"product_brand","embeddable":true,"href":"https:\/\/roveyayinevi.com.tr\/index.php\/wp-json\/wp\/v2\/product_brand?post=724655"},{"taxonomy":"product_cat","embeddable":true,"href":"https:\/\/roveyayinevi.com.tr\/index.php\/wp-json\/wp\/v2\/product_cat?post=724655"},{"taxonomy":"product_tag","embeddable":true,"href":"https:\/\/roveyayinevi.com.tr\/index.php\/wp-json\/wp\/v2\/product_tag?post=724655"}],"curies":[{"name":"wp","href":"https:\/\/api.w.org\/{rel}","templated":true}]}}