{"id":724654,"date":"2025-08-27T19:38:01","date_gmt":"2025-08-27T16:38:01","guid":{"rendered":"https:\/\/roveyayinevi.com.tr\/index.php\/urun\/lise-ogretmeni-pedersenin-ulkemize-musallat-olan-buyuk-siyasi-uyanisa-dair-anlatisi\/"},"modified":"2026-04-16T02:32:26","modified_gmt":"2026-04-15T23:32:26","slug":"lise-ogretmeni-pedersenin-ulkemize-musallat-olan-buyuk-siyasi-uyanisa-dair-anlatisi","status":"publish","type":"product","link":"https:\/\/roveyayinevi.com.tr\/index.php\/urun\/lise-ogretmeni-pedersenin-ulkemize-musallat-olan-buyuk-siyasi-uyanisa-dair-anlatisi\/","title":{"rendered":"Lise \u00d6\u011fretmeni Pedersen\u2019in \u00dclkemize Musallat Olan B\u00fcy\u00fck Siyasi Uyan\u0131\u015fa Dair Anlat\u0131s\u0131"},"content":{"rendered":"<p>\u00c7i\u00e7e\u011fi burnunda \u00f6\u011fretmen Knut Pedersen ilk g\u00f6rev yeri olan ta\u015fra kasabas\u0131na geldi\u011finde, hayalleri aile kurman\u0131n ve sayg\u0131n bir \u00f6\u011fretmen olarak sade bir hayat s\u00fcrd\u00fcrmenin \u00f6tesine uzanmaz. Ne var ki y\u0131llardan 1968\u2019dir ve d\u00fcnyan\u0131n d\u00f6rt bir yan\u0131nda esen de\u011fi\u015fim r\u00fczg\u00e2r\u0131 Norve\u00e7\u2019in ta\u015fras\u0131na da ula\u015fm\u0131\u015ft\u0131r: Pedersen okulda ya\u015fayaca\u011f\u0131 beklenmedik bir olaydan sonra gittik\u00e7e b\u00fcy\u00fcyen bir siyasi harekete kap\u0131laca\u011f\u0131ndan ve hayat\u0131n\u0131 ba\u015fka t\u00fcrl\u00fc ama\u00e7lara adayaca\u011f\u0131ndan habersizdir. Dag Solstad T\u00fcrk\u00e7edeki yolculu\u011funa Mahcubiyet ve Haysiyet\u2019le unutulmaz bir ba\u015flang\u0131\u00e7 yapm\u0131\u015f, okurlardan b\u00fcy\u00fck ilgi g\u00f6rm\u00fc\u015ft\u00fc. \u015eimdiyse lise \u00f6\u011fretmeni Pedersen\u2019in \u015fahs\u0131nda b\u00fct\u00fcn bir ku\u015fa\u011f\u0131n hayallerini, d\u00fcnyay\u0131 de\u011fi\u015ftirme arzusunu, ma\u011flubiyetten sonraki \u015fa\u015fk\u0131nl\u0131\u011f\u0131n\u0131 ve i\u00e7 hesapla\u015fmalar\u0131n\u0131 bazen h\u00fcz\u00fcn bazen mizahla, ama hep tutkuyla anlat\u0131yor.   \u201cB\u00fct\u00fcn s\u00f6ylentiler do\u011fru \u00e7\u0131kt\u0131: Solstad vazge\u00e7ilmez bir romanc\u0131.\u201d -Charles Finch, New York Times Book Review   \u201cNorve\u00e7\u2019in tart\u0131\u015fmas\u0131z en cesur ve en zeki yazar\u0131.\u201d -Per Petterson   \u201cSolstad\u2019\u0131n dili, eski g\u00f6r\u00fcnen yeni bir zarafetle par\u0131ldar ve taklit edilemeyen, enerji dolu, kendine \u00f6zg\u00fc bir \u0131\u015f\u0131lt\u0131 yayar.\u201d -Karl Ove Knausgaard<\/p>\n","protected":false},"excerpt":{"rendered":"<p>\u00c7i\u00e7e\u011fi burnunda \u00f6\u011fretmen Knut Pedersen ilk g\u00f6rev yeri olan ta\u015fra kasabas\u0131na geldi\u011finde, hayalleri aile kurman\u0131n ve sayg\u0131n bir \u00f6\u011fretmen olarak sade bir hayat s\u00fcrd\u00fcrmenin \u00f6tesine uzanmaz.<span class=\"excerpt-hellip\"> [\u2026]<\/span><\/p>\n","protected":false},"featured_media":0,"template":"","meta":{"_monsterinsights_skip_tracking":false,"_monsterinsights_sitenote_active":false,"_monsterinsights_sitenote_note":"","_monsterinsights_sitenote_category":0},"product_brand":[],"product_cat":[12291,12711],"product_tag":[],"class_list":{"0":"post-724654","1":"product","2":"type-product","3":"status-publish","5":"product_cat-edebiyat","6":"product_cat-roman-oyku","7":"pa_cilt-ciltsiz","8":"pa_tur-kitap","9":"pa_yayinevi-yapi-kredi-yayinlari","10":"pa_yazar-dag-solstad","12":"first","13":"instock","14":"sale","15":"shipping-taxable","16":"purchasable","17":"product-type-simple"},"_links":{"self":[{"href":"https:\/\/roveyayinevi.com.tr\/index.php\/wp-json\/wp\/v2\/product\/724654","targetHints":{"allow":["GET"]}}],"collection":[{"href":"https:\/\/roveyayinevi.com.tr\/index.php\/wp-json\/wp\/v2\/product"}],"about":[{"href":"https:\/\/roveyayinevi.com.tr\/index.php\/wp-json\/wp\/v2\/types\/product"}],"wp:attachment":[{"href":"https:\/\/roveyayinevi.com.tr\/index.php\/wp-json\/wp\/v2\/media?parent=724654"}],"wp:term":[{"taxonomy":"product_brand","embeddable":true,"href":"https:\/\/roveyayinevi.com.tr\/index.php\/wp-json\/wp\/v2\/product_brand?post=724654"},{"taxonomy":"product_cat","embeddable":true,"href":"https:\/\/roveyayinevi.com.tr\/index.php\/wp-json\/wp\/v2\/product_cat?post=724654"},{"taxonomy":"product_tag","embeddable":true,"href":"https:\/\/roveyayinevi.com.tr\/index.php\/wp-json\/wp\/v2\/product_tag?post=724654"}],"curies":[{"name":"wp","href":"https:\/\/api.w.org\/{rel}","templated":true}]}}