{"id":724652,"date":"2025-08-27T19:37:59","date_gmt":"2025-08-27T16:37:59","guid":{"rendered":"https:\/\/roveyayinevi.com.tr\/index.php\/urun\/varolusculuk-i\/"},"modified":"2026-04-16T02:32:26","modified_gmt":"2026-04-15T23:32:26","slug":"varolusculuk-i","status":"publish","type":"product","link":"https:\/\/roveyayinevi.com.tr\/index.php\/urun\/varolusculuk-i\/","title":{"rendered":"Varolu\u015fculuk I"},"content":{"rendered":"<p>Hasan B\u00fclent KahramanVarolu\u015f\u00e7ulu\u011fun T\u00fcrkiye Ser\u00fcveni: Huzursuzlu\u011fun Varolu\u015f\u00e7ulu\u011fu Varolu\u015f\u00e7ulu\u011fun Huzursuzlu\u011fuU\/MUTSUZLUK: KIERKEGAARDYasemin Ak\u0131\u015f YamanBenli\u011fin \u00d6l\u00fcmc\u00fcl Hastal\u0131\u011f\u0131: UmutsuzlukS\u00f8ren KierkegaardEn Mutsuz Olan \u03a3\u03c5\u03bc\u03c0\u03b1\u03c1\u03b1\u03bd\u03b5\u03ba\u03c1\u03c9\u03bc\u03b5\u03bd\u03bf\u03b9 i\u00e7in Co\u015fkulu Bir Konu\u015fma Cuma Toplant\u0131lar\u0131nda Sonu\u00e7 S\u00f6ylevi\u201c\u0130NSAN \u00d6ZG\u00dcRL\u00dc\u011eE MAHK\u00dbMDUR\u201d: JEAN-PAUL SARTRESenem Kurtar\u201c\u00d6zg\u00fcrl\u00fck Tanr\u0131 Olma Arzusudur!\u201d Jean-Paul Sartre\u2019\u0131n Mutlak ve Radikal M\u00fccadelesiAta DevrimSartre\u2019\u0131n Varolu\u015f\u00e7uluk Felsefesinin Ele\u015ftirisiHilmi YavuzSartre ve \u2018K\u00fcn\u2019 Emri [Varl\u0131k\u2019\u0131n \u00d6z\u2019den \u00d6nce Geli\u015fi\u2019nin E\u015f\u2019\u00e2r\u00ee ve Mutezile Kel\u00e2m\u0131na G\u00f6re Yeniden \u0130n\u015fas\u0131 \u00dczerine Notlar]HANG\u0130 TA\u015eI KALDIRSANCem Yavuz\u00d6zg\u00fcvarl\u0131k ile Pan\u00e1nekomodin \u00a1JASPERSH. Haluk ErdemKarl Jaspers ve \u201cM\u00fcmk\u00fcn Varolu\u015f\u201dun Felsefesi\u201c\u00d6Z\u201d VE \u201cVAROLU\u015e\u201dNecati Erbil Ert\u00fcrkD\u00fc\u015fman Karde\u015fler: Bilim ve Varolu\u015f\u00e7uluk Neden ve Nas\u0131l Birbirlerine \u0130htiya\u00e7 Duyarlar?Kadir PektezelVarolu\u015fsal \u0130zd\u00fc\u015f\u00fcm\u00fcn \u0130mk\u00e2n PerspektifiVAROLU\u015e\u00c7U PS\u0130KOTERAP\u0130Ferhat Jak \u0130\u00e7\u00f6zFelsefeden Seans Odas\u0131na, Oradan da Hayata: Bir Varolu\u015f\u00e7uluk \u00d6yk\u00fcs\u00fcEDEB\u0130YATP\u0131nar AkaBaudelaire ve \u015eiirin Varolu\u015f Bi\u00e7imleri\u00d6zg\u00fcr Taburo\u011fluBeckett Anlat\u0131lar\u0131nda Varolu\u015f Sorunlar\u0131<\/p>\n","protected":false},"excerpt":{"rendered":"<p>Hasan B\u00fclent KahramanVarolu\u015f\u00e7ulu\u011fun T\u00fcrkiye Ser\u00fcveni: Huzursuzlu\u011fun Varolu\u015f\u00e7ulu\u011fu Varolu\u015f\u00e7ulu\u011fun Huzursuzlu\u011fuU\/MUTSUZLUK: KIERKEGAARDYasemin Ak\u0131\u015f YamanBenli\u011fin \u00d6l\u00fcmc\u00fcl Hastal\u0131\u011f\u0131: UmutsuzlukS\u00f8ren KierkegaardEn Mutsuz Olan \u03a3\u03c5\u03bc\u03c0\u03b1\u03c1\u03b1\u03bd\u03b5\u03ba\u03c1\u03c9\u03bc\u03b5\u03bd\u03bf\u03b9 i\u00e7in Co\u015fkulu Bir Konu\u015fma Cuma Toplant\u0131lar\u0131nda Sonu\u00e7<span class=\"excerpt-hellip\"> [\u2026]<\/span><\/p>\n","protected":false},"featured_media":0,"template":"","meta":{"_monsterinsights_skip_tracking":false,"_monsterinsights_sitenote_active":false,"_monsterinsights_sitenote_note":"","_monsterinsights_sitenote_category":0},"product_brand":[],"product_cat":[13527],"product_tag":[],"class_list":{"0":"post-724652","1":"product","2":"type-product","3":"status-publish","5":"product_cat-sureli-yayinlar","6":"pa_cilt-ciltsiz","7":"pa_tur-dergi","8":"pa_yayinevi-dogu-bati-yayinlari","9":"pa_yazar-kolektif","11":"first","12":"instock","13":"sale","14":"shipping-taxable","15":"purchasable","16":"product-type-simple"},"_links":{"self":[{"href":"https:\/\/roveyayinevi.com.tr\/index.php\/wp-json\/wp\/v2\/product\/724652","targetHints":{"allow":["GET"]}}],"collection":[{"href":"https:\/\/roveyayinevi.com.tr\/index.php\/wp-json\/wp\/v2\/product"}],"about":[{"href":"https:\/\/roveyayinevi.com.tr\/index.php\/wp-json\/wp\/v2\/types\/product"}],"wp:attachment":[{"href":"https:\/\/roveyayinevi.com.tr\/index.php\/wp-json\/wp\/v2\/media?parent=724652"}],"wp:term":[{"taxonomy":"product_brand","embeddable":true,"href":"https:\/\/roveyayinevi.com.tr\/index.php\/wp-json\/wp\/v2\/product_brand?post=724652"},{"taxonomy":"product_cat","embeddable":true,"href":"https:\/\/roveyayinevi.com.tr\/index.php\/wp-json\/wp\/v2\/product_cat?post=724652"},{"taxonomy":"product_tag","embeddable":true,"href":"https:\/\/roveyayinevi.com.tr\/index.php\/wp-json\/wp\/v2\/product_tag?post=724652"}],"curies":[{"name":"wp","href":"https:\/\/api.w.org\/{rel}","templated":true}]}}