{"id":724651,"date":"2025-08-27T19:37:59","date_gmt":"2025-08-27T16:37:59","guid":{"rendered":"https:\/\/roveyayinevi.com.tr\/index.php\/urun\/obsesif-kompulsif-bozukluk-calisma-kitabi\/"},"modified":"2026-04-16T02:32:26","modified_gmt":"2026-04-15T23:32:26","slug":"obsesif-kompulsif-bozukluk-calisma-kitabi","status":"publish","type":"product","link":"https:\/\/roveyayinevi.com.tr\/index.php\/urun\/obsesif-kompulsif-bozukluk-calisma-kitabi\/","title":{"rendered":"Obsesif Kompulsif Bozukluk \u00c7al\u0131\u015fma Kitab\u0131"},"content":{"rendered":"<p>ak\u0131nt\u0131l\u0131 Zorlant\u0131lar\u0131n\u0131zdan Kurtulman\u0131z i\u00e7in RehberinizObsesif-kompulsif bozuklu\u011funuz (OKB) varsa, \u0131srarc\u0131 tak\u0131nt\u0131l\u0131 d\u00fc\u015f\u00fcnceler ve zaman al\u0131c\u0131 zorlant\u0131lar (kompulsiyonlar) hayat\u0131n tam anlam\u0131yla tad\u0131na varman\u0131z\u0131 \u00f6nleyebilir. Ayn\u0131 zamanda korktu\u011funuz \u015feylerden ka\u00e7\u0131nma al\u0131\u015fkanl\u0131\u011f\u0131n\u0131z oldu\u011funda, bunlarla do\u011frudan y\u00fczle\u015fme fikri korkutucu ve zor gelebilir.Obsesif-Kompulsif Bozukluk \u00c7al\u0131\u015fma Kitab\u0131, OKB\u2019li bir\u00e7ok ki\u015finin s\u0131k\u0131nt\u0131 veren OKB belirtilerinden kurtulmalar\u0131n\u0131 ve verimli bir ya\u015fam umudunu tekrar kazanmalar\u0131na \u00f6nemli \u00f6l\u00e7\u00fcde katk\u0131da bulunuyor.Bu kitap, ilerlemenize yard\u0131mc\u0131 olabilecek, etkinli\u011fi kan\u0131tlanm\u0131\u015f kendine yard\u0131m teknikleriyle birlikte hemen kullanmaya ba\u015flayabilece\u011finiz g\u00fcnl\u00fck ba\u015fetme stratejilerini i\u00e7eriyor.<\/p>\n","protected":false},"excerpt":{"rendered":"<p>ak\u0131nt\u0131l\u0131 Zorlant\u0131lar\u0131n\u0131zdan Kurtulman\u0131z i\u00e7in RehberinizObsesif-kompulsif bozuklu\u011funuz (OKB) varsa, \u0131srarc\u0131 tak\u0131nt\u0131l\u0131 d\u00fc\u015f\u00fcnceler ve zaman al\u0131c\u0131 zorlant\u0131lar (kompulsiyonlar) hayat\u0131n tam anlam\u0131yla tad\u0131na varman\u0131z\u0131 \u00f6nleyebilir. Ayn\u0131 zamanda korktu\u011funuz \u015feylerden<span class=\"excerpt-hellip\"> [\u2026]<\/span><\/p>\n","protected":false},"featured_media":0,"template":"","meta":{"_monsterinsights_skip_tracking":false,"_monsterinsights_sitenote_active":false,"_monsterinsights_sitenote_note":"","_monsterinsights_sitenote_category":0},"product_brand":[],"product_cat":[14787,13488],"product_tag":[],"class_list":{"0":"post-724651","1":"product","2":"type-product","3":"status-publish","5":"product_cat-diger-toplum-ve-insan","6":"product_cat-toplum-ve-insan","7":"pa_cilt-ciltsiz","8":"pa_tur-kitap","9":"pa_yayinevi-psikonet-yayinlari","10":"pa_yazar-bruce-m-hayman-cherry-pedrick","12":"first","13":"instock","14":"sale","15":"shipping-taxable","16":"purchasable","17":"product-type-simple"},"_links":{"self":[{"href":"https:\/\/roveyayinevi.com.tr\/index.php\/wp-json\/wp\/v2\/product\/724651","targetHints":{"allow":["GET"]}}],"collection":[{"href":"https:\/\/roveyayinevi.com.tr\/index.php\/wp-json\/wp\/v2\/product"}],"about":[{"href":"https:\/\/roveyayinevi.com.tr\/index.php\/wp-json\/wp\/v2\/types\/product"}],"wp:attachment":[{"href":"https:\/\/roveyayinevi.com.tr\/index.php\/wp-json\/wp\/v2\/media?parent=724651"}],"wp:term":[{"taxonomy":"product_brand","embeddable":true,"href":"https:\/\/roveyayinevi.com.tr\/index.php\/wp-json\/wp\/v2\/product_brand?post=724651"},{"taxonomy":"product_cat","embeddable":true,"href":"https:\/\/roveyayinevi.com.tr\/index.php\/wp-json\/wp\/v2\/product_cat?post=724651"},{"taxonomy":"product_tag","embeddable":true,"href":"https:\/\/roveyayinevi.com.tr\/index.php\/wp-json\/wp\/v2\/product_tag?post=724651"}],"curies":[{"name":"wp","href":"https:\/\/api.w.org\/{rel}","templated":true}]}}