{"id":724650,"date":"2025-08-27T19:37:58","date_gmt":"2025-08-27T16:37:58","guid":{"rendered":"https:\/\/roveyayinevi.com.tr\/index.php\/urun\/kuyruklu-yildiz-altinda-bir-izdivac-7\/"},"modified":"2026-04-16T02:32:26","modified_gmt":"2026-04-15T23:32:26","slug":"kuyruklu-yildiz-altinda-bir-izdivac-7","status":"publish","type":"product","link":"https:\/\/roveyayinevi.com.tr\/index.php\/urun\/kuyruklu-yildiz-altinda-bir-izdivac-7\/","title":{"rendered":"Kuyruklu Y\u0131ld\u0131z Alt\u0131nda Bir \u0130zdiva\u00e7"},"content":{"rendered":"<p>Kuyruklu Y\u0131ld\u0131z Alt\u0131nda Bir \u0130zdiva\u00e7, T\u00fcrk edebiyat\u0131n\u0131n romanc\u0131l\u0131k konusundaki kilometre ta\u015flar\u0131ndan H\u00fcseyin Rahmi G\u00fcrp\u0131nar\u2019\u0131n \u00f6nemli eserlerinden biridir. Romanda, Halley kuyruklu y\u0131ld\u0131z\u0131n\u0131n d\u00fcnyaya \u00e7arpaca\u011f\u0131 s\u00f6ylentisiyle geli\u015fen olaylar\u0131 anlatan H. R. G\u00fcrp\u0131nar, bat\u0131l inan\u00e7lara sahip mahalle sakinlerinin tepkisini ve bilimsel d\u00fc\u015f\u00fcnceden uzak davran\u0131\u015flar\u0131n g\u00fcl\u00fcn\u00e7 yanlar\u0131n\u0131 g\u00f6zler \u00f6n\u00fcne serer. Kuyruklu Y\u0131ld\u0131z Alt\u0131nda Bir \u0130zdiva\u00e7 1910\u2019lar\u0131n \u0130stanbul\u2019unu ve semt sakinlerini duyarl\u0131 bir \u015fekilde betimlemekte ve d\u00f6nemin sosyal hayat\u0131n\u0131 ger\u00e7ek\u00e7i bir \u015fekilde yans\u0131tmaktad\u0131r.<\/p>\n","protected":false},"excerpt":{"rendered":"<p>Kuyruklu Y\u0131ld\u0131z Alt\u0131nda Bir \u0130zdiva\u00e7, T\u00fcrk edebiyat\u0131n\u0131n romanc\u0131l\u0131k konusundaki kilometre ta\u015flar\u0131ndan H\u00fcseyin Rahmi G\u00fcrp\u0131nar\u2019\u0131n \u00f6nemli eserlerinden biridir. Romanda, Halley kuyruklu y\u0131ld\u0131z\u0131n\u0131n d\u00fcnyaya \u00e7arpaca\u011f\u0131 s\u00f6ylentisiyle geli\u015fen olaylar\u0131<span class=\"excerpt-hellip\"> [\u2026]<\/span><\/p>\n","protected":false},"featured_media":0,"template":"","meta":{"_monsterinsights_skip_tracking":false,"_monsterinsights_sitenote_active":false,"_monsterinsights_sitenote_note":"","_monsterinsights_sitenote_category":0},"product_brand":[],"product_cat":[12291,12711],"product_tag":[],"class_list":{"0":"post-724650","1":"product","2":"type-product","3":"status-publish","5":"product_cat-edebiyat","6":"product_cat-roman-oyku","7":"pa_cilt-ciltsiz","8":"pa_tur-kitap","9":"pa_yayinevi-remzi-kitabevi","10":"pa_yazar-huseyin-rahmi-gurpinar","12":"first","13":"instock","14":"sale","15":"shipping-taxable","16":"purchasable","17":"product-type-simple"},"_links":{"self":[{"href":"https:\/\/roveyayinevi.com.tr\/index.php\/wp-json\/wp\/v2\/product\/724650","targetHints":{"allow":["GET"]}}],"collection":[{"href":"https:\/\/roveyayinevi.com.tr\/index.php\/wp-json\/wp\/v2\/product"}],"about":[{"href":"https:\/\/roveyayinevi.com.tr\/index.php\/wp-json\/wp\/v2\/types\/product"}],"wp:attachment":[{"href":"https:\/\/roveyayinevi.com.tr\/index.php\/wp-json\/wp\/v2\/media?parent=724650"}],"wp:term":[{"taxonomy":"product_brand","embeddable":true,"href":"https:\/\/roveyayinevi.com.tr\/index.php\/wp-json\/wp\/v2\/product_brand?post=724650"},{"taxonomy":"product_cat","embeddable":true,"href":"https:\/\/roveyayinevi.com.tr\/index.php\/wp-json\/wp\/v2\/product_cat?post=724650"},{"taxonomy":"product_tag","embeddable":true,"href":"https:\/\/roveyayinevi.com.tr\/index.php\/wp-json\/wp\/v2\/product_tag?post=724650"}],"curies":[{"name":"wp","href":"https:\/\/api.w.org\/{rel}","templated":true}]}}