{"id":724647,"date":"2025-08-27T19:37:56","date_gmt":"2025-08-27T16:37:56","guid":{"rendered":"https:\/\/roveyayinevi.com.tr\/index.php\/urun\/insan-anligi-uzerine-bir-deneme\/"},"modified":"2026-04-16T02:32:26","modified_gmt":"2026-04-15T23:32:26","slug":"insan-anligi-uzerine-bir-deneme","status":"publish","type":"product","link":"https:\/\/roveyayinevi.com.tr\/index.php\/urun\/insan-anligi-uzerine-bir-deneme\/","title":{"rendered":"\u0130nsan Anl\u0131\u011f\u0131 \u00dczerine Bir Deneme"},"content":{"rendered":"<p>Tarihin b\u00fcy\u00fck filozoflar\u0131ndan John Locke, ilk olarak 1690\u2019da bas\u0131lm\u0131\u015f \u0130nsan Anl\u0131\u011f\u0131 \u00dczerine Bir Deneme\u2019de matematiksel, do\u011fa bilimsel, din\u00ee ve ahlak\u00ee bilgileri nas\u0131l \u00f6\u011frendi\u011fimize dair kapsaml\u0131 bir analiz yapar. Baz\u0131 bilgilerin bizde do\u011fu\u015ftan bulundu\u011funu savunan teoriyi reddederek Locke, bilginin duyumlar ve deneyimlerle elde edildi\u011fini, ak\u0131l sayesinde \u00e7\u00f6z\u00fcmlendi\u011fini ve geli\u015fti\u011fini savunur. Bu \u00f6nemli iddialar\u0131n\u0131 g\u00fc\u00e7l\u00fc bir sa\u011fduyuyla savunurken uzay ve zaman, anlam, \u00f6zg\u00fcr irade ve kimlik \u00fczerine bir\u00e7ok \u00f6nemli d\u00fc\u015f\u00fcncesini de belirtmekten geri kalmaz. Sonu\u00e7ta Deneme, Descartes\u2019\u0131n \u00e7al\u0131\u015fmalar\u0131yla birlikte modern felsefe i\u00e7in g\u00fcndemi b\u00fcy\u00fck \u00f6l\u00e7\u00fcde belirleyen etkili, \u00f6nc\u00fc bir i\u015f olarak ortaya \u00e7\u0131km\u0131\u015ft\u0131r.  <\/p>\n","protected":false},"excerpt":{"rendered":"<p>Tarihin b\u00fcy\u00fck filozoflar\u0131ndan John Locke, ilk olarak 1690\u2019da bas\u0131lm\u0131\u015f \u0130nsan Anl\u0131\u011f\u0131 \u00dczerine Bir Deneme\u2019de matematiksel, do\u011fa bilimsel, din\u00ee ve ahlak\u00ee bilgileri nas\u0131l \u00f6\u011frendi\u011fimize dair kapsaml\u0131 bir<span class=\"excerpt-hellip\"> [\u2026]<\/span><\/p>\n","protected":false},"featured_media":0,"template":"","meta":{"_monsterinsights_skip_tracking":false,"_monsterinsights_sitenote_active":false,"_monsterinsights_sitenote_note":"","_monsterinsights_sitenote_category":0},"product_brand":[],"product_cat":[12389,12388],"product_tag":[],"class_list":{"0":"post-724647","1":"product","2":"type-product","3":"status-publish","5":"product_cat-diger-felsefe","6":"product_cat-felsefe","7":"pa_cilt-ciltsiz","8":"pa_tur-kitap","9":"pa_yayinevi-serbest-kitaplar","10":"pa_yazar-john-locke","12":"first","13":"instock","14":"sale","15":"shipping-taxable","16":"purchasable","17":"product-type-simple"},"_links":{"self":[{"href":"https:\/\/roveyayinevi.com.tr\/index.php\/wp-json\/wp\/v2\/product\/724647","targetHints":{"allow":["GET"]}}],"collection":[{"href":"https:\/\/roveyayinevi.com.tr\/index.php\/wp-json\/wp\/v2\/product"}],"about":[{"href":"https:\/\/roveyayinevi.com.tr\/index.php\/wp-json\/wp\/v2\/types\/product"}],"wp:attachment":[{"href":"https:\/\/roveyayinevi.com.tr\/index.php\/wp-json\/wp\/v2\/media?parent=724647"}],"wp:term":[{"taxonomy":"product_brand","embeddable":true,"href":"https:\/\/roveyayinevi.com.tr\/index.php\/wp-json\/wp\/v2\/product_brand?post=724647"},{"taxonomy":"product_cat","embeddable":true,"href":"https:\/\/roveyayinevi.com.tr\/index.php\/wp-json\/wp\/v2\/product_cat?post=724647"},{"taxonomy":"product_tag","embeddable":true,"href":"https:\/\/roveyayinevi.com.tr\/index.php\/wp-json\/wp\/v2\/product_tag?post=724647"}],"curies":[{"name":"wp","href":"https:\/\/api.w.org\/{rel}","templated":true}]}}