{"id":724646,"date":"2025-08-27T19:37:55","date_gmt":"2025-08-27T16:37:55","guid":{"rendered":"https:\/\/roveyayinevi.com.tr\/index.php\/urun\/bir-omur-dusunmek\/"},"modified":"2026-04-16T02:32:26","modified_gmt":"2026-04-15T23:32:26","slug":"bir-omur-dusunmek","status":"publish","type":"product","link":"https:\/\/roveyayinevi.com.tr\/index.php\/urun\/bir-omur-dusunmek\/","title":{"rendered":"Bir \u00d6m\u00fcr D\u00fc\u015f\u00fcnmek"},"content":{"rendered":"<p>Profesyonel olarak felsefe ve felsefecilerle ilgili olmayanlar\u0131n en b\u00fcy\u00fck \u015fik\u00e2yeti felsefenin pratik hayattan kopuk oldu\u011fu serzeni\u015fidir. \u201cAnla\u015f\u0131lmaz\u201d problemleri daha da \u201canla\u015f\u0131lmaz\u201d kavramlarla ifade eden metinler, felsefeye ilgi duymay\u0131 dahi korkulu bir s\u00fcre\u00e7 haline getirmeye yetmi\u015ftir. Ahmet Arslan felsefeye kar\u015f\u0131 bu t\u00fcr basmakal\u0131p ithamlar\u0131n canl\u0131 reddiyesidir. Arslan, kitaplar\u0131nda her g\u00fcn kar\u015f\u0131la\u015ft\u0131\u011f\u0131m\u0131z ama \u00e7o\u011funlukla fark\u0131na varmad\u0131\u011f\u0131m\u0131z felsef\u00ee problemleri basit bir konu\u015fma diliyle ama derinli\u011fi kaybetmeden okuyucusuna aktarmas\u0131yla me\u015fhurdur. Antik felsefe ve \u0130slam felsefesi \u00fczerine d\u00fc\u015f\u00fcnmek isteyen herkesin yolu bir \u015fekilde Ahmet Arslan\u2019dan ge\u00e7er. Ama bu s\u00f6yle\u015fimizde Arslan bize sadece felsefenin ne oldu\u011funu de\u011fil ama bir felsefeci gibi ya\u015faman\u0131n ve d\u00fc\u015f\u00fcnmenin ne oldu\u011funu anlat\u0131yor. Bu sayede nadiren rastlanan zengin bir tecr\u00fcbe, okumay\u0131 ve d\u00fc\u015f\u00fcnmeyi seven herkesin eri\u015fimine a\u00e7\u0131l\u0131yor. Ahmet Arslan\u2019\u0131n hayat\u0131 ve d\u00fc\u015f\u00fcnceleri ile felsefenin ve T\u00fcrkiye\u2019nin problemlerini tart\u0131\u015ft\u0131\u011f\u0131m\u0131z bu kitapla, felsefe ile sahici bir ili\u015fki kurman\u0131n ne oldu\u011funu aktar\u0131yoruz.  <\/p>\n","protected":false},"excerpt":{"rendered":"<p>Profesyonel olarak felsefe ve felsefecilerle ilgili olmayanlar\u0131n en b\u00fcy\u00fck \u015fik\u00e2yeti felsefenin pratik hayattan kopuk oldu\u011fu serzeni\u015fidir. \u201cAnla\u015f\u0131lmaz\u201d problemleri daha da \u201canla\u015f\u0131lmaz\u201d kavramlarla ifade eden metinler, felsefeye<span class=\"excerpt-hellip\"> [\u2026]<\/span><\/p>\n","protected":false},"featured_media":0,"template":"","meta":{"_monsterinsights_skip_tracking":false,"_monsterinsights_sitenote_active":false,"_monsterinsights_sitenote_note":"","_monsterinsights_sitenote_category":0},"product_brand":[],"product_cat":[12291,30969],"product_tag":[],"class_list":{"0":"post-724646","1":"product","2":"type-product","3":"status-publish","5":"product_cat-edebiyat","6":"product_cat-soylesi-edebiyat","7":"pa_cilt-ciltsiz","8":"pa_tur-kitap","9":"pa_yayinevi-serbest-kitaplar","10":"pa_yazar-ahmet-arslan","12":"first","13":"instock","14":"sale","15":"shipping-taxable","16":"purchasable","17":"product-type-simple"},"_links":{"self":[{"href":"https:\/\/roveyayinevi.com.tr\/index.php\/wp-json\/wp\/v2\/product\/724646","targetHints":{"allow":["GET"]}}],"collection":[{"href":"https:\/\/roveyayinevi.com.tr\/index.php\/wp-json\/wp\/v2\/product"}],"about":[{"href":"https:\/\/roveyayinevi.com.tr\/index.php\/wp-json\/wp\/v2\/types\/product"}],"wp:attachment":[{"href":"https:\/\/roveyayinevi.com.tr\/index.php\/wp-json\/wp\/v2\/media?parent=724646"}],"wp:term":[{"taxonomy":"product_brand","embeddable":true,"href":"https:\/\/roveyayinevi.com.tr\/index.php\/wp-json\/wp\/v2\/product_brand?post=724646"},{"taxonomy":"product_cat","embeddable":true,"href":"https:\/\/roveyayinevi.com.tr\/index.php\/wp-json\/wp\/v2\/product_cat?post=724646"},{"taxonomy":"product_tag","embeddable":true,"href":"https:\/\/roveyayinevi.com.tr\/index.php\/wp-json\/wp\/v2\/product_tag?post=724646"}],"curies":[{"name":"wp","href":"https:\/\/api.w.org\/{rel}","templated":true}]}}