{"id":724645,"date":"2025-08-27T19:37:54","date_gmt":"2025-08-27T16:37:54","guid":{"rendered":"https:\/\/roveyayinevi.com.tr\/index.php\/urun\/7-afet-ko-rona\/"},"modified":"2026-04-16T02:32:26","modified_gmt":"2026-04-15T23:32:26","slug":"7-afet-ko-rona","status":"publish","type":"product","link":"https:\/\/roveyayinevi.com.tr\/index.php\/urun\/7-afet-ko-rona\/","title":{"rendered":"7. Afet Ko rona"},"content":{"rendered":"<p>7. Afet Ko rona kitab\u0131,\u00c7ocuklar\u0131n bilmesi ve korunmas\u0131 gereken yedi afeti anlatan D\u00fcnya d\u00f6nd\u00fck\u00e7e ke\u015ffet serisidir.Sel, deprem, yang\u0131n, \u00e7\u0131\u011f, salg\u0131n hasal\u0131klar, f\u0131rt\u0131nadan korunma yollar\u0131.Bu kitap hem \u00f6\u011fretiyor, hem e\u011fitiyor.Her kitap sonunda \u00f6\u011fretici etkinliklerle birlikte. \u00d6\u011fretmenler, bu kitap ile s\u0131n\u0131fta bir \u00e7ok etkinlik ger\u00e7ekle\u015ftirebilirler. <\/p>\n","protected":false},"excerpt":{"rendered":"<p>7. Afet Ko rona kitab\u0131,\u00c7ocuklar\u0131n bilmesi ve korunmas\u0131 gereken yedi afeti anlatan D\u00fcnya d\u00f6nd\u00fck\u00e7e ke\u015ffet serisidir.Sel, deprem, yang\u0131n, \u00e7\u0131\u011f, salg\u0131n hasal\u0131klar, f\u0131rt\u0131nadan korunma yollar\u0131.Bu kitap hem<span class=\"excerpt-hellip\"> [\u2026]<\/span><\/p>\n","protected":false},"featured_media":0,"template":"","meta":{"_monsterinsights_skip_tracking":false,"_monsterinsights_sitenote_active":false,"_monsterinsights_sitenote_note":"","_monsterinsights_sitenote_category":0},"product_brand":[],"product_cat":[12275,12274],"product_tag":[],"class_list":{"0":"post-724645","1":"product","2":"type-product","3":"status-publish","5":"product_cat-6-12-yas-kitaplari","6":"product_cat-cocuk-ve-genclik-kitaplari","7":"pa_cilt-ciltsiz","8":"pa_tur-kitap","9":"pa_yayinevi-patikitap-yayinlari","10":"pa_yazar-inci-candan","12":"first","13":"instock","14":"sale","15":"shipping-taxable","16":"purchasable","17":"product-type-simple"},"_links":{"self":[{"href":"https:\/\/roveyayinevi.com.tr\/index.php\/wp-json\/wp\/v2\/product\/724645","targetHints":{"allow":["GET"]}}],"collection":[{"href":"https:\/\/roveyayinevi.com.tr\/index.php\/wp-json\/wp\/v2\/product"}],"about":[{"href":"https:\/\/roveyayinevi.com.tr\/index.php\/wp-json\/wp\/v2\/types\/product"}],"wp:attachment":[{"href":"https:\/\/roveyayinevi.com.tr\/index.php\/wp-json\/wp\/v2\/media?parent=724645"}],"wp:term":[{"taxonomy":"product_brand","embeddable":true,"href":"https:\/\/roveyayinevi.com.tr\/index.php\/wp-json\/wp\/v2\/product_brand?post=724645"},{"taxonomy":"product_cat","embeddable":true,"href":"https:\/\/roveyayinevi.com.tr\/index.php\/wp-json\/wp\/v2\/product_cat?post=724645"},{"taxonomy":"product_tag","embeddable":true,"href":"https:\/\/roveyayinevi.com.tr\/index.php\/wp-json\/wp\/v2\/product_tag?post=724645"}],"curies":[{"name":"wp","href":"https:\/\/api.w.org\/{rel}","templated":true}]}}