{"id":724644,"date":"2025-08-27T19:37:54","date_gmt":"2025-08-27T16:37:54","guid":{"rendered":"https:\/\/roveyayinevi.com.tr\/index.php\/urun\/egitimin-amaclari-egitimde-reform-cagrisi\/"},"modified":"2026-04-16T02:32:26","modified_gmt":"2026-04-15T23:32:26","slug":"egitimin-amaclari-egitimde-reform-cagrisi","status":"publish","type":"product","link":"https:\/\/roveyayinevi.com.tr\/index.php\/urun\/egitimin-amaclari-egitimde-reform-cagrisi\/","title":{"rendered":"E\u011fitimin Ama\u00e7lar\u0131 &#8211; E\u011fitimde Reform \u00c7a\u011fr\u0131s\u0131"},"content":{"rendered":"<p>E\u011fitimde klasiklerin yeri nedir? Latince ve Yunanca insan mutlulu\u011funa ne gibi bir hizmet sunabilir? \u0130deal matematik e\u011fitimi nas\u0131l olmal\u0131d\u0131r? Geometrinin pratikle ba\u011f\u0131 nas\u0131l kurulur? Mant\u0131k hayata uygulanabilir mi? Estetik duygu ve ya\u015fam sanat\u0131n\u0131n e\u011fitimle ba\u011f\u0131 nedir? Liberal bir e\u011fitim neyi ama\u00e7lamal\u0131d\u0131r?   B\u00fct\u00fcn bu sorular\u0131n ele al\u0131nd\u0131\u011f\u0131 bu kitapta Whitehead, t\u00fcm \u00f6\u011fretmenlere ve e\u011fitimcilere iki \u015feyi sal\u0131k verir; &#8220;Az \u015fey \u00f6\u011fret&#8221; ve &#8220;Konunun hayatla ba\u011f\u0131n\u0131 kur.&#8221;   Whitehead&#8217;e g\u00f6re e\u011fitimin amac\u0131, d\u00fc\u015f\u00fcnce ve eylemin birlikteli\u011fidir; eylemlerin d\u00fc\u015f\u00fcnce taraf\u0131ndan kontrol edilmesi ve d\u00fc\u015f\u00fcncelerin eylemle sonu\u00e7lanmas\u0131d\u0131r. Hepsinden \u00f6te, d\u00fc\u015f\u00fcncede ve eylemde de\u011ferli olan \u015feyi hissetmedir. \u00dcniversitelerin g\u00f6revi ise d\u00fc\u015f\u00fcnceye; onun bilgi i\u00e7eri\u011fine, estetik kavray\u0131\u015f\u0131na ve ele\u015ftirel aktivitesine k\u0131lavuzluk etmektir.  Elinizdeki kitap, ingiliz filozof Alfred North Whitehead&#8217;in e\u011fitim yaz\u0131lar\u0131ndan olu\u015fmaktad\u0131r. Ancak di\u011fer t\u00fcm kitaplar\u0131nda oldu\u011fu gibi,  Whitehead, kendini tek bir konu ile s\u0131n\u0131rlamaz; sosyoloji, tarih ve medeniyet kuram\u0131, bu eserde de i\u00e7 i\u00e7erdir.<\/p>\n","protected":false},"excerpt":{"rendered":"<p>E\u011fitimde klasiklerin yeri nedir? Latince ve Yunanca insan mutlulu\u011funa ne gibi bir hizmet sunabilir? \u0130deal matematik e\u011fitimi nas\u0131l olmal\u0131d\u0131r? Geometrinin pratikle ba\u011f\u0131 nas\u0131l kurulur? Mant\u0131k hayata<span class=\"excerpt-hellip\"> [\u2026]<\/span><\/p>\n","protected":false},"featured_media":0,"template":"","meta":{"_monsterinsights_skip_tracking":false,"_monsterinsights_sitenote_active":false,"_monsterinsights_sitenote_note":"","_monsterinsights_sitenote_category":0},"product_brand":[],"product_cat":[12389,12388],"product_tag":[],"class_list":{"0":"post-724644","1":"product","2":"type-product","3":"status-publish","5":"product_cat-diger-felsefe","6":"product_cat-felsefe","7":"pa_cilt-ciltsiz","8":"pa_tur-kitap","9":"pa_yayinevi-fol-kitap","10":"pa_yazar-alfred-north-whitehead","12":"first","13":"instock","14":"sale","15":"shipping-taxable","16":"purchasable","17":"product-type-simple"},"_links":{"self":[{"href":"https:\/\/roveyayinevi.com.tr\/index.php\/wp-json\/wp\/v2\/product\/724644","targetHints":{"allow":["GET"]}}],"collection":[{"href":"https:\/\/roveyayinevi.com.tr\/index.php\/wp-json\/wp\/v2\/product"}],"about":[{"href":"https:\/\/roveyayinevi.com.tr\/index.php\/wp-json\/wp\/v2\/types\/product"}],"wp:attachment":[{"href":"https:\/\/roveyayinevi.com.tr\/index.php\/wp-json\/wp\/v2\/media?parent=724644"}],"wp:term":[{"taxonomy":"product_brand","embeddable":true,"href":"https:\/\/roveyayinevi.com.tr\/index.php\/wp-json\/wp\/v2\/product_brand?post=724644"},{"taxonomy":"product_cat","embeddable":true,"href":"https:\/\/roveyayinevi.com.tr\/index.php\/wp-json\/wp\/v2\/product_cat?post=724644"},{"taxonomy":"product_tag","embeddable":true,"href":"https:\/\/roveyayinevi.com.tr\/index.php\/wp-json\/wp\/v2\/product_tag?post=724644"}],"curies":[{"name":"wp","href":"https:\/\/api.w.org\/{rel}","templated":true}]}}