{"id":724642,"date":"2025-08-27T19:37:52","date_gmt":"2025-08-27T16:37:52","guid":{"rendered":"https:\/\/roveyayinevi.com.tr\/index.php\/urun\/yenilenebilir-enerji-ve-muhasebe-uygulamalari\/"},"modified":"2026-04-16T02:32:26","modified_gmt":"2026-04-15T23:32:26","slug":"yenilenebilir-enerji-ve-muhasebe-uygulamalari","status":"publish","type":"product","link":"https:\/\/roveyayinevi.com.tr\/index.php\/urun\/yenilenebilir-enerji-ve-muhasebe-uygulamalari\/","title":{"rendered":"Yenilenebilir Enerji ve Muhasebe Uygulamalar\u0131"},"content":{"rendered":"<p>1.      Birinci B\u00f6l\u00fcm &#8211; Enerji Kavram\u0131 1.1   Enerji Tan\u0131m\u0131 1.2   Enerji Kaynaklar\u0131 2.      Yenilenemeyen Enerji Kaynaklar\u0131 2.1   Fosil Enerji Kaynaklar\u0131 2.2   N\u00fckleer Enerji Kaynaklar\u0131 3.      Yenilenebilir Enerji Kaynaklar\u0131 3.1   G\u00fcne\u015f Enerjisi 3.2   R\u00fczgar Enerjisi 3.3   Jeotermal Enerji 3.4   Hidroelektrik Enerji 3.5   Biyok\u00fctle Enerjisi 3.6   Dalga Enerjisi 3.7   Hidrojen Enerjisi 4.      \u0130kinci B\u00f6l\u00fcm \u2013 D\u00fcnya\u2019da Yenilenebilir Enerji Kaynaklar\u0131 5.      T\u00fcrkiye\u2019de Yenilenebilir Enerji Kaynaklar\u0131 5.1   T\u00fcrkiye\u2019de G\u00fcne\u015f Enerjisi 5.2   T\u00fcrkiye\u2019de R\u00fczgar Enerjisi 5.3   T\u00fcrkiye\u2019de Jeotermal Enerji 5.4   T\u00fcrkiye\u2019de Hidroelektrik Enerji 5.5   T\u00fcrkiye\u2019de Biyok\u00fctle Enerjisi 5.6   T\u00fcrkiye\u2019nin Yenilenebilir Enerjiye \u0130li\u015fkin Politikalar\u0131 6.      \u00dc\u00e7\u00fcnc\u00fc B\u00f6l\u00fcm \u2013 Yenilenebilir Enerji \u00dcretim Maliyetleri 6.1   G\u00fcne\u015f Enerjisi \u00dcretimine \u0130li\u015fkin Maliyetler 6.2   R\u00fczgar Enerjisi \u00dcretimine \u0130li\u015fkin Maliyetler 6.3   Biyok\u00fctle Enerjisi \u00dcretimine \u0130li\u015fkin Maliyetler 7.      Yenilenebilir Enerji \u00dcretimine \u0130li\u015fkin Muhasebe Uygulamalar\u0131n\u0131n MUSGT\/VUK-TFRS-BOB\u0130 FRS A\u00e7\u0131s\u0131ndan De\u011ferlendirilmesi 7.1   Ara\u015ft\u0131rma Geli\u015ftirme Giderleri 7.2   Maddi Olmayan Duran Varl\u0131klar \u0130\u00e7in \u0130tfa 7.3   Bor\u00e7lanma Maliyetleri 7.4   Kurulu\u015f ve \u00d6rg\u00fctlenme Giderleri 7.5   Duran Varl\u0131klar\u0131n Muhasebele\u015ftirilmesi 7.6   Amortismanlar 7.7   \u00d6zel Maliyet Niteli\u011findeki Harcamalar 7.8   Lisans Belgeleri 7.9   Ertelenmi\u015f Vergi 7.10 Enerji \u00dcretiminin S\u0131n\u0131fland\u0131r\u0131lmas\u0131 8.      Yenilenebilir Enerji \u00dcretim \u0130\u015fletmelerinde Muhasebe Uygulamalar\u0131 8.1   R\u00fczgar Enerji \u00dcretim \u0130\u015fletmesinin Muhasebe Uygulamalar\u0131 8.2   G\u00fcne\u015f Enerjisi \u00dcretim \u0130\u015fletmesinin Muhasebe Uygulamalar\u0131 8.3   Biyok\u00fctle Enerjisi \u00dcretim \u0130\u015fletmesinin Muhasebe Uygulamalar\u0131   <\/p>\n","protected":false},"excerpt":{"rendered":"<p>1. Birinci B\u00f6l\u00fcm &#8211; Enerji Kavram\u0131 1.1 Enerji Tan\u0131m\u0131 1.2 Enerji Kaynaklar\u0131 2. Yenilenemeyen Enerji Kaynaklar\u0131 2.1 Fosil Enerji Kaynaklar\u0131 2.2 N\u00fckleer Enerji Kaynaklar\u0131 3. Yenilenebilir<span class=\"excerpt-hellip\"> [\u2026]<\/span><\/p>\n","protected":false},"featured_media":0,"template":"","meta":{"_monsterinsights_skip_tracking":false,"_monsterinsights_sitenote_active":false,"_monsterinsights_sitenote_note":"","_monsterinsights_sitenote_category":0},"product_brand":[],"product_cat":[13043,14381],"product_tag":[],"class_list":{"0":"post-724642","1":"product","2":"type-product","3":"status-publish","5":"product_cat-ekonomi","6":"product_cat-isletme-muhasebe-maliye","7":"pa_cilt-ciltsiz","8":"pa_tur-kitap","9":"pa_yayinevi-gazi-kitabevi","10":"pa_yazar-birsel-sabuncu","12":"first","13":"instock","14":"sale","15":"shipping-taxable","16":"purchasable","17":"product-type-simple"},"_links":{"self":[{"href":"https:\/\/roveyayinevi.com.tr\/index.php\/wp-json\/wp\/v2\/product\/724642","targetHints":{"allow":["GET"]}}],"collection":[{"href":"https:\/\/roveyayinevi.com.tr\/index.php\/wp-json\/wp\/v2\/product"}],"about":[{"href":"https:\/\/roveyayinevi.com.tr\/index.php\/wp-json\/wp\/v2\/types\/product"}],"wp:attachment":[{"href":"https:\/\/roveyayinevi.com.tr\/index.php\/wp-json\/wp\/v2\/media?parent=724642"}],"wp:term":[{"taxonomy":"product_brand","embeddable":true,"href":"https:\/\/roveyayinevi.com.tr\/index.php\/wp-json\/wp\/v2\/product_brand?post=724642"},{"taxonomy":"product_cat","embeddable":true,"href":"https:\/\/roveyayinevi.com.tr\/index.php\/wp-json\/wp\/v2\/product_cat?post=724642"},{"taxonomy":"product_tag","embeddable":true,"href":"https:\/\/roveyayinevi.com.tr\/index.php\/wp-json\/wp\/v2\/product_tag?post=724642"}],"curies":[{"name":"wp","href":"https:\/\/api.w.org\/{rel}","templated":true}]}}