{"id":724641,"date":"2025-08-27T19:37:51","date_gmt":"2025-08-27T16:37:51","guid":{"rendered":"https:\/\/roveyayinevi.com.tr\/index.php\/urun\/tasarim-uygulama-ornekleriyle-cocuk-oyunlari-ve-oyuncaklari\/"},"modified":"2026-04-16T02:32:26","modified_gmt":"2026-04-15T23:32:26","slug":"tasarim-uygulama-ornekleriyle-cocuk-oyunlari-ve-oyuncaklari","status":"publish","type":"product","link":"https:\/\/roveyayinevi.com.tr\/index.php\/urun\/tasarim-uygulama-ornekleriyle-cocuk-oyunlari-ve-oyuncaklari\/","title":{"rendered":"Tasar\u0131m Uygulama \u00d6rnekleriyle \u00c7ocuk Oyunlar\u0131 ve Oyuncaklar\u0131"},"content":{"rendered":"<p>1.      Oyun ve Oyuncak Kavramlar\u0131, Oyunun \u00d6nemi ve \u00c7ocuk Geli\u015fimine Katk\u0131s\u0131 1.1   Oyun ve Oyuncak Kavram\u0131 1.2   Oyunun \u00d6nemi ve \u00c7ocuk Geli\u015fimine Katk\u0131s\u0131 a. Oyunun \u00c7ocucu\u011fun Fiziksel Geli\u015fimine Etkisi b.Oyunun \u00c7ocu\u011fun Psiko-Motor Geli\u015fimine Etkisi c. Oyunun \u00c7ocu\u011fun Zihinsel Geli\u015fimine Etkisi d.Oyunun \u00c7ocu\u011fun Sosyal Geli\u015fimine Etkisi e. Oyunun \u00c7ocu\u011fun Dil Geli\u015fimine Etkisi f.  Oyunun \u00c7ocu\u011fun Duygusal Geli\u015fimine Etkisi g.Oyunun \u00c7ocu\u011fun K\u00fclt\u00fcrel Geli\u015fimine Etkisi 2.      Oyunlar 2.1   Mendil Kapmaca 2.2   Yakar Top 2.3   \u0130stop 2.4   A\u015f\u0131k Oyunu 2.5   Saklamba\u00e7 \u2013 G\u00f6z\u00fcmba\u00e7 2.6   Kulaktan Kula\u011fa 2.7   \u00dc\u00e7gen \u0130p Atlama 2.8   Sek Sek 2.9   Yedi Kiremit-Tombik 2.10 Be\u015fta\u015f-\u00c7opba\u015f 2.11 K\u00f6rebe 2.12 \u00c7elik \u00c7omak 2.13 \u00c7ember \u00c7evirme 2.14 Cicoz 2.15 \u0130\u015fim-\u015eehir 2.16 Halat (Kendir) \u00c7ekme 2.17 Elim Sende Oyunu 2.18 Sos 2.19 A\u00e7 Kap\u0131y\u0131 Bezirgan Ba\u015f\u0131 2.20 Kabak 2.21 K\u0131rm\u0131z\u0131-Beyaz 2.22 Nesi Var 2.23 Topa\u00e7 \u00c7evirme 2.24 Birdirbir 2.25 Bom 2.26 Dokuzta\u015f Oyunu 2.27 Sa\u011f Satar\u0131m Bal Satar\u0131m 2.28 K\u00f6\u015fe Kapmaca 2.29 \u00c7uval Yar\u0131\u015f\u0131 3.      Oyuncaklar 3.1   \u00c7ivi Futbolu 3.2   Sapan 3.3   U\u00e7urtma 3.4   Tahta Ka\u015f\u0131ktan Kukla 3.5   F\u0131rf\u0131r 3.6   Tuzluk 3.7   R\u00fczgar G\u00fcl\u00fc 3.8   Parmak Kukla 3.9   Manc\u0131n\u0131k 3.10 Frizbi   <\/p>\n","protected":false},"excerpt":{"rendered":"<p>1. Oyun ve Oyuncak Kavramlar\u0131, Oyunun \u00d6nemi ve \u00c7ocuk Geli\u015fimine Katk\u0131s\u0131 1.1 Oyun ve Oyuncak Kavram\u0131 1.2 Oyunun \u00d6nemi ve \u00c7ocuk Geli\u015fimine Katk\u0131s\u0131 a. Oyunun \u00c7ocucu\u011fun<span class=\"excerpt-hellip\"> [\u2026]<\/span><\/p>\n","protected":false},"featured_media":0,"template":"","meta":{"_monsterinsights_skip_tracking":false,"_monsterinsights_sitenote_active":false,"_monsterinsights_sitenote_note":"","_monsterinsights_sitenote_category":0},"product_brand":[],"product_cat":[15563,15564],"product_tag":[],"class_list":{"0":"post-724641","1":"product","2":"type-product","3":"status-publish","5":"product_cat-hobi","6":"product_cat-spor","7":"pa_cilt-ciltsiz","8":"pa_tur-kitap","9":"pa_yayinevi-gazi-kitabevi","10":"pa_yazar-kolektif","12":"first","13":"instock","14":"sale","15":"shipping-taxable","16":"purchasable","17":"product-type-simple"},"_links":{"self":[{"href":"https:\/\/roveyayinevi.com.tr\/index.php\/wp-json\/wp\/v2\/product\/724641","targetHints":{"allow":["GET"]}}],"collection":[{"href":"https:\/\/roveyayinevi.com.tr\/index.php\/wp-json\/wp\/v2\/product"}],"about":[{"href":"https:\/\/roveyayinevi.com.tr\/index.php\/wp-json\/wp\/v2\/types\/product"}],"wp:attachment":[{"href":"https:\/\/roveyayinevi.com.tr\/index.php\/wp-json\/wp\/v2\/media?parent=724641"}],"wp:term":[{"taxonomy":"product_brand","embeddable":true,"href":"https:\/\/roveyayinevi.com.tr\/index.php\/wp-json\/wp\/v2\/product_brand?post=724641"},{"taxonomy":"product_cat","embeddable":true,"href":"https:\/\/roveyayinevi.com.tr\/index.php\/wp-json\/wp\/v2\/product_cat?post=724641"},{"taxonomy":"product_tag","embeddable":true,"href":"https:\/\/roveyayinevi.com.tr\/index.php\/wp-json\/wp\/v2\/product_tag?post=724641"}],"curies":[{"name":"wp","href":"https:\/\/api.w.org\/{rel}","templated":true}]}}