{"id":724640,"date":"2025-08-27T19:37:51","date_gmt":"2025-08-27T16:37:51","guid":{"rendered":"https:\/\/roveyayinevi.com.tr\/index.php\/urun\/reform-serisi-anayasa-hukuku-genel-esaslar-turk-anayasa-hukuku-anayasa-yargisi\/"},"modified":"2026-04-16T02:32:26","modified_gmt":"2026-04-15T23:32:26","slug":"reform-serisi-anayasa-hukuku-genel-esaslar-turk-anayasa-hukuku-anayasa-yargisi","status":"publish","type":"product","link":"https:\/\/roveyayinevi.com.tr\/index.php\/urun\/reform-serisi-anayasa-hukuku-genel-esaslar-turk-anayasa-hukuku-anayasa-yargisi\/","title":{"rendered":"Reform Serisi Anayasa Hukuku (Genel Esaslar, T\u00fcrk Anayasa Hukuku, Anayasa Yarg\u0131s\u0131)"},"content":{"rendered":"<p>Anayasa Hukuku 1.      Birinci B\u00f6l\u00fcm \u2013 Anayasa Kavram\u0131 1.1   Anayasan\u0131n Tan\u0131m\u0131 1.2   Anayasa T\u00fcrleri 1.3   Anayasa Hukuk Kavram\u0131 1.4   Anayasac\u0131l\u0131k Hareketleri 2.      \u0130kinci B\u00f6l\u00fcm \u2013 Anayasa Hukukunun Kaynaklar\u0131 2.1   Anayasa 2.2   Kanun 2.3   \u0130\u00e7t\u00fcz\u00fck 2.4   Y\u00fcr\u00fctmenin D\u00fczenleyici \u0130\u015flemleri 2.5   Anayasa Team\u00fclleri 2.6   Mahkeme Kararlar\u0131 2.7   Doktrin (\u00d6\u011freti) 3.      \u00dc\u00e7\u00fcnc\u00fc B\u00f6l\u00fcm \u2013 Kanunlar\u0131n Anayasaya Uygunluk Denetimi 3.1   Amerikan Modeli 3.2   Avrupa Modeli 3.3   Bireysel Ba\u015fvuru 3.4   Anayasa Yap\u0131m ve De\u011fi\u015ftirilme Usulleri 4.      D\u00f6rd\u00fcnc\u00fc B\u00f6l\u00fcm \u2013 Devlet, Devlet \u015eekilleri, \u00dcniter ve Bile\u015fik Devlet 4.1   Devlet 4.2   Devlet \u015eekilleri : Monar\u015fi-Cumhuriyet 4.3   \u00dcniter Devlet ve Bile\u015fik Devlet \u015eekilleri 5.      Be\u015finci B\u00f6l\u00fcm \u2013 H\u00fck\u00fcmet Sistemleri 5.1   Kuvvetler Ayr\u0131l\u0131\u011f\u0131 Teorisi 6.      Alt\u0131nc\u0131 B\u00f6l\u00fcm \u2013 Demokrasi 6.1   Demokrasi 6.2   Temel Hak ve H\u00fcrriyetlerin S\u0131n\u0131fland\u0131r\u0131lmas\u0131 7.      Yedinci B\u00f6l\u00fcm \u2013 Se\u00e7imler 7.1   Oy Hakk\u0131 8.      Sekizinci B\u00f6l\u00fcm \u2013 Osmanl\u0131 \u2013 T\u00fcrk Anayasal Geli\u015fmeleri 8.1   Sened-i \u0130ttifak 9.      Dokuzuncu B\u00f6l\u00fcm \u2013 1982 Anayasas\u0131n\u0131n Kabul Etti\u011fi Temel \u0130lkeler 9.1   \u00dcniter Devlet \u0130lkesi 9.2   \u0130nsan Haklar\u0131na Sayg\u0131l\u0131 Devlet \u0130lkesi 10.  Onuncu B\u00f6l\u00fcm \u2013 Temel Hak ve \u00d6zg\u00fcrl\u00fckler 10.1 Temel Hak ve \u00d6zg\u00fcrl\u00fcklerin S\u0131n\u0131fland\u0131r\u0131lmas\u0131 10.2 Temel Hak ve \u00d6zg\u00fcrl\u00fcklerin S\u0131n\u0131rlanmas\u0131 11.  On Birinci B\u00f6l\u00fcm \u2013 Yasama Organ\u0131 (TBMM \u00dcye Se\u00e7imi, Stat\u00fcs\u00fc, \u0130\u00e7 Yap\u0131s\u0131\u2026) 11.1 Millet Vekillerinin Se\u00e7imi 11.2 Normal Se\u00e7imler 12.  On \u0130kinci B\u00f6l\u00fcm \u2013 TBMM\u2019nin \u00c7al\u0131\u015fma D\u00fczeni 12.1 \u0130\u00e7t\u00fcz\u00fck 12.2 TBMM\u2019nin G\u00f6rev ve Yetkileri 12.3 TBMM\u2019nin Di\u011fer G\u00f6rev ve Yetkileri 13.  On\u00fc\u00e7\u00fcnc\u00fc B\u00f6l\u00fcm 13.1 Y\u00fcr\u00fctmenin D\u00fczenleyici \u0130\u015flemleri 13.2 Ola\u011fan\u00fcst\u00fc Hal Y\u00f6netimi 13.3 Milli G\u00fcvenlik ve Milli Savunma 14.  On D\u00f6rd\u00fcnc\u00fc B\u00f6l\u00fcm 14.1 Yarg\u0131 Organ\u0131 14.2 Anayasan\u0131n De\u011fi\u015ftirilmesi Anayasa Yarg\u0131s\u0131 15.  Birinci B\u00f6l\u00fcm \u2013 Genel Olarak 15.1 Anayasa Yarg\u0131s\u0131 Kavram\u0131 15.2 Anayasa Yarg\u0131s\u0131 Modelleri 15.3 Yarg\u0131sal Denetimin Zaman\u0131 15.4 Yarg\u0131sal Denetimin Yollar\u0131 16.  \u0130kinci B\u00f6l\u00fcm &#8211; T\u00fcrk Hukukunda Anayasal Denetim 16.1 Soyut Norm Denetimi (\u0130ptal Davas\u0131) 16.2 \u0130tiraz Davas\u0131 16.3 Bireysel Ba\u015fvuru 17.  \u00dc\u00e7\u00fcnc\u00fc B\u00f6l\u00fcm \u2013 Anayasa Mahkemesi Kararlar\u0131n\u0131n Al\u0131nma \u015eekli ve Hukuki Niteli\u011fi 18.  2001-2019 Y\u0131llar\u0131nda KPSS ve A Grubu Meslek S\u0131navlar\u0131nda \u00c7\u0131km\u0131\u015f Anayasa Hukuku Sorular\u0131 ve \u00c7\u00f6z\u00fcmleri 19.  2001-2019 Y\u0131llar\u0131 KPSS A Grubu Meslek S\u0131navlar\u0131nda \u00c7\u0131km\u0131\u015f Sorular ve \u00c7\u00f6z\u00fcmleri 20.  \u0130dari Yarg\u0131 Hakimlik S\u0131nav Sorular\u0131 2001-2019 (Anayasa Hukuku) 21.  Adli  Yarg\u0131 Hakimlik S\u0131nav Sorular\u0131 1998-2019 (Anayasa Hukuku) 22.  Adli Yarg\u0131 Hakimlik S\u0131nav Sorular\u0131 1998-2019 (Anayasa Yarg\u0131s\u0131)   <\/p>\n","protected":false},"excerpt":{"rendered":"<p>Anayasa Hukuku 1. Birinci B\u00f6l\u00fcm \u2013 Anayasa Kavram\u0131 1.1 Anayasan\u0131n Tan\u0131m\u0131 1.2 Anayasa T\u00fcrleri 1.3 Anayasa Hukuk Kavram\u0131 1.4 Anayasac\u0131l\u0131k Hareketleri 2. \u0130kinci B\u00f6l\u00fcm \u2013 Anayasa<span class=\"excerpt-hellip\"> [\u2026]<\/span><\/p>\n","protected":false},"featured_media":0,"template":"","meta":{"_monsterinsights_skip_tracking":false,"_monsterinsights_sitenote_active":false,"_monsterinsights_sitenote_note":"","_monsterinsights_sitenote_category":0},"product_brand":[],"product_cat":[15350,17602],"product_tag":[],"class_list":{"0":"post-724640","1":"product","2":"type-product","3":"status-publish","5":"product_cat-hukuk","6":"product_cat-hukuk-uzerine","7":"pa_cilt-ciltsiz","8":"pa_tur-kitap","9":"pa_yayinevi-gazi-kitabevi","10":"pa_yazar-kolektif","12":"first","13":"instock","14":"sale","15":"shipping-taxable","16":"purchasable","17":"product-type-simple"},"_links":{"self":[{"href":"https:\/\/roveyayinevi.com.tr\/index.php\/wp-json\/wp\/v2\/product\/724640","targetHints":{"allow":["GET"]}}],"collection":[{"href":"https:\/\/roveyayinevi.com.tr\/index.php\/wp-json\/wp\/v2\/product"}],"about":[{"href":"https:\/\/roveyayinevi.com.tr\/index.php\/wp-json\/wp\/v2\/types\/product"}],"wp:attachment":[{"href":"https:\/\/roveyayinevi.com.tr\/index.php\/wp-json\/wp\/v2\/media?parent=724640"}],"wp:term":[{"taxonomy":"product_brand","embeddable":true,"href":"https:\/\/roveyayinevi.com.tr\/index.php\/wp-json\/wp\/v2\/product_brand?post=724640"},{"taxonomy":"product_cat","embeddable":true,"href":"https:\/\/roveyayinevi.com.tr\/index.php\/wp-json\/wp\/v2\/product_cat?post=724640"},{"taxonomy":"product_tag","embeddable":true,"href":"https:\/\/roveyayinevi.com.tr\/index.php\/wp-json\/wp\/v2\/product_tag?post=724640"}],"curies":[{"name":"wp","href":"https:\/\/api.w.org\/{rel}","templated":true}]}}