{"id":724639,"date":"2025-08-27T19:37:50","date_gmt":"2025-08-27T16:37:50","guid":{"rendered":"https:\/\/roveyayinevi.com.tr\/index.php\/urun\/ekonomik-buyumeye-yonelik-ampirik-yaklasimlar\/"},"modified":"2026-04-16T02:32:26","modified_gmt":"2026-04-15T23:32:26","slug":"ekonomik-buyumeye-yonelik-ampirik-yaklasimlar","status":"publish","type":"product","link":"https:\/\/roveyayinevi.com.tr\/index.php\/urun\/ekonomik-buyumeye-yonelik-ampirik-yaklasimlar\/","title":{"rendered":"Ekonomik B\u00fcy\u00fcmeye Y\u00f6nelik Ampirik Yakla\u015f\u0131mlar"},"content":{"rendered":"<p>T\u00fcrkiye Ekonomisinde 2002 Sonras\u0131 D\u00f6nemde Yat\u0131r\u0131mlar\u0131n Faize Duyarl\u0131l\u0131\u011f\u0131  T\u00fcrkiye\u2019de Elektrik T\u00fcketim T\u00fcrleri ve Ekonomik B\u00fcy\u00fcme Aras\u0131ndaki \u0130li\u015fki  T\u00fcrkiye\u2019de Savunma Harcamalar\u0131 ve Ekonomik B\u00fcy\u00fcme Aras\u0131ndaki \u0130li\u015fki  T\u00fcrkiye\u2019de 1995 SOnras\u0131 D\u00f6nemde Sat\u0131n Alma G\u00fcc\u00fc Paritesi Teorisi Ge\u00e7erlili\u011fi  Ekonomik B\u00fcy\u00fcme ve Finansal Geli\u015fme \u0130li\u015fkisi T\u00fcrkiye \u00dczerine Ampirik Bir Uygulama  Cari A\u00e7\u0131k ve Ekonomik B\u00fcy\u00fcme \u0130li\u015fkisinin \u0130ncelenmesi T\u00fcrkiye \u00d6rne\u011fi  BRICST \u00dclkelerinde \u0130\u015fsizlik Histerisinin Ge\u00e7erlili\u011fi  T\u00fcrkiye\u2019de Finansal Geli\u015fme ve Enerji T\u00fcketimi \u0130li\u015fkisinin Vekt\u00f6r Otoregresyon Modelleri ile Analizi  T\u00fcrkiye\u2019de Turizm Gelirleri ve Ekonomik B\u00fcy\u00fcme Aras\u0131ndaki \u0130li\u015fki  Kamu Harcamalar\u0131 Ekonomik B\u00fcy\u00fcme \u0130li\u015fkisi Yap\u0131sal K\u0131r\u0131lmal\u0131 ARDL S\u0131n\u0131r Testi  D\u0131\u015f Bor\u00e7 Ekonomik B\u00fcy\u00fcme \u0130li\u015fkisinin \u0130ncelenmesi T\u00fcrkiye \u00d6rne\u011fi  K\u0131r\u0131lgan Be\u015fli \u00dclkelerinde Sa\u011fl\u0131k Harcamalar\u0131 ve Ekonomik B\u00fcy\u00fcme \u0130li\u015fkisi  Fosil Enerji ve Yenilenebilir Enerji T\u00fcketiminin Ekonomik B\u00fcy\u00fcme \u00dczerinde Etkilerinin T\u00fcrkiye Ekonomisi i\u00e7in Ampirik Analizi <\/p>\n","protected":false},"excerpt":{"rendered":"<p>T\u00fcrkiye Ekonomisinde 2002 Sonras\u0131 D\u00f6nemde Yat\u0131r\u0131mlar\u0131n Faize Duyarl\u0131l\u0131\u011f\u0131 T\u00fcrkiye\u2019de Elektrik T\u00fcketim T\u00fcrleri ve Ekonomik B\u00fcy\u00fcme Aras\u0131ndaki \u0130li\u015fki T\u00fcrkiye\u2019de Savunma Harcamalar\u0131 ve Ekonomik B\u00fcy\u00fcme Aras\u0131ndaki \u0130li\u015fki T\u00fcrkiye\u2019de<span class=\"excerpt-hellip\"> [\u2026]<\/span><\/p>\n","protected":false},"featured_media":0,"template":"","meta":{"_monsterinsights_skip_tracking":false,"_monsterinsights_sitenote_active":false,"_monsterinsights_sitenote_note":"","_monsterinsights_sitenote_category":0},"product_brand":[],"product_cat":[20333,13043],"product_tag":[],"class_list":{"0":"post-724639","1":"product","2":"type-product","3":"status-publish","5":"product_cat-diger-ekonomi","6":"product_cat-ekonomi","7":"pa_cilt-ciltsiz","8":"pa_tur-kitap","9":"pa_yayinevi-gazi-kitabevi","10":"pa_yazar-yavuz-ozek-halil-oguzhan-ergur","12":"first","13":"instock","14":"sale","15":"shipping-taxable","16":"purchasable","17":"product-type-simple"},"_links":{"self":[{"href":"https:\/\/roveyayinevi.com.tr\/index.php\/wp-json\/wp\/v2\/product\/724639","targetHints":{"allow":["GET"]}}],"collection":[{"href":"https:\/\/roveyayinevi.com.tr\/index.php\/wp-json\/wp\/v2\/product"}],"about":[{"href":"https:\/\/roveyayinevi.com.tr\/index.php\/wp-json\/wp\/v2\/types\/product"}],"wp:attachment":[{"href":"https:\/\/roveyayinevi.com.tr\/index.php\/wp-json\/wp\/v2\/media?parent=724639"}],"wp:term":[{"taxonomy":"product_brand","embeddable":true,"href":"https:\/\/roveyayinevi.com.tr\/index.php\/wp-json\/wp\/v2\/product_brand?post=724639"},{"taxonomy":"product_cat","embeddable":true,"href":"https:\/\/roveyayinevi.com.tr\/index.php\/wp-json\/wp\/v2\/product_cat?post=724639"},{"taxonomy":"product_tag","embeddable":true,"href":"https:\/\/roveyayinevi.com.tr\/index.php\/wp-json\/wp\/v2\/product_tag?post=724639"}],"curies":[{"name":"wp","href":"https:\/\/api.w.org\/{rel}","templated":true}]}}