{"id":724638,"date":"2025-08-27T19:37:49","date_gmt":"2025-08-27T16:37:49","guid":{"rendered":"https:\/\/roveyayinevi.com.tr\/index.php\/urun\/performans-denetimi\/"},"modified":"2026-04-16T02:32:26","modified_gmt":"2026-04-15T23:32:26","slug":"performans-denetimi","status":"publish","type":"product","link":"https:\/\/roveyayinevi.com.tr\/index.php\/urun\/performans-denetimi\/","title":{"rendered":"Performans Denetimi"},"content":{"rendered":"<p>Kamu hizmetinin \u201csu\u0308reklili\u011fi\u201d ve \u201cde\u011fi\u015fkenli\u011fi\u201d ilkeleri su\u0308re gelen idari faaliyetlerin ortaya \u00e7\u0131kan yeni ihtiya\u00e7lara ve yakla\u015f\u0131mlara uyarlanmas\u0131n\u0131 gerekli k\u0131lar.Yeni ihtiya\u00e7lar\u0131n kar\u015f\u0131lanmas\u0131 i\u00e7in eski y\u00f6ntemler yeterli olmayabilir.Bu nedenle kamu y\u00f6netiminin temel felsefesine ayk\u0131r\u0131 olmad\u0131\u011f\u0131 mu\u0308ddetce \u00f6zel sekt\u00f6rde etkinlik ve verimlili\u011fi art\u0131ran uygulamalar\u0131n kamu hizmetlerinde kullan\u0131lmas\u0131 gerekmektedir.   Bu kitap, performans denetimine bu a\u00e7\u0131dan yakla\u015fmakta; bu ilkenin kamu y\u00f6netimine nas\u0131l uygulanabilece\u011fini hem teorik hem de uygulama bak\u0131m\u0131ndan etrafl\u0131ca sorgulamaktad\u0131r. Performans denetiminin \u201chukukilik\u201d ve \u201cyerindelik\u201d denetimlerini tamamlay\u0131c\u0131 boyutuna dikkat \u00e7ekilmektedir.Kitapta ayr\u0131ca Cumhurba\u015fkanl\u0131\u011f\u0131 Hu\u0308ku\u0308met Sisteminde il\u00e7e y\u00f6netimlerinin ba\u015f\u0131nda Cumhurba\u015fkan\u0131n\u0131n idari yu\u0308ru\u0308tme vas\u0131tas\u0131 olan kaymakamlar\u0131n performanslar\u0131n\u0131n denetlenmesine ili\u015fkin bir model \u00f6nerisine yer verilmi\u015ftir.  <\/p>\n","protected":false},"excerpt":{"rendered":"<p>Kamu hizmetinin \u201csu\u0308reklili\u011fi\u201d ve \u201cde\u011fi\u015fkenli\u011fi\u201d ilkeleri su\u0308re gelen idari faaliyetlerin ortaya \u00e7\u0131kan yeni ihtiya\u00e7lara ve yakla\u015f\u0131mlara uyarlanmas\u0131n\u0131 gerekli k\u0131lar.Yeni ihtiya\u00e7lar\u0131n kar\u015f\u0131lanmas\u0131 i\u00e7in eski y\u00f6ntemler yeterli olmayabilir.Bu<span class=\"excerpt-hellip\"> [\u2026]<\/span><\/p>\n","protected":false},"featured_media":0,"template":"","meta":{"_monsterinsights_skip_tracking":false,"_monsterinsights_sitenote_active":false,"_monsterinsights_sitenote_note":"","_monsterinsights_sitenote_category":0},"product_brand":[],"product_cat":[13043,19008],"product_tag":[],"class_list":{"0":"post-724638","1":"product","2":"type-product","3":"status-publish","5":"product_cat-ekonomi","6":"product_cat-yonetim","7":"pa_cilt-ciltli","8":"pa_tur-kitap","9":"pa_yayinevi-tiav","10":"pa_yazar-kolektif","12":"first","13":"instock","14":"sale","15":"shipping-taxable","16":"purchasable","17":"product-type-simple"},"_links":{"self":[{"href":"https:\/\/roveyayinevi.com.tr\/index.php\/wp-json\/wp\/v2\/product\/724638","targetHints":{"allow":["GET"]}}],"collection":[{"href":"https:\/\/roveyayinevi.com.tr\/index.php\/wp-json\/wp\/v2\/product"}],"about":[{"href":"https:\/\/roveyayinevi.com.tr\/index.php\/wp-json\/wp\/v2\/types\/product"}],"wp:attachment":[{"href":"https:\/\/roveyayinevi.com.tr\/index.php\/wp-json\/wp\/v2\/media?parent=724638"}],"wp:term":[{"taxonomy":"product_brand","embeddable":true,"href":"https:\/\/roveyayinevi.com.tr\/index.php\/wp-json\/wp\/v2\/product_brand?post=724638"},{"taxonomy":"product_cat","embeddable":true,"href":"https:\/\/roveyayinevi.com.tr\/index.php\/wp-json\/wp\/v2\/product_cat?post=724638"},{"taxonomy":"product_tag","embeddable":true,"href":"https:\/\/roveyayinevi.com.tr\/index.php\/wp-json\/wp\/v2\/product_tag?post=724638"}],"curies":[{"name":"wp","href":"https:\/\/api.w.org\/{rel}","templated":true}]}}