{"id":724637,"date":"2025-08-27T19:37:48","date_gmt":"2025-08-27T16:37:48","guid":{"rendered":"https:\/\/roveyayinevi.com.tr\/index.php\/urun\/enheduanna\/"},"modified":"2026-04-16T02:32:26","modified_gmt":"2026-04-15T23:32:26","slug":"enheduanna","status":"publish","type":"product","link":"https:\/\/roveyayinevi.com.tr\/index.php\/urun\/enheduanna\/","title":{"rendered":"Enheduanna"},"content":{"rendered":"<p>Duas\u0131n\u0131 yazarken kendinden ge\u00e7mi\u015fti Enheduanna. G\u00f6zlerinden bir ka\u00e7 damla ya\u015f gelmi\u015f ve yanaklar\u0131ndan s\u00fcz\u00fclerek yazd\u0131\u011f\u0131 tabletin \u00fczerine d\u00fc\u015fm\u00fc\u015ft\u00fc. G\u00f6zlerindeki bu\u011fudan \u00f6n\u00fcn\u00fc g\u00f6remiyordu. Kal\u0131n bir sis perdesinin i\u00e7inde kalm\u0131\u015f gibiydi. Kam\u0131\u015f kalemini ve kil tabletini yan\u0131 ba\u015f\u0131na b\u0131rakt\u0131. Arkas\u0131na yaslanarak g\u00f6zlerinin yeniden kapatt\u0131. Ruhunun bedeninden s\u0131yr\u0131l\u0131p y\u00fckseldi\u011fini hissetti. A\u015fa\u011f\u0131ya bakt\u0131\u011f\u0131nda sedirde oturan kendini g\u00f6rebiliyordu.<\/p>\n","protected":false},"excerpt":{"rendered":"<p>Duas\u0131n\u0131 yazarken kendinden ge\u00e7mi\u015fti Enheduanna. G\u00f6zlerinden bir ka\u00e7 damla ya\u015f gelmi\u015f ve yanaklar\u0131ndan s\u00fcz\u00fclerek yazd\u0131\u011f\u0131 tabletin \u00fczerine d\u00fc\u015fm\u00fc\u015ft\u00fc. G\u00f6zlerindeki bu\u011fudan \u00f6n\u00fcn\u00fc g\u00f6remiyordu. Kal\u0131n bir sis perdesinin<span class=\"excerpt-hellip\"> [\u2026]<\/span><\/p>\n","protected":false},"featured_media":0,"template":"","meta":{"_monsterinsights_skip_tracking":false,"_monsterinsights_sitenote_active":false,"_monsterinsights_sitenote_note":"","_monsterinsights_sitenote_category":0},"product_brand":[],"product_cat":[12291,12711],"product_tag":[],"class_list":{"0":"post-724637","1":"product","2":"type-product","3":"status-publish","5":"product_cat-edebiyat","6":"product_cat-roman-oyku","7":"pa_cilt-ciltsiz","8":"pa_tur-kitap","9":"pa_yayinevi-fa-yayinlari","10":"pa_yazar-ali-eryilmaz","12":"first","13":"instock","14":"sale","15":"shipping-taxable","16":"purchasable","17":"product-type-simple"},"_links":{"self":[{"href":"https:\/\/roveyayinevi.com.tr\/index.php\/wp-json\/wp\/v2\/product\/724637","targetHints":{"allow":["GET"]}}],"collection":[{"href":"https:\/\/roveyayinevi.com.tr\/index.php\/wp-json\/wp\/v2\/product"}],"about":[{"href":"https:\/\/roveyayinevi.com.tr\/index.php\/wp-json\/wp\/v2\/types\/product"}],"wp:attachment":[{"href":"https:\/\/roveyayinevi.com.tr\/index.php\/wp-json\/wp\/v2\/media?parent=724637"}],"wp:term":[{"taxonomy":"product_brand","embeddable":true,"href":"https:\/\/roveyayinevi.com.tr\/index.php\/wp-json\/wp\/v2\/product_brand?post=724637"},{"taxonomy":"product_cat","embeddable":true,"href":"https:\/\/roveyayinevi.com.tr\/index.php\/wp-json\/wp\/v2\/product_cat?post=724637"},{"taxonomy":"product_tag","embeddable":true,"href":"https:\/\/roveyayinevi.com.tr\/index.php\/wp-json\/wp\/v2\/product_tag?post=724637"}],"curies":[{"name":"wp","href":"https:\/\/api.w.org\/{rel}","templated":true}]}}