{"id":724636,"date":"2025-08-27T19:37:47","date_gmt":"2025-08-27T16:37:47","guid":{"rendered":"https:\/\/roveyayinevi.com.tr\/index.php\/urun\/gulusune-gizledigim-oykuler\/"},"modified":"2026-04-16T02:32:26","modified_gmt":"2026-04-15T23:32:26","slug":"gulusune-gizledigim-oykuler","status":"publish","type":"product","link":"https:\/\/roveyayinevi.com.tr\/index.php\/urun\/gulusune-gizledigim-oykuler\/","title":{"rendered":"G\u00fcl\u00fc\u015f\u00fcne Gizledi\u011fim \u00d6yk\u00fcler"},"content":{"rendered":"<p>Yine \u015earl K\u00f6pr\u00fcs\u00fc\u2019nden caz na\u011fmeleri geliyordu. Az ilerde org \u00e7al\u0131p, aryalar s\u00f6yleyen k\u00f6r m\u00fczisyen kad\u0131n, bu kez onlar\u0131 g\u00f6r\u00fcyor gibiydi. K\u00f6pr\u00fcn\u00fcn \u00fczerinde dans eden \u00e2\u015f\u0131klar gibi onlar da Naz\u0131m\u2019\u0131n etkileyici \u015fiirlerinin g\u00fcc\u00fcyle dans ediyorlar ve Prag\u2019\u0131n b\u00fcy\u00fcleyici ortam\u0131nda  a\u015fklar\u0131n\u0131 per\u00e7inliyorlard\u0131\u2026Daha sonra Nehrin k\u0131y\u0131s\u0131ndan y\u00fcr\u00fcmeye ba\u015flad\u0131lar yeniden, ard\u0131ndan bir y\u0131l \u00f6nce oturduklar\u0131 banka oturdular, bin bir gece masallar\u0131ndaki \u015fatolar\u0131 an\u0131msatan kalenin siluetine bak\u0131yorlard\u0131 yeniden.   <\/p>\n","protected":false},"excerpt":{"rendered":"<p>Yine \u015earl K\u00f6pr\u00fcs\u00fc\u2019nden caz na\u011fmeleri geliyordu. Az ilerde org \u00e7al\u0131p, aryalar s\u00f6yleyen k\u00f6r m\u00fczisyen kad\u0131n, bu kez onlar\u0131 g\u00f6r\u00fcyor gibiydi. K\u00f6pr\u00fcn\u00fcn \u00fczerinde dans eden \u00e2\u015f\u0131klar gibi<span class=\"excerpt-hellip\"> [\u2026]<\/span><\/p>\n","protected":false},"featured_media":0,"template":"","meta":{"_monsterinsights_skip_tracking":false,"_monsterinsights_sitenote_active":false,"_monsterinsights_sitenote_note":"","_monsterinsights_sitenote_category":0},"product_brand":[],"product_cat":[12291,12711],"product_tag":[],"class_list":{"0":"post-724636","1":"product","2":"type-product","3":"status-publish","5":"product_cat-edebiyat","6":"product_cat-roman-oyku","7":"pa_cilt-ciltsiz","8":"pa_tur-kitap","9":"pa_yayinevi-fa-yayinlari","10":"pa_yazar-nevra-caglayan","12":"first","13":"instock","14":"sale","15":"shipping-taxable","16":"purchasable","17":"product-type-simple"},"_links":{"self":[{"href":"https:\/\/roveyayinevi.com.tr\/index.php\/wp-json\/wp\/v2\/product\/724636","targetHints":{"allow":["GET"]}}],"collection":[{"href":"https:\/\/roveyayinevi.com.tr\/index.php\/wp-json\/wp\/v2\/product"}],"about":[{"href":"https:\/\/roveyayinevi.com.tr\/index.php\/wp-json\/wp\/v2\/types\/product"}],"wp:attachment":[{"href":"https:\/\/roveyayinevi.com.tr\/index.php\/wp-json\/wp\/v2\/media?parent=724636"}],"wp:term":[{"taxonomy":"product_brand","embeddable":true,"href":"https:\/\/roveyayinevi.com.tr\/index.php\/wp-json\/wp\/v2\/product_brand?post=724636"},{"taxonomy":"product_cat","embeddable":true,"href":"https:\/\/roveyayinevi.com.tr\/index.php\/wp-json\/wp\/v2\/product_cat?post=724636"},{"taxonomy":"product_tag","embeddable":true,"href":"https:\/\/roveyayinevi.com.tr\/index.php\/wp-json\/wp\/v2\/product_tag?post=724636"}],"curies":[{"name":"wp","href":"https:\/\/api.w.org\/{rel}","templated":true}]}}