{"id":724635,"date":"2025-08-27T19:37:46","date_gmt":"2025-08-27T16:37:46","guid":{"rendered":"https:\/\/roveyayinevi.com.tr\/index.php\/urun\/lucia\/"},"modified":"2026-04-16T02:32:26","modified_gmt":"2026-04-15T23:32:26","slug":"lucia","status":"publish","type":"product","link":"https:\/\/roveyayinevi.com.tr\/index.php\/urun\/lucia\/","title":{"rendered":"Lucia"},"content":{"rendered":"<p>Sevdi\u011fimiz \u015fiirler yaz\u0131lmam\u0131\u015f olanlar, Isl\u0131kla \u00e7ald\u0131\u011f\u0131m\u0131z \u015fark\u0131lar                                  dinlemediklerimiz:           Ku\u011fularla b\u00fcy\u00fcrken gecelere solu\u011fun\u2026   II. Yeni\u2019nin nahif sesi \u00dclk\u00fc Tamer\u2019in kitaplar\u0131na girmemi\u015f \u015fiirleri ilk kez elinizdeki kitapta bir araya geliyor ve okurla bulu\u015fuyor. Lucia\u2019da \u015fairin 1954-1975 aras\u0131nda \u00e7e\u015fitli dergilerde yay\u0131mlad\u0131\u011f\u0131 kendi \u015fiirleri ve 1958-1968 aras\u0131nda farkl\u0131 \u015fairlerden T\u00fcrk\u00e7eye \u00e7evirdi\u011fi \u015fiirler yer al\u0131yor. Bu \u015fiirler, \u00dclk\u00fc Tamer\u2019in \u015fiirinin k\u00f6klerine inmenin yan\u0131 s\u0131ra \u015fiir d\u00fcnyas\u0131na dair pek \u00e7ok ayr\u0131nt\u0131y\u0131 da i\u00e7inde sakl\u0131yor.   \u0130nsanda \u00f6lmeli insan \u00f6l\u00fcrse, diyen \u00dclk\u00fc Tamer, ke\u015ffedilmeyi bekleyen \u015fiirleriyle okurunu yeniden selaml\u0131yor\u2026 <\/p>\n","protected":false},"excerpt":{"rendered":"<p>Sevdi\u011fimiz \u015fiirler yaz\u0131lmam\u0131\u015f olanlar, Isl\u0131kla \u00e7ald\u0131\u011f\u0131m\u0131z \u015fark\u0131lar dinlemediklerimiz: Ku\u011fularla b\u00fcy\u00fcrken gecelere solu\u011fun\u2026 II. Yeni\u2019nin nahif sesi \u00dclk\u00fc Tamer\u2019in kitaplar\u0131na girmemi\u015f \u015fiirleri ilk kez elinizdeki kitapta bir<span class=\"excerpt-hellip\"> [\u2026]<\/span><\/p>\n","protected":false},"featured_media":0,"template":"","meta":{"_monsterinsights_skip_tracking":false,"_monsterinsights_sitenote_active":false,"_monsterinsights_sitenote_note":"","_monsterinsights_sitenote_category":0},"product_brand":[],"product_cat":[12291,12509],"product_tag":[],"class_list":{"0":"post-724635","1":"product","2":"type-product","3":"status-publish","5":"product_cat-edebiyat","6":"product_cat-siir","7":"pa_cilt-ciltsiz","8":"pa_tur-kitap","9":"pa_yayinevi-karakum-yayinevi","10":"pa_yazar-ulku-tamer","12":"first","13":"instock","14":"sale","15":"shipping-taxable","16":"purchasable","17":"product-type-simple"},"_links":{"self":[{"href":"https:\/\/roveyayinevi.com.tr\/index.php\/wp-json\/wp\/v2\/product\/724635","targetHints":{"allow":["GET"]}}],"collection":[{"href":"https:\/\/roveyayinevi.com.tr\/index.php\/wp-json\/wp\/v2\/product"}],"about":[{"href":"https:\/\/roveyayinevi.com.tr\/index.php\/wp-json\/wp\/v2\/types\/product"}],"wp:attachment":[{"href":"https:\/\/roveyayinevi.com.tr\/index.php\/wp-json\/wp\/v2\/media?parent=724635"}],"wp:term":[{"taxonomy":"product_brand","embeddable":true,"href":"https:\/\/roveyayinevi.com.tr\/index.php\/wp-json\/wp\/v2\/product_brand?post=724635"},{"taxonomy":"product_cat","embeddable":true,"href":"https:\/\/roveyayinevi.com.tr\/index.php\/wp-json\/wp\/v2\/product_cat?post=724635"},{"taxonomy":"product_tag","embeddable":true,"href":"https:\/\/roveyayinevi.com.tr\/index.php\/wp-json\/wp\/v2\/product_tag?post=724635"}],"curies":[{"name":"wp","href":"https:\/\/api.w.org\/{rel}","templated":true}]}}