{"id":724632,"date":"2025-08-27T19:37:44","date_gmt":"2025-08-27T16:37:44","guid":{"rendered":"https:\/\/roveyayinevi.com.tr\/index.php\/urun\/eglenceli-tekerlekler-bay-kamyonet\/"},"modified":"2026-04-16T02:32:26","modified_gmt":"2026-04-15T23:32:26","slug":"eglenceli-tekerlekler-bay-kamyonet","status":"publish","type":"product","link":"https:\/\/roveyayinevi.com.tr\/index.php\/urun\/eglenceli-tekerlekler-bay-kamyonet\/","title":{"rendered":"E\u011flenceli Tekerlekler \u2013 Bay Kamyonet"},"content":{"rendered":"<p>Merhaba! Benim ad\u0131m Gabi. Ben bir kamyonetim. Kocaman g\u00f6vdem ve g\u00fc\u00e7l\u00fc yap\u0131mla \u00e7ok a\u011f\u0131r olmayan y\u00fckleri ta\u015f\u0131mak i\u00e7in tasarland\u0131m. Bug\u00fcn yine g\u00f6revimin ba\u015f\u0131nda olaca\u011f\u0131m ve y\u00fckleri benden istedikleri yerlere g\u00f6t\u00fcrece\u011fim. G\u00fcn\u00fc benimle ge\u00e7irmek ve e\u011flenerek neler yapt\u0131\u011f\u0131m\u0131 \u00f6\u011frenmek ister misin? Hadi o zaman, yola \u00e7\u0131kal\u0131m!   \u201cE\u011flenceli Tekerlekler\u201d serisinde, \u00e7ocuklar\u0131n e\u011flenmesi i\u00e7in farkl\u0131 ara\u00e7 t\u00fcrleri ile ilgili hik\u00e2yeleri derledik. \u00c7ocuk okuyucular\u0131n, bir yandan bilgi edinirken di\u011fer yandan da e\u011flenceli bir okuma deneyiminin tad\u0131n\u0131 \u00e7\u0131karmas\u0131n\u0131 hedefliyoruz. \u201cE\u011flenceli Tekerlekler\u201d serisinin, her kitapl\u0131\u011f\u0131 s\u00fcslemesini umuyoruz!<\/p>\n","protected":false},"excerpt":{"rendered":"<p>Merhaba! Benim ad\u0131m Gabi. Ben bir kamyonetim. Kocaman g\u00f6vdem ve g\u00fc\u00e7l\u00fc yap\u0131mla \u00e7ok a\u011f\u0131r olmayan y\u00fckleri ta\u015f\u0131mak i\u00e7in tasarland\u0131m. Bug\u00fcn yine g\u00f6revimin ba\u015f\u0131nda olaca\u011f\u0131m ve y\u00fckleri<span class=\"excerpt-hellip\"> [\u2026]<\/span><\/p>\n","protected":false},"featured_media":0,"template":"","meta":{"_monsterinsights_skip_tracking":false,"_monsterinsights_sitenote_active":false,"_monsterinsights_sitenote_note":"","_monsterinsights_sitenote_category":0},"product_brand":[],"product_cat":[12913,12274],"product_tag":[],"class_list":{"0":"post-724632","1":"product","2":"type-product","3":"status-publish","5":"product_cat-3-6-yas-kitaplari","6":"product_cat-cocuk-ve-genclik-kitaplari","7":"pa_cilt-ciltsiz","8":"pa_tur-kitap","9":"pa_yayinevi-dokuz-yayinlari","10":"pa_yazar-harry-simpson","12":"first","13":"instock","14":"sale","15":"shipping-taxable","16":"purchasable","17":"product-type-simple"},"_links":{"self":[{"href":"https:\/\/roveyayinevi.com.tr\/index.php\/wp-json\/wp\/v2\/product\/724632","targetHints":{"allow":["GET"]}}],"collection":[{"href":"https:\/\/roveyayinevi.com.tr\/index.php\/wp-json\/wp\/v2\/product"}],"about":[{"href":"https:\/\/roveyayinevi.com.tr\/index.php\/wp-json\/wp\/v2\/types\/product"}],"wp:attachment":[{"href":"https:\/\/roveyayinevi.com.tr\/index.php\/wp-json\/wp\/v2\/media?parent=724632"}],"wp:term":[{"taxonomy":"product_brand","embeddable":true,"href":"https:\/\/roveyayinevi.com.tr\/index.php\/wp-json\/wp\/v2\/product_brand?post=724632"},{"taxonomy":"product_cat","embeddable":true,"href":"https:\/\/roveyayinevi.com.tr\/index.php\/wp-json\/wp\/v2\/product_cat?post=724632"},{"taxonomy":"product_tag","embeddable":true,"href":"https:\/\/roveyayinevi.com.tr\/index.php\/wp-json\/wp\/v2\/product_tag?post=724632"}],"curies":[{"name":"wp","href":"https:\/\/api.w.org\/{rel}","templated":true}]}}