{"id":724631,"date":"2025-08-27T19:37:43","date_gmt":"2025-08-27T16:37:43","guid":{"rendered":"https:\/\/roveyayinevi.com.tr\/index.php\/urun\/bir-seftali-bin-seftali-15\/"},"modified":"2026-04-16T02:32:26","modified_gmt":"2026-04-15T23:32:26","slug":"bir-seftali-bin-seftali-15","status":"publish","type":"product","link":"https:\/\/roveyayinevi.com.tr\/index.php\/urun\/bir-seftali-bin-seftali-15\/","title":{"rendered":"Bir \u015eeftali Bin \u015eeftali"},"content":{"rendered":"<p>Bir zamanlar, fakir bir k\u00f6y\u00fcn hemen yan\u0131nda, b\u00fcy\u00fck ve yemye\u015fil bir bah\u00e7e, o bah\u00e7enin i\u00e7inde de \u00e7e\u015fit \u00e7e\u015fit meyve a\u011fa\u00e7lar\u0131 varm\u0131\u015f. Bu bah\u00e7ede, biri b\u00fcy\u00fck di\u011feri k\u00fc\u00e7\u00fck iki \u015feftali a\u011fac\u0131 yeti\u015fmi\u015f. Ufak \u015feftali a\u011fac\u0131 hemen hemen her y\u0131l bin \u00e7i\u00e7ek a\u00e7arm\u0131\u015f ama bir \u015feftali bile vermezmi\u015f. Ya \u00e7i\u00e7eklerini d\u00f6kermi\u015f ya da \u015feftaliler olgunla\u015fmadan sarar\u0131p dal\u0131ndan d\u00fc\u015fermi\u015f. Bah\u00e7\u0131van, elinden geleni yap\u0131yormu\u015f yapmas\u0131na ama o k\u00fc\u00e7\u00fck a\u011fa\u00e7, tek bir \u015feftali vermiyormu\u015f. Peki, \u015feftali a\u011fac\u0131 meyve vermemek i\u00e7in neden direniyormu\u015f?   \u0130ran \u00e7ocuk edebiyat\u0131n\u0131n usta yazar\u0131 Samed Behrengi, Bir \u015eeftali Bin \u015eeftali\u2019de ya\u015fam\u0131n sonsuz d\u00f6ng\u00fcs\u00fcne davet ediyor. Do\u011fa ve \u00e7ocuk aras\u0131nda ba\u011f kuran yazar, bir \u015feftali a\u011fac\u0131n\u0131n dilinden arkada\u015fl\u0131\u011f\u0131, sevgiyi, yoksullu\u011fu ve de\u011fi\u015fimi masals\u0131 \u00fcslubuyla anlat\u0131yor. <\/p>\n","protected":false},"excerpt":{"rendered":"<p>Bir zamanlar, fakir bir k\u00f6y\u00fcn hemen yan\u0131nda, b\u00fcy\u00fck ve yemye\u015fil bir bah\u00e7e, o bah\u00e7enin i\u00e7inde de \u00e7e\u015fit \u00e7e\u015fit meyve a\u011fa\u00e7lar\u0131 varm\u0131\u015f. Bu bah\u00e7ede, biri b\u00fcy\u00fck di\u011feri<span class=\"excerpt-hellip\"> [\u2026]<\/span><\/p>\n","protected":false},"featured_media":0,"template":"","meta":{"_monsterinsights_skip_tracking":false,"_monsterinsights_sitenote_active":false,"_monsterinsights_sitenote_note":"","_monsterinsights_sitenote_category":0},"product_brand":[],"product_cat":[12274,12467],"product_tag":[],"class_list":{"0":"post-724631","1":"product","2":"type-product","3":"status-publish","5":"product_cat-cocuk-ve-genclik-kitaplari","6":"product_cat-dunya-klasikleri","7":"pa_cilt-ciltsiz","8":"pa_tur-kitap","9":"pa_yayinevi-kirmizi-kedi-yayinevi","10":"pa_yazar-samed-behrengi","12":"first","13":"instock","14":"sale","15":"shipping-taxable","16":"purchasable","17":"product-type-simple"},"_links":{"self":[{"href":"https:\/\/roveyayinevi.com.tr\/index.php\/wp-json\/wp\/v2\/product\/724631","targetHints":{"allow":["GET"]}}],"collection":[{"href":"https:\/\/roveyayinevi.com.tr\/index.php\/wp-json\/wp\/v2\/product"}],"about":[{"href":"https:\/\/roveyayinevi.com.tr\/index.php\/wp-json\/wp\/v2\/types\/product"}],"wp:attachment":[{"href":"https:\/\/roveyayinevi.com.tr\/index.php\/wp-json\/wp\/v2\/media?parent=724631"}],"wp:term":[{"taxonomy":"product_brand","embeddable":true,"href":"https:\/\/roveyayinevi.com.tr\/index.php\/wp-json\/wp\/v2\/product_brand?post=724631"},{"taxonomy":"product_cat","embeddable":true,"href":"https:\/\/roveyayinevi.com.tr\/index.php\/wp-json\/wp\/v2\/product_cat?post=724631"},{"taxonomy":"product_tag","embeddable":true,"href":"https:\/\/roveyayinevi.com.tr\/index.php\/wp-json\/wp\/v2\/product_tag?post=724631"}],"curies":[{"name":"wp","href":"https:\/\/api.w.org\/{rel}","templated":true}]}}