{"id":724630,"date":"2025-08-27T19:37:43","date_gmt":"2025-08-27T16:37:43","guid":{"rendered":"https:\/\/roveyayinevi.com.tr\/index.php\/urun\/15-yuzyilda-turk-mimarligi-ve-tezyinati\/"},"modified":"2026-04-16T02:32:26","modified_gmt":"2026-04-15T23:32:26","slug":"15-yuzyilda-turk-mimarligi-ve-tezyinati","status":"publish","type":"product","link":"https:\/\/roveyayinevi.com.tr\/index.php\/urun\/15-yuzyilda-turk-mimarligi-ve-tezyinati\/","title":{"rendered":"15. Y\u00fczy\u0131lda T\u00fcrk Mimarl\u0131\u011f\u0131 Ve Tezyinat\u0131"},"content":{"rendered":"<p>Frans\u0131z mimar L\u00e9on Parvill\u00e9e\u2019nin 1874\u2019te Paris\u2019te Frans\u0131zca olarak yay\u0131mlanan 15. Yu\u0308zy\u0131lda Tu\u0308rk Mimarl\u0131\u011f\u0131 ve Tezyinat\u0131 adl\u0131 yap\u0131t\u0131 146 y\u0131l aradan sonra ilk kez Tu\u0308rk\u00e7eye \u00e7evriliyor. 16 y\u0131l \u0130stanbul\u2019da ya\u015fayan ve 1860\u2019larda \u0130stanbul\u2019da \u00c7inili K\u00f6\u015fk\u2019u\u0308n, 1864\u2019te ise Ahmet Vefik Pa\u015fa\u2019n\u0131n daveti u\u0308zerine Bursa\u2019ya giderek Orhan Camii, Ye\u015fil Cami ve Ye\u015fil Tu\u0308rbe gibi erken d\u00f6nem Osmanl\u0131 an\u0131tlar\u0131n\u0131n restorasyonunu u\u0308stlenen L\u00e9on Parvill\u00e9e, Osmanl\u0131-Tu\u0308rk mimarl\u0131k ve sanat tarihine yapt\u0131\u011f\u0131 katk\u0131larla Osmanl\u0131 mimarl\u0131k tarihyaz\u0131m\u0131 a\u00e7\u0131s\u0131ndan vazge\u00e7ilmez bir isim. 15. Yu\u0308zy\u0131lda Tu\u0308rk Mimarl\u0131\u011f\u0131 ve Tezyinat\u0131 ise konuyla ilgili olarak Avrupa\u2019da yay\u0131mlanm\u0131\u015f ilk kitaplardan biri. L\u00e9on Parvill\u00e9e, hocas\u0131 Viollet-le-Duc\u2019u\u0308n kitab\u0131n \u00f6ns\u00f6zu\u0308nde vurgulad\u0131\u011f\u0131 \u201cTu\u0308rk sanat\u0131 denilen bir \u015fey ger\u00e7ekten var m\u0131?\u201d sorusuna burada a\u00e7\u0131k bir yan\u0131t veriyor. Eski Osmanl\u0131 ba\u015fkenti Bursa\u2019daki Ye\u015fil Cami, Ye\u015fil Tu\u0308rbe, Orhan Camii, Muradiye Tu\u0308rbeleri gibi 15. yu\u0308zy\u0131l Osmanl\u0131 mimarl\u0131\u011f\u0131 yap\u0131tlar\u0131n\u0131n r\u00f6l\u00f6ve ve detay \u00e7izimlerinin yer ald\u0131\u011f\u0131 kitab\u0131n bu Tu\u0308rk\u00e7e bask\u0131s\u0131na Miyuki Aoki Girardelli de kapsaml\u0131 bir \u00f6ns\u00f6zle katk\u0131da bulundu. <\/p>\n","protected":false},"excerpt":{"rendered":"<p>Frans\u0131z mimar L\u00e9on Parvill\u00e9e\u2019nin 1874\u2019te Paris\u2019te Frans\u0131zca olarak yay\u0131mlanan 15. Yu\u0308zy\u0131lda Tu\u0308rk Mimarl\u0131\u011f\u0131 ve Tezyinat\u0131 adl\u0131 yap\u0131t\u0131 146 y\u0131l aradan sonra ilk kez Tu\u0308rk\u00e7eye \u00e7evriliyor. 16<span class=\"excerpt-hellip\"> [\u2026]<\/span><\/p>\n","protected":false},"featured_media":0,"template":"","meta":{"_monsterinsights_skip_tracking":false,"_monsterinsights_sitenote_active":false,"_monsterinsights_sitenote_note":"","_monsterinsights_sitenote_category":0},"product_brand":[],"product_cat":[16169,12408],"product_tag":[],"class_list":{"0":"post-724630","1":"product","2":"type-product","3":"status-publish","5":"product_cat-geleneksel-sanatlar","6":"product_cat-sanat","7":"pa_cilt-ciltsiz","8":"pa_tur-kitap","9":"pa_yayinevi-kirmizi-kedi-yayinevi","10":"pa_yazar-leon-parvillee","12":"first","13":"instock","14":"sale","15":"shipping-taxable","16":"purchasable","17":"product-type-simple"},"_links":{"self":[{"href":"https:\/\/roveyayinevi.com.tr\/index.php\/wp-json\/wp\/v2\/product\/724630","targetHints":{"allow":["GET"]}}],"collection":[{"href":"https:\/\/roveyayinevi.com.tr\/index.php\/wp-json\/wp\/v2\/product"}],"about":[{"href":"https:\/\/roveyayinevi.com.tr\/index.php\/wp-json\/wp\/v2\/types\/product"}],"wp:attachment":[{"href":"https:\/\/roveyayinevi.com.tr\/index.php\/wp-json\/wp\/v2\/media?parent=724630"}],"wp:term":[{"taxonomy":"product_brand","embeddable":true,"href":"https:\/\/roveyayinevi.com.tr\/index.php\/wp-json\/wp\/v2\/product_brand?post=724630"},{"taxonomy":"product_cat","embeddable":true,"href":"https:\/\/roveyayinevi.com.tr\/index.php\/wp-json\/wp\/v2\/product_cat?post=724630"},{"taxonomy":"product_tag","embeddable":true,"href":"https:\/\/roveyayinevi.com.tr\/index.php\/wp-json\/wp\/v2\/product_tag?post=724630"}],"curies":[{"name":"wp","href":"https:\/\/api.w.org\/{rel}","templated":true}]}}