{"id":724629,"date":"2025-08-27T19:37:10","date_gmt":"2025-08-27T16:37:10","guid":{"rendered":"https:\/\/roveyayinevi.com.tr\/index.php\/urun\/casuslar-mucadelesi\/"},"modified":"2026-04-16T02:32:26","modified_gmt":"2026-04-15T23:32:26","slug":"casuslar-mucadelesi","status":"publish","type":"product","link":"https:\/\/roveyayinevi.com.tr\/index.php\/urun\/casuslar-mucadelesi\/","title":{"rendered":"Casuslar M\u00fccadelesi"},"content":{"rendered":"<p>Sava\u015f\u0131n \u00fcst\u00fcnden uzun zaman ge\u00e7mi\u015f, \u015eube \u015fa\u015fal\u0131 g\u00fcnlerini geride b\u0131rakm\u0131\u015f, \u00e7o\u011funluk b\u00fcrokratik m\u00fccadelelere dalm\u0131\u015ft\u0131r. Bat\u0131 Almanya s\u0131n\u0131r\u0131na yak\u0131n bir b\u00f6lgede gizli bir f\u00fcze \u00fcss\u00fc bulundu\u011fu dedikodusu \u015eube\u2019ye ula\u015f\u0131r. Bu, istihbarat d\u00fcnyas\u0131nda eski yerlerini almalar\u0131n\u0131 sa\u011flayabilecek bir \u015fanst\u0131r. George Smiley ve Circus\u2019la rekabetlerinde sonunda kazanan taraf olma ihtimalini yakalam\u0131\u015flard\u0131r. Eski ajanlar\u0131 Fred Leiser\u2019\u0131 Do\u011fu Almanya\u2019ya k\u0131sa bir e\u011fitim ve sava\u015f g\u00fcnlerinin ha\u015fmetli hat\u0131ralar\u0131yla yollad\u0131klar\u0131nda, istihbarat d\u00fcnyas\u0131n\u0131n b\u00fcy\u00fcleyici perdesi aralanacak, bamba\u015fka bir karanl\u0131k t\u00fcm pisli\u011fiyle ortaya serilecektir. John Le Carr\u00e9\u2019nin kalemi Casuslar M\u00fccadelesi\u2019nde ger\u00e7ek\u00e7i ve ac\u0131mas\u0131z. \u201cCasuslar\u0131n b\u00fcy\u00fcleyici ya\u015famlar\u0131 de\u011fil, insanl\u0131\u011f\u0131n trajik ve y\u0131k\u0131c\u0131 bir kayd\u0131.\u201d New York Herald Tribune \u201cNadir denk gelen etkileyici kitaplardan\u2026\u201d Financial Times <\/p>\n","protected":false},"excerpt":{"rendered":"<p>Sava\u015f\u0131n \u00fcst\u00fcnden uzun zaman ge\u00e7mi\u015f, \u015eube \u015fa\u015fal\u0131 g\u00fcnlerini geride b\u0131rakm\u0131\u015f, \u00e7o\u011funluk b\u00fcrokratik m\u00fccadelelere dalm\u0131\u015ft\u0131r. Bat\u0131 Almanya s\u0131n\u0131r\u0131na yak\u0131n bir b\u00f6lgede gizli bir f\u00fcze \u00fcss\u00fc bulundu\u011fu dedikodusu<span class=\"excerpt-hellip\"> [\u2026]<\/span><\/p>\n","protected":false},"featured_media":0,"template":"","meta":{"_monsterinsights_skip_tracking":false,"_monsterinsights_sitenote_active":false,"_monsterinsights_sitenote_note":"","_monsterinsights_sitenote_category":0},"product_brand":[],"product_cat":[12291,15445],"product_tag":[],"class_list":{"0":"post-724629","1":"product","2":"type-product","3":"status-publish","5":"product_cat-edebiyat","6":"product_cat-polisiye","7":"pa_cilt-ciltsiz","8":"pa_tur-kitap","9":"pa_yayinevi-kirmizi-kedi-yayinevi","10":"pa_yazar-john-le-carre","12":"first","13":"instock","14":"sale","15":"shipping-taxable","16":"purchasable","17":"product-type-simple"},"_links":{"self":[{"href":"https:\/\/roveyayinevi.com.tr\/index.php\/wp-json\/wp\/v2\/product\/724629","targetHints":{"allow":["GET"]}}],"collection":[{"href":"https:\/\/roveyayinevi.com.tr\/index.php\/wp-json\/wp\/v2\/product"}],"about":[{"href":"https:\/\/roveyayinevi.com.tr\/index.php\/wp-json\/wp\/v2\/types\/product"}],"wp:attachment":[{"href":"https:\/\/roveyayinevi.com.tr\/index.php\/wp-json\/wp\/v2\/media?parent=724629"}],"wp:term":[{"taxonomy":"product_brand","embeddable":true,"href":"https:\/\/roveyayinevi.com.tr\/index.php\/wp-json\/wp\/v2\/product_brand?post=724629"},{"taxonomy":"product_cat","embeddable":true,"href":"https:\/\/roveyayinevi.com.tr\/index.php\/wp-json\/wp\/v2\/product_cat?post=724629"},{"taxonomy":"product_tag","embeddable":true,"href":"https:\/\/roveyayinevi.com.tr\/index.php\/wp-json\/wp\/v2\/product_tag?post=724629"}],"curies":[{"name":"wp","href":"https:\/\/api.w.org\/{rel}","templated":true}]}}