{"id":724626,"date":"2025-08-27T19:37:07","date_gmt":"2025-08-27T16:37:07","guid":{"rendered":"https:\/\/roveyayinevi.com.tr\/index.php\/urun\/bicak-sirti\/"},"modified":"2026-04-16T02:32:26","modified_gmt":"2026-04-15T23:32:26","slug":"bicak-sirti","status":"publish","type":"product","link":"https:\/\/roveyayinevi.com.tr\/index.php\/urun\/bicak-sirti\/","title":{"rendered":"B\u0131\u00e7ak S\u0131rt\u0131"},"content":{"rendered":"<p>Hawaii\u2019nin ba\u015fkentindeki basit bir safrakesesi ameliyat\u0131 ters gitti\u011finde, kimse cinayetten \u015f\u00fcphelenmez. Ta ki Dr. Chesne, kendisine kar\u015f\u0131 ustal\u0131kla kurgulanm\u0131\u015f bir komployu ortaya \u00e7\u0131karmak i\u00e7in be\u015f y\u0131l \u00f6nceki trajik olaylar silsilesine dair ipu\u00e7lar\u0131na ula\u015fana kadar. Fakat cinayetler devam eder; Dr. Chesne\u2019nin taraf de\u011fi\u015ftiren Avukat David Ransom ile birlikte kendilerini namlunun ucunda bulmalar\u0131 art\u0131k an meselesidir. Tess Gerritsen, B\u0131\u00e7ak S\u0131rt\u0131\u2019nda, bir zamanlar doktor olarak \u00e7al\u0131\u015ft\u0131\u011f\u0131 hastaneyi bir gerilim atmosferi alt\u0131nda ziyaret ediyor. \u015e\u00fcpheliler teker teker kurbana d\u00f6n\u00fc\u015f\u00fcrken, Gerritsen\u2019in kahramanlar\u0131 zamana kar\u015f\u0131 \u00e7etin bir yar\u0131\u015fa giriyor. Okuru da bu soluk solu\u011fa ko\u015fuda pe\u015finden s\u00fcr\u00fckleyerek&#8230; <\/p>\n","protected":false},"excerpt":{"rendered":"<p>Hawaii\u2019nin ba\u015fkentindeki basit bir safrakesesi ameliyat\u0131 ters gitti\u011finde, kimse cinayetten \u015f\u00fcphelenmez. Ta ki Dr. Chesne, kendisine kar\u015f\u0131 ustal\u0131kla kurgulanm\u0131\u015f bir komployu ortaya \u00e7\u0131karmak i\u00e7in be\u015f y\u0131l<span class=\"excerpt-hellip\"> [\u2026]<\/span><\/p>\n","protected":false},"featured_media":0,"template":"","meta":{"_monsterinsights_skip_tracking":false,"_monsterinsights_sitenote_active":false,"_monsterinsights_sitenote_note":"","_monsterinsights_sitenote_category":0},"product_brand":[],"product_cat":[12291,15445],"product_tag":[],"class_list":{"0":"post-724626","1":"product","2":"type-product","3":"status-publish","5":"product_cat-edebiyat","6":"product_cat-polisiye","7":"pa_cilt-ciltsiz","8":"pa_tur-kitap","9":"pa_yayinevi-dogan-kitap","10":"pa_yazar-tess-gerritsen","12":"first","13":"instock","14":"sale","15":"shipping-taxable","16":"purchasable","17":"product-type-simple"},"_links":{"self":[{"href":"https:\/\/roveyayinevi.com.tr\/index.php\/wp-json\/wp\/v2\/product\/724626","targetHints":{"allow":["GET"]}}],"collection":[{"href":"https:\/\/roveyayinevi.com.tr\/index.php\/wp-json\/wp\/v2\/product"}],"about":[{"href":"https:\/\/roveyayinevi.com.tr\/index.php\/wp-json\/wp\/v2\/types\/product"}],"wp:attachment":[{"href":"https:\/\/roveyayinevi.com.tr\/index.php\/wp-json\/wp\/v2\/media?parent=724626"}],"wp:term":[{"taxonomy":"product_brand","embeddable":true,"href":"https:\/\/roveyayinevi.com.tr\/index.php\/wp-json\/wp\/v2\/product_brand?post=724626"},{"taxonomy":"product_cat","embeddable":true,"href":"https:\/\/roveyayinevi.com.tr\/index.php\/wp-json\/wp\/v2\/product_cat?post=724626"},{"taxonomy":"product_tag","embeddable":true,"href":"https:\/\/roveyayinevi.com.tr\/index.php\/wp-json\/wp\/v2\/product_tag?post=724626"}],"curies":[{"name":"wp","href":"https:\/\/api.w.org\/{rel}","templated":true}]}}