{"id":724623,"date":"2025-08-27T19:37:05","date_gmt":"2025-08-27T16:37:05","guid":{"rendered":"https:\/\/roveyayinevi.com.tr\/index.php\/urun\/kozmosun-akli-nicin-buradayiz\/"},"modified":"2026-04-16T02:32:25","modified_gmt":"2026-04-15T23:32:25","slug":"kozmosun-akli-nicin-buradayiz","status":"publish","type":"product","link":"https:\/\/roveyayinevi.com.tr\/index.php\/urun\/kozmosun-akli-nicin-buradayiz\/","title":{"rendered":"Kozmosun Akl\u0131 &#8211; Ni\u00e7in Buraday\u0131z"},"content":{"rendered":"<p>\u00c7a\u011f\u0131m\u0131z\u0131n en \u00f6nemli filozoflar\u0131ndan Ervin Laszlo, Kozmosun Akl\u0131: Ni\u00e7in Buraday\u0131z?\u2019da du\u0308nyada bulunma amac\u0131m\u0131za verilen klasik cevaplar\u0131n eksik y\u00f6nlerini aktar\u0131yor ve bizi, yeni yan\u0131tlar\u0131n pe\u015fine du\u0308\u015fu\u0308ru\u0308yor. Laszlo, maddeye saplanan bilimsel paradigman\u0131n bir sonucu olan insan merkezli du\u0308nya anlay\u0131\u015f\u0131n\u0131n sonuna geldi\u011fimizi, art\u0131k birbirimizle ve ba\u011fl\u0131 oldu\u011fumuz her bir zerreyle olan ili\u015fkimizi g\u00f6zden ge\u00e7irmenin zaman\u0131n\u0131n geldi\u011fini hat\u0131rlat\u0131yor.   Birbirimizle nas\u0131l yeniden ba\u011flant\u0131 kuraca\u011f\u0131m\u0131z, par\u00e7adaki evrimsel geli\u015fmelerin bu\u0308tu\u0308nu\u0308 ne \u015fekilde d\u00f6nu\u0308\u015ftu\u0308rece\u011fi hakk\u0131nda s\u0131ra d\u0131\u015f\u0131 bilgiler ile tan\u0131\u015fmaya ve s\u0131n\u0131rland\u0131r\u0131lm\u0131\u015f du\u0308nya g\u00f6ru\u0308\u015fu\u0308nu\u0308z ile yu\u0308zle\u015fmeye haz\u0131r olun.   \u201cBilin\u00e7li evrenin ak\u0131l almaz bir kavram oldu\u011fu ve gelece\u011finizle ilgili vaatlerle dolu bir fikir oldu\u011fu zamanlardan beri, Ervin Laszlo bu fikrin sad\u0131k bir savunucusuydu. \u015eimdiyse o ve meslekta\u015flar\u0131, bu sav\u0131 daha bu\u0308yu\u0308k bir \u0131srar ve derinlikle ilan ediyorlar. Bu bilincin, varolu\u015fun temel zemini olarak de\u011ferlendirilmesi gerekti\u011fi konusunda onlarla hemfikirim.\u201d Deepak Chopra   \u201cErvin Laszlo hi\u00e7 \u015fu\u0308phesiz gu\u0308nu\u0308mu\u0308zu\u0308n en bu\u0308yu\u0308k bilim insan\u0131 ve filozoflar\u0131ndan biridir. Laszlo, daha \u00f6nce imk\u00e2ns\u0131z oldu\u011fu du\u0308\u015fu\u0308nu\u0308len bir konuda ba\u015far\u0131l\u0131 oldu; do\u011fa bilimleri, psikoloji, felsefe ve spiritu\u0308ellik aras\u0131ndaki s\u0131n\u0131rlar\u0131 kald\u0131ran bir \u2018her \u015feyin haritas\u0131\u2019 yaratt\u0131. Son kitab\u0131 Kozmosun Akl\u0131: Ni\u00e7in Buraday\u0131z?\u2019 da \u00f6ne su\u0308rdu\u0308kleri, yirmi birinci yu\u0308zy\u0131l\u0131n kapsaml\u0131 bilimsel du\u0308nya g\u00f6ru\u0308\u015fu\u0308nu\u0308n mihenk ta\u015f\u0131 olabilir.\u201d <\/p>\n","protected":false},"excerpt":{"rendered":"<p>\u00c7a\u011f\u0131m\u0131z\u0131n en \u00f6nemli filozoflar\u0131ndan Ervin Laszlo, Kozmosun Akl\u0131: Ni\u00e7in Buraday\u0131z?\u2019da du\u0308nyada bulunma amac\u0131m\u0131za verilen klasik cevaplar\u0131n eksik y\u00f6nlerini aktar\u0131yor ve bizi, yeni yan\u0131tlar\u0131n pe\u015fine du\u0308\u015fu\u0308ru\u0308yor. Laszlo,<span class=\"excerpt-hellip\"> [\u2026]<\/span><\/p>\n","protected":false},"featured_media":0,"template":"","meta":{"_monsterinsights_skip_tracking":false,"_monsterinsights_sitenote_active":false,"_monsterinsights_sitenote_note":"","_monsterinsights_sitenote_category":0},"product_brand":[],"product_cat":[13005,13006],"product_tag":[],"class_list":{"0":"post-724623","1":"product","2":"type-product","3":"status-publish","5":"product_cat-bilim-muhendislik","6":"product_cat-populer-bilim","7":"pa_cilt-ciltsiz","8":"pa_tur-kitap","9":"pa_yayinevi-omega","10":"pa_yazar-ervin-laszlo-ceviri-ibrahim-s-canbolat","12":"first","13":"instock","14":"sale","15":"shipping-taxable","16":"purchasable","17":"product-type-simple"},"_links":{"self":[{"href":"https:\/\/roveyayinevi.com.tr\/index.php\/wp-json\/wp\/v2\/product\/724623","targetHints":{"allow":["GET"]}}],"collection":[{"href":"https:\/\/roveyayinevi.com.tr\/index.php\/wp-json\/wp\/v2\/product"}],"about":[{"href":"https:\/\/roveyayinevi.com.tr\/index.php\/wp-json\/wp\/v2\/types\/product"}],"wp:attachment":[{"href":"https:\/\/roveyayinevi.com.tr\/index.php\/wp-json\/wp\/v2\/media?parent=724623"}],"wp:term":[{"taxonomy":"product_brand","embeddable":true,"href":"https:\/\/roveyayinevi.com.tr\/index.php\/wp-json\/wp\/v2\/product_brand?post=724623"},{"taxonomy":"product_cat","embeddable":true,"href":"https:\/\/roveyayinevi.com.tr\/index.php\/wp-json\/wp\/v2\/product_cat?post=724623"},{"taxonomy":"product_tag","embeddable":true,"href":"https:\/\/roveyayinevi.com.tr\/index.php\/wp-json\/wp\/v2\/product_tag?post=724623"}],"curies":[{"name":"wp","href":"https:\/\/api.w.org\/{rel}","templated":true}]}}