{"id":724622,"date":"2025-08-27T19:37:04","date_gmt":"2025-08-27T16:37:04","guid":{"rendered":"https:\/\/roveyayinevi.com.tr\/index.php\/urun\/ibn-haldun\/"},"modified":"2026-04-16T02:32:25","modified_gmt":"2026-04-15T23:32:25","slug":"ibn-haldun","status":"publish","type":"product","link":"https:\/\/roveyayinevi.com.tr\/index.php\/urun\/ibn-haldun\/","title":{"rendered":"\u0130bn Haldun"},"content":{"rendered":"<p>Ruhsal bir y\u00f6nelim, sanc\u0131l\u0131 bir aray\u0131\u015f ve i\u00e7sel bir yolculu\u011fun umutla beklenen son dura\u011f\u0131 olan hakik\u00e2te eri\u015fmek i\u00e7in, daima yolda olmak ve g\u00f6zu\u0308nu\u0308 hedeften ay\u0131rmamak gerekir. Hakik\u00e2t aray\u0131\u015f\u0131 bir \u00f6mu\u0308rdu\u0308r. \u0130bn Hald\u00fbn erken ba\u015flayan ya\u015fam seru\u0308veni, eserleri, kavramlar\u0131 ve meseleleriyle bunlara e\u015flik eden kay\u0131plar\u0131, ac\u0131lar\u0131 ve hu\u0308zu\u0308nleriyle hakik\u00e2tin bir \u00f6mu\u0308r yolcusudur. Toplum ya\u015fam\u0131n\u0131n hakik\u00e2tlerini aramak u\u0308zere \u00e7\u0131kt\u0131\u011f\u0131 yolda sebatk\u00e2r yu\u0308ru\u0308mu\u0308\u015f, adeta be\u015f as\u0131r u\u0308mmetsiz kalm\u0131\u015f bir peygamber gibi, fakir bir malzemeden muhte\u015fem bir bina in\u015fa etmi\u015ftir.   \u0130bn Hald\u00fbn, u\u0308zerine yap\u0131lm\u0131\u015f pek \u00e7ok \u00e7al\u0131\u015fmaya ra\u011fmen her defas\u0131nda yeniden ve yeni bir g\u00f6zle de\u011ferlendirmeye imk\u00e2n veren mu\u0308nbit bir yazard\u0131r. Buna kar\u015f\u0131n toplumun geneline yay\u0131lm\u0131\u015f bir tan\u0131n\u0131rl\u0131\u011f\u0131 oldu\u011funu s\u00f6ylemek gu\u0308\u00e7tu\u0308r ve hem hayat\u0131n\u0131n hem de du\u0308\u015fu\u0308ncelerinin yeni nesillerce bilinmesi i\u00e7in bu tu\u0308rden \u00e7al\u0131\u015fmalara ihtiya\u00e7 oldu\u011fu a\u00e7\u0131kt\u0131r. Ayn\u0131 zamanda \u00e7ok \u00f6nemli bir husus olarak \u0130bn Hald\u00fbn, her d\u00f6nem de\u011fi\u015fen \u015fartlar alt\u0131nda yeniden de\u011ferlendirmeye ve anlamaya imk\u00e2n verecek bir derinli\u011fe ve tazeli\u011fe de sahiptir. Toplumsal hareketleri tan\u0131mlad\u0131\u011f\u0131 umran, gruplar aras\u0131 ili\u015fki ve ge\u00e7i\u015fleri anlamada ba\u015fvurdu\u011fu asabiyye kavramlar\u0131, devletlerin do\u011fu\u015f ve y\u0131k\u0131l\u0131\u015f hik\u00e2yelerini i\u00e7eren ma\u011flubun g\u00e2libi taklidi ve devletin be\u015f tavr\u0131 teorileri, herkes ve her devir i\u00e7in bir rehber konumundad\u0131r. E\u011fitime ve ekonomiye ili\u015fkin \u00f6nerileri de bugu\u0308n h\u00e2l\u00e2 uygulanabilirli\u011fini muhafaza etmektedir. Genel olarak medeniyet tasavvuru ise, bir anlamda a\u015fk ve nefret ili\u015fkisi gibidir. <\/p>\n","protected":false},"excerpt":{"rendered":"<p>Ruhsal bir y\u00f6nelim, sanc\u0131l\u0131 bir aray\u0131\u015f ve i\u00e7sel bir yolculu\u011fun umutla beklenen son dura\u011f\u0131 olan hakik\u00e2te eri\u015fmek i\u00e7in, daima yolda olmak ve g\u00f6zu\u0308nu\u0308 hedeften ay\u0131rmamak gerekir.<span class=\"excerpt-hellip\"> [\u2026]<\/span><\/p>\n","protected":false},"featured_media":0,"template":"","meta":{"_monsterinsights_skip_tracking":false,"_monsterinsights_sitenote_active":false,"_monsterinsights_sitenote_note":"","_monsterinsights_sitenote_category":0},"product_brand":[],"product_cat":[12370,12304],"product_tag":[],"class_list":{"0":"post-724622","1":"product","2":"type-product","3":"status-publish","5":"product_cat-arastirma-inceleme","6":"product_cat-tarih","7":"pa_cilt-ciltsiz","8":"pa_tur-kitap","9":"pa_yayinevi-say-yayinlari","10":"pa_yazar-murat-erten","12":"first","13":"instock","14":"sale","15":"shipping-taxable","16":"purchasable","17":"product-type-simple"},"_links":{"self":[{"href":"https:\/\/roveyayinevi.com.tr\/index.php\/wp-json\/wp\/v2\/product\/724622","targetHints":{"allow":["GET"]}}],"collection":[{"href":"https:\/\/roveyayinevi.com.tr\/index.php\/wp-json\/wp\/v2\/product"}],"about":[{"href":"https:\/\/roveyayinevi.com.tr\/index.php\/wp-json\/wp\/v2\/types\/product"}],"wp:attachment":[{"href":"https:\/\/roveyayinevi.com.tr\/index.php\/wp-json\/wp\/v2\/media?parent=724622"}],"wp:term":[{"taxonomy":"product_brand","embeddable":true,"href":"https:\/\/roveyayinevi.com.tr\/index.php\/wp-json\/wp\/v2\/product_brand?post=724622"},{"taxonomy":"product_cat","embeddable":true,"href":"https:\/\/roveyayinevi.com.tr\/index.php\/wp-json\/wp\/v2\/product_cat?post=724622"},{"taxonomy":"product_tag","embeddable":true,"href":"https:\/\/roveyayinevi.com.tr\/index.php\/wp-json\/wp\/v2\/product_tag?post=724622"}],"curies":[{"name":"wp","href":"https:\/\/api.w.org\/{rel}","templated":true}]}}