{"id":724621,"date":"2025-08-27T19:37:04","date_gmt":"2025-08-27T16:37:04","guid":{"rendered":"https:\/\/roveyayinevi.com.tr\/index.php\/urun\/psikoloji-cizgibilim\/"},"modified":"2026-04-16T02:32:25","modified_gmt":"2026-04-15T23:32:25","slug":"psikoloji-cizgibilim","status":"publish","type":"product","link":"https:\/\/roveyayinevi.com.tr\/index.php\/urun\/psikoloji-cizgibilim\/","title":{"rendered":"Psikoloji (\u00c7izgiBilim)"},"content":{"rendered":"<p>Psikoloji nedir? Nas\u0131l ve ne zaman ba\u015flam\u0131\u015ft\u0131r? Kurucusu kimdir? Psikiyatri ve psikoterapi gibi alanlardan nas\u0131l farkl\u0131d\u0131r? Hangi \u00f6zellikleriyle bir \u201cbilim\u201d say\u0131l\u0131r?   Psikoloji, bu\u0308tu\u0308n bu sorular\u0131n cevaplar\u0131n\u0131 kapsayan ve felsefeye dayanan k\u00f6kenlerinden bugu\u0308nku\u0308 durumuna kadar psikolojiyi bir bu\u0308tu\u0308n olarak inceleyen e\u011flenceli bir kitap. Psikodinamik ve Davran\u0131\u015f\u00e7\u0131l\u0131k gibi temel du\u0308\u015fu\u0308nce \u201cokullar\u0131\u201d, biyopsikoloji, psikanaliz, kar\u015f\u0131la\u015ft\u0131rmal\u0131 psikoloji ve bili\u015fsel yakla\u015f\u0131m gibi psikolojinin alanlar\u0131 ile Freud, Wundt, Jung, Pavlov, Skinner, Piaget, Maslow ve daha bir\u00e7ok \u00f6nemli isim psikolojinin uzun yolculu\u011funda okurlar\u0131 bekliyor. \u0130nsan davran\u0131\u015flar\u0131n\u0131n k\u00f6kenlerini ve dinamiklerini ke\u015ffetmek isteyenler i\u00e7in ideal bir kitap. <\/p>\n","protected":false},"excerpt":{"rendered":"<p>Psikoloji nedir? Nas\u0131l ve ne zaman ba\u015flam\u0131\u015ft\u0131r? Kurucusu kimdir? Psikiyatri ve psikoterapi gibi alanlardan nas\u0131l farkl\u0131d\u0131r? Hangi \u00f6zellikleriyle bir \u201cbilim\u201d say\u0131l\u0131r? Psikoloji, bu\u0308tu\u0308n bu sorular\u0131n cevaplar\u0131n\u0131<span class=\"excerpt-hellip\"> [\u2026]<\/span><\/p>\n","protected":false},"featured_media":0,"template":"","meta":{"_monsterinsights_skip_tracking":false,"_monsterinsights_sitenote_active":false,"_monsterinsights_sitenote_note":"","_monsterinsights_sitenote_category":0},"product_brand":[],"product_cat":[12358,12357],"product_tag":[],"class_list":{"0":"post-724621","1":"product","2":"type-product","3":"status-publish","5":"product_cat-genel-psikoloji","6":"product_cat-psikoloji","7":"pa_cilt-ciltsiz","8":"pa_tur-kitap","9":"pa_yayinevi-say-yayinlari","10":"pa_yazar-nigel-c-benson","12":"first","13":"instock","14":"sale","15":"shipping-taxable","16":"purchasable","17":"product-type-simple"},"_links":{"self":[{"href":"https:\/\/roveyayinevi.com.tr\/index.php\/wp-json\/wp\/v2\/product\/724621","targetHints":{"allow":["GET"]}}],"collection":[{"href":"https:\/\/roveyayinevi.com.tr\/index.php\/wp-json\/wp\/v2\/product"}],"about":[{"href":"https:\/\/roveyayinevi.com.tr\/index.php\/wp-json\/wp\/v2\/types\/product"}],"wp:attachment":[{"href":"https:\/\/roveyayinevi.com.tr\/index.php\/wp-json\/wp\/v2\/media?parent=724621"}],"wp:term":[{"taxonomy":"product_brand","embeddable":true,"href":"https:\/\/roveyayinevi.com.tr\/index.php\/wp-json\/wp\/v2\/product_brand?post=724621"},{"taxonomy":"product_cat","embeddable":true,"href":"https:\/\/roveyayinevi.com.tr\/index.php\/wp-json\/wp\/v2\/product_cat?post=724621"},{"taxonomy":"product_tag","embeddable":true,"href":"https:\/\/roveyayinevi.com.tr\/index.php\/wp-json\/wp\/v2\/product_tag?post=724621"}],"curies":[{"name":"wp","href":"https:\/\/api.w.org\/{rel}","templated":true}]}}