{"id":724620,"date":"2025-08-27T19:37:03","date_gmt":"2025-08-27T16:37:03","guid":{"rendered":"https:\/\/roveyayinevi.com.tr\/index.php\/urun\/dijicocuk\/"},"modified":"2026-04-16T02:32:25","modified_gmt":"2026-04-15T23:32:25","slug":"dijicocuk","status":"publish","type":"product","link":"https:\/\/roveyayinevi.com.tr\/index.php\/urun\/dijicocuk\/","title":{"rendered":"Diji\u00c7ocuk"},"content":{"rendered":"<p>\u0130\u00e7indekiler 1.      Youtube\u2019un \u00c7ocuklar\u0131 2.      Teknoloji ve \u00c7ocuklar\u0131n B\u00fct\u00fcnsel \u0130yi Olu\u015fu 3.      Yeni Medya Fark\u0131ndal\u0131\u011f\u0131 ve \u00c7ocuk \/ \u00c7ocuk ve G\u00f6rsel Alg\u0131 Kuramlar\u0131 4.      Yeni Medya Ortam\u0131nda \u00c7ocu\u011fun Birey Olmas\u0131 5.      Yeni Medya Okuryazarl\u0131\u011f\u0131 ve \u00c7ocuk 6.      Diji\u00e7ocuk\u2019un Dijital Oyunlar\u0131 7.      Yeni Medya ile \u015eekillenen \u00c7ocuklar\u0131n T\u00fcketim K\u00fclt\u00fcr\u00fc 8.      Yeni Medya ve Ba\u011f\u0131ml\u0131l\u0131k 9.      Yeni Medya ve \u00c7ocuk Haklar\u0131 <\/p>\n","protected":false},"excerpt":{"rendered":"<p>\u0130\u00e7indekiler 1. Youtube\u2019un \u00c7ocuklar\u0131 2. Teknoloji ve \u00c7ocuklar\u0131n B\u00fct\u00fcnsel \u0130yi Olu\u015fu 3. Yeni Medya Fark\u0131ndal\u0131\u011f\u0131 ve \u00c7ocuk \/ \u00c7ocuk ve G\u00f6rsel Alg\u0131 Kuramlar\u0131 4. Yeni Medya<span class=\"excerpt-hellip\"> [\u2026]<\/span><\/p>\n","protected":false},"featured_media":0,"template":"","meta":{"_monsterinsights_skip_tracking":false,"_monsterinsights_sitenote_active":false,"_monsterinsights_sitenote_note":"","_monsterinsights_sitenote_category":0},"product_brand":[],"product_cat":[15983,13488],"product_tag":[],"class_list":{"0":"post-724620","1":"product","2":"type-product","3":"status-publish","5":"product_cat-iletisim-ve-medya","6":"product_cat-toplum-ve-insan","7":"pa_cilt-ciltsiz","8":"pa_tur-kitap","9":"pa_yayinevi-gazi-kitabevi","10":"pa_yazar-eda-sezerer-albayrak","12":"first","13":"instock","14":"sale","15":"shipping-taxable","16":"purchasable","17":"product-type-simple"},"_links":{"self":[{"href":"https:\/\/roveyayinevi.com.tr\/index.php\/wp-json\/wp\/v2\/product\/724620","targetHints":{"allow":["GET"]}}],"collection":[{"href":"https:\/\/roveyayinevi.com.tr\/index.php\/wp-json\/wp\/v2\/product"}],"about":[{"href":"https:\/\/roveyayinevi.com.tr\/index.php\/wp-json\/wp\/v2\/types\/product"}],"wp:attachment":[{"href":"https:\/\/roveyayinevi.com.tr\/index.php\/wp-json\/wp\/v2\/media?parent=724620"}],"wp:term":[{"taxonomy":"product_brand","embeddable":true,"href":"https:\/\/roveyayinevi.com.tr\/index.php\/wp-json\/wp\/v2\/product_brand?post=724620"},{"taxonomy":"product_cat","embeddable":true,"href":"https:\/\/roveyayinevi.com.tr\/index.php\/wp-json\/wp\/v2\/product_cat?post=724620"},{"taxonomy":"product_tag","embeddable":true,"href":"https:\/\/roveyayinevi.com.tr\/index.php\/wp-json\/wp\/v2\/product_tag?post=724620"}],"curies":[{"name":"wp","href":"https:\/\/api.w.org\/{rel}","templated":true}]}}