{"id":724619,"date":"2025-08-27T19:37:02","date_gmt":"2025-08-27T16:37:02","guid":{"rendered":"https:\/\/roveyayinevi.com.tr\/index.php\/urun\/akademisyen-basarisi-algilar-stratejiler-ve-oneriler\/"},"modified":"2026-04-16T02:32:25","modified_gmt":"2026-04-15T23:32:25","slug":"akademisyen-basarisi-algilar-stratejiler-ve-oneriler","status":"publish","type":"product","link":"https:\/\/roveyayinevi.com.tr\/index.php\/urun\/akademisyen-basarisi-algilar-stratejiler-ve-oneriler\/","title":{"rendered":"Akademisyen Ba\u015far\u0131s\u0131 Alg\u0131lar, Stratejiler ve \u00d6neriler"},"content":{"rendered":"<p>\u0130\u00e7indekiler 1.      Giri\u015f 1.1   Ama\u00e7 1.2   Kapsam ve Y\u00f6ntem 1.3   Ara\u015ft\u0131rman\u0131n \u00d6nemi 1.4   S\u0131n\u0131rl\u0131l\u0131klar 2.      Ba\u015far\u0131 ve Akademisyen Ba\u015far\u0131s\u0131 Nedir ? 3.      Y\u00f6ntem 3.1   \u00d6rneklem 3.2   Verilerin Toplanmas\u0131 3.3   Verilerin \u0130\u015flenmesi 4.      Bulgular 4.1   Akademisyen Ba\u015far\u0131s\u0131 Nedir ? Nas\u0131l Tan\u0131mlanabilir ? 4.2   Akademisyen Ba\u015far\u0131s\u0131 Bireysel Midir ? 4.3   Ba\u015far\u0131l\u0131 Akademisyenlerin Karakter \u00d6zellikleri 4.4   Ba\u015far\u0131l\u0131 Akademisyenlerin E\u011fitimleri 4.5   Akademisyen Ba\u015far\u0131s\u0131n\u0131 Destekleyen \u00c7evresel \u00d6zellikler 4.6   Akademisyen Ba\u015far\u0131s\u0131nda Ara\u015ft\u0131rma Faaliyetlerinin Etkisi 4.7   Akademisyen Ba\u015far\u0131s\u0131nda Konu ve Y\u00f6ntem Se\u00e7iminin Etkisi 4.8   Akademisyen Ba\u015far\u0131s\u0131nda \u00d6\u011freticili\u011fin Etkisi 4.9   Akademisyen Ba\u015far\u0131s\u0131nda Kuruma\/\u00dclkeye Fayda Sa\u011flaman\u0131n Etkisi 4.10 Akademisyen Ba\u015far\u0131s\u0131nda Uzmanla\u015fman\u0131n Etkisi 4.11 Akademisyen Ba\u015far\u0131s\u0131nda \u0130dari G\u00f6revlerin Etkisi 4.12 Akademisyen Ba\u015far\u0131s\u0131n\u0131 Art\u0131rmak \u0130\u00e7in Ka\u00e7\u0131n\u0131lmas\u0131 Gerekenler 4.13 Akademisyen Ba\u015far\u0131s\u0131n\u0131 A\u00e7\u0131klayan Di\u011fer Etmenler 4.14 \u00d6zet ve De\u011ferlendirme 5.      Akademisyen An\u0131 Kitaplar\u0131nda Ba\u015far\u0131 5.1   Aziz Sancar 5.2   Muazzez \u0130lmiye \u00c7\u0131\u011f 5.3   Cevat Geray 5.4   Nermen Abadan Unat 5.5   Sina Ak\u015fin 5.6   \u0130lber Ortayl\u0131 5.7   Korkut Boratav 5.8   Halil \u0130nalc\u0131k 5.9   \u00d6zet ve De\u011ferlendirme 6.      Sonu\u00e7 6.1   Genel De\u011ferlendirme 6.2   Sonu\u00e7 : Akademisyen Ba\u015far\u0131s\u0131 ve Ula\u015fma Yollar\u0131 6.3   \u00d6neriler <\/p>\n","protected":false},"excerpt":{"rendered":"<p>\u0130\u00e7indekiler 1. Giri\u015f 1.1 Ama\u00e7 1.2 Kapsam ve Y\u00f6ntem 1.3 Ara\u015ft\u0131rman\u0131n \u00d6nemi 1.4 S\u0131n\u0131rl\u0131l\u0131klar 2. Ba\u015far\u0131 ve Akademisyen Ba\u015far\u0131s\u0131 Nedir ? 3. Y\u00f6ntem 3.1 \u00d6rneklem 3.2<span class=\"excerpt-hellip\"> [\u2026]<\/span><\/p>\n","protected":false},"featured_media":0,"template":"","meta":{"_monsterinsights_skip_tracking":false,"_monsterinsights_sitenote_active":false,"_monsterinsights_sitenote_note":"","_monsterinsights_sitenote_category":0},"product_brand":[],"product_cat":[13043,19008],"product_tag":[],"class_list":{"0":"post-724619","1":"product","2":"type-product","3":"status-publish","5":"product_cat-ekonomi","6":"product_cat-yonetim","7":"pa_cilt-ciltsiz","8":"pa_tur-kitap","9":"pa_yayinevi-gazi-kitabevi","10":"pa_yazar-hande-karaaslan-ordek-mete-yildiz","12":"first","13":"instock","14":"sale","15":"shipping-taxable","16":"purchasable","17":"product-type-simple"},"_links":{"self":[{"href":"https:\/\/roveyayinevi.com.tr\/index.php\/wp-json\/wp\/v2\/product\/724619","targetHints":{"allow":["GET"]}}],"collection":[{"href":"https:\/\/roveyayinevi.com.tr\/index.php\/wp-json\/wp\/v2\/product"}],"about":[{"href":"https:\/\/roveyayinevi.com.tr\/index.php\/wp-json\/wp\/v2\/types\/product"}],"wp:attachment":[{"href":"https:\/\/roveyayinevi.com.tr\/index.php\/wp-json\/wp\/v2\/media?parent=724619"}],"wp:term":[{"taxonomy":"product_brand","embeddable":true,"href":"https:\/\/roveyayinevi.com.tr\/index.php\/wp-json\/wp\/v2\/product_brand?post=724619"},{"taxonomy":"product_cat","embeddable":true,"href":"https:\/\/roveyayinevi.com.tr\/index.php\/wp-json\/wp\/v2\/product_cat?post=724619"},{"taxonomy":"product_tag","embeddable":true,"href":"https:\/\/roveyayinevi.com.tr\/index.php\/wp-json\/wp\/v2\/product_tag?post=724619"}],"curies":[{"name":"wp","href":"https:\/\/api.w.org\/{rel}","templated":true}]}}