{"id":724618,"date":"2025-08-27T19:37:01","date_gmt":"2025-08-27T16:37:01","guid":{"rendered":"https:\/\/roveyayinevi.com.tr\/index.php\/urun\/guven-abi\/"},"modified":"2026-04-16T02:32:25","modified_gmt":"2026-04-15T23:32:25","slug":"guven-abi","status":"publish","type":"product","link":"https:\/\/roveyayinevi.com.tr\/index.php\/urun\/guven-abi\/","title":{"rendered":"G\u00fcven Abi"},"content":{"rendered":"<p>K\u00fc\u00e7\u00fckken bir kozadan \u00e7\u0131km\u0131\u015ft\u0131 G\u00fcven Abi. Ve en b\u00fcy\u00fck hayali, b\u00fcy\u00fcy\u00fcnce renkli kanatlar\u0131 olan bir kelebe\u011fe d\u00f6n\u00fc\u015fmekti. Ama o, bir g\u00fcveydi. Art\u0131k b\u00fcy\u00fcmesine ra\u011fmen kelebek olamayaca\u011f\u0131n\u0131 bir t\u00fcrl\u00fc kabullenemedi\u011finden \u00e7ok sinirliydi. B\u00fct\u00fcn g\u00fcn ormanda gezer, g\u00f6rd\u00fc\u011f\u00fc her hayvana sata\u015f\u0131rd\u0131. En sevdi\u011fi \u015fey de k\u00fc\u00e7\u00fck kelebekleri a\u011flatmakt\u0131. Ormanda gezinirken a\u011flayan minik, sar\u0131 bir kelebek g\u00f6r\u00fcnce can\u0131 \u00e7ok s\u0131k\u0131ld\u0131. O a\u011flatmad\u0131ysa, bu limoni neden a\u011fl\u0131yordu?   G\u00f6zl\u00fck takmak istemeyen k\u00fc\u00e7\u00fcmenlerin mutlaka okumas\u0131 gereken, konu\u015farak a\u015f\u0131lamayacak pek bir \u015feyin olmad\u0131\u011f\u0131n\u0131 anlatan bir dayan\u0131\u015fma hik\u00e2yesi&#8230;   <\/p>\n","protected":false},"excerpt":{"rendered":"<p>K\u00fc\u00e7\u00fckken bir kozadan \u00e7\u0131km\u0131\u015ft\u0131 G\u00fcven Abi. Ve en b\u00fcy\u00fck hayali, b\u00fcy\u00fcy\u00fcnce renkli kanatlar\u0131 olan bir kelebe\u011fe d\u00f6n\u00fc\u015fmekti. Ama o, bir g\u00fcveydi. Art\u0131k b\u00fcy\u00fcmesine ra\u011fmen kelebek olamayaca\u011f\u0131n\u0131<span class=\"excerpt-hellip\"> [\u2026]<\/span><\/p>\n","protected":false},"featured_media":0,"template":"","meta":{"_monsterinsights_skip_tracking":false,"_monsterinsights_sitenote_active":false,"_monsterinsights_sitenote_note":"","_monsterinsights_sitenote_category":0},"product_brand":[],"product_cat":[12913,12274],"product_tag":[],"class_list":{"0":"post-724618","1":"product","2":"type-product","3":"status-publish","5":"product_cat-3-6-yas-kitaplari","6":"product_cat-cocuk-ve-genclik-kitaplari","7":"pa_cilt-ciltsiz","8":"pa_tur-kitap","9":"pa_yayinevi-ithaki-yayinlari","10":"pa_yazar-alkim-ozalp","12":"first","13":"instock","14":"sale","15":"shipping-taxable","16":"purchasable","17":"product-type-simple"},"_links":{"self":[{"href":"https:\/\/roveyayinevi.com.tr\/index.php\/wp-json\/wp\/v2\/product\/724618","targetHints":{"allow":["GET"]}}],"collection":[{"href":"https:\/\/roveyayinevi.com.tr\/index.php\/wp-json\/wp\/v2\/product"}],"about":[{"href":"https:\/\/roveyayinevi.com.tr\/index.php\/wp-json\/wp\/v2\/types\/product"}],"wp:attachment":[{"href":"https:\/\/roveyayinevi.com.tr\/index.php\/wp-json\/wp\/v2\/media?parent=724618"}],"wp:term":[{"taxonomy":"product_brand","embeddable":true,"href":"https:\/\/roveyayinevi.com.tr\/index.php\/wp-json\/wp\/v2\/product_brand?post=724618"},{"taxonomy":"product_cat","embeddable":true,"href":"https:\/\/roveyayinevi.com.tr\/index.php\/wp-json\/wp\/v2\/product_cat?post=724618"},{"taxonomy":"product_tag","embeddable":true,"href":"https:\/\/roveyayinevi.com.tr\/index.php\/wp-json\/wp\/v2\/product_tag?post=724618"}],"curies":[{"name":"wp","href":"https:\/\/api.w.org\/{rel}","templated":true}]}}