{"id":724616,"date":"2025-08-27T19:37:00","date_gmt":"2025-08-27T16:37:00","guid":{"rendered":"https:\/\/roveyayinevi.com.tr\/index.php\/urun\/dusunce\/"},"modified":"2026-04-16T02:32:25","modified_gmt":"2026-04-15T23:32:25","slug":"dusunce","status":"publish","type":"product","link":"https:\/\/roveyayinevi.com.tr\/index.php\/urun\/dusunce\/","title":{"rendered":"D\u00fc\u015f\u00fcnce"},"content":{"rendered":"<p>D\u00fc\u015f\u00fcnce anlad\u0131m, d\u00fc\u015ft\u00fc\u011f\u00fcmde beni yine en iyi benim kald\u0131raca\u011f\u0131m\u0131. \u201cUyan,\u201d dedim. Hayata, \u00e7abaya, ger\u00e7eklere veya\u015fad\u0131\u011f\u0131n zamana uyan. \u201cNeden?\u201d diye sor kendine. \u201cNeden buraday\u0131m? Amac\u0131m ne?\u201d \u201c\u00c7aban\u0131, gen\u00e7li\u011fini, yeteneklerini umursa ve en \u00e7ok da kendini,\u201d dedim, anlamad\u0131 kendim. E\u011fer uyansayd\u0131m, uyand\u0131rabilseydim zihnimi, y\u00fcre\u011fimi\u2026Belki o zaman anlard\u0131m te\u015fekk\u00fcr\u00fcn y\u00fcre\u011fimin dibinde oturmas\u0131 gerekti\u011fini. Kalabal\u0131\u011f\u0131ndan ta\u015fan zihnimi doldurmasayd\u0131m bu kadar d\u00fc\u015f\u00fcnce ile, nefes al\u0131r m\u0131yd\u0131 umutlar vedirenir miydim kendime? Yeniden ba\u015flayabilseydim e\u011fer, yapar m\u0131yd\u0131m ayn\u0131 hatalar\u0131 ayn\u0131 serke\u015flikle? <\/p>\n","protected":false},"excerpt":{"rendered":"<p>D\u00fc\u015f\u00fcnce anlad\u0131m, d\u00fc\u015ft\u00fc\u011f\u00fcmde beni yine en iyi benim kald\u0131raca\u011f\u0131m\u0131. \u201cUyan,\u201d dedim. Hayata, \u00e7abaya, ger\u00e7eklere veya\u015fad\u0131\u011f\u0131n zamana uyan. \u201cNeden?\u201d diye sor kendine. \u201cNeden buraday\u0131m? Amac\u0131m ne?\u201d \u201c\u00c7aban\u0131,<span class=\"excerpt-hellip\"> [\u2026]<\/span><\/p>\n","protected":false},"featured_media":0,"template":"","meta":{"_monsterinsights_skip_tracking":false,"_monsterinsights_sitenote_active":false,"_monsterinsights_sitenote_note":"","_monsterinsights_sitenote_category":0},"product_brand":[],"product_cat":[20351,12388],"product_tag":[],"class_list":{"0":"post-724616","1":"product","2":"type-product","3":"status-publish","5":"product_cat-dusunce","6":"product_cat-felsefe","7":"pa_cilt-ciltsiz","8":"pa_tur-kitap","9":"pa_yayinevi-muptela-yayinevi","10":"pa_yazar-yasemin-unlu","12":"first","13":"instock","14":"sale","15":"shipping-taxable","16":"purchasable","17":"product-type-simple"},"_links":{"self":[{"href":"https:\/\/roveyayinevi.com.tr\/index.php\/wp-json\/wp\/v2\/product\/724616","targetHints":{"allow":["GET"]}}],"collection":[{"href":"https:\/\/roveyayinevi.com.tr\/index.php\/wp-json\/wp\/v2\/product"}],"about":[{"href":"https:\/\/roveyayinevi.com.tr\/index.php\/wp-json\/wp\/v2\/types\/product"}],"wp:attachment":[{"href":"https:\/\/roveyayinevi.com.tr\/index.php\/wp-json\/wp\/v2\/media?parent=724616"}],"wp:term":[{"taxonomy":"product_brand","embeddable":true,"href":"https:\/\/roveyayinevi.com.tr\/index.php\/wp-json\/wp\/v2\/product_brand?post=724616"},{"taxonomy":"product_cat","embeddable":true,"href":"https:\/\/roveyayinevi.com.tr\/index.php\/wp-json\/wp\/v2\/product_cat?post=724616"},{"taxonomy":"product_tag","embeddable":true,"href":"https:\/\/roveyayinevi.com.tr\/index.php\/wp-json\/wp\/v2\/product_tag?post=724616"}],"curies":[{"name":"wp","href":"https:\/\/api.w.org\/{rel}","templated":true}]}}