{"id":724613,"date":"2025-08-27T19:36:58","date_gmt":"2025-08-27T16:36:58","guid":{"rendered":"https:\/\/roveyayinevi.com.tr\/index.php\/urun\/cilgin-sorfculer-3-ciltli\/"},"modified":"2026-04-16T02:32:25","modified_gmt":"2026-04-15T23:32:25","slug":"cilgin-sorfculer-3-ciltli","status":"publish","type":"product","link":"https:\/\/roveyayinevi.com.tr\/index.php\/urun\/cilgin-sorfculer-3-ciltli\/","title":{"rendered":"\u00c7\u0131lg\u0131n S\u00f6rf\u00e7\u00fcler 3 (Ciltli)"},"content":{"rendered":"<p>Mira, Tan, Asu, Emma ve Tim ile Poyraz ve Bay Bilge. Yine birlikteler ve beklenmedik \u015fekilde kendilerini bir maceran\u0131n i\u00e7inde buluyorlar. Aniden \u00e7\u0131kan yang\u0131n, Shaka S\u00f6rf Okulu\u2019nu nas\u0131l etkileyecek? KERBEROS ger\u00e7ekte g\u00f6r\u00fcnd\u00fc\u011f\u00fc gibi bir sanat gemisi mi yoksa bir tehdit mi? \u00c7\u0131lg\u0131n S\u00f6rf\u00e7\u00fcler olan biteni \u00e7\u00f6zmeye \u00e7al\u0131\u015f\u0131rken karanl\u0131k geceleri ayd\u0131nlatan y\u0131ld\u0131zlar onlar\u0131 g\u00f6zl\u00fcyor. <\/p>\n","protected":false},"excerpt":{"rendered":"<p>Mira, Tan, Asu, Emma ve Tim ile Poyraz ve Bay Bilge. Yine birlikteler ve beklenmedik \u015fekilde kendilerini bir maceran\u0131n i\u00e7inde buluyorlar. Aniden \u00e7\u0131kan yang\u0131n, Shaka S\u00f6rf<span class=\"excerpt-hellip\"> [\u2026]<\/span><\/p>\n","protected":false},"featured_media":0,"template":"","meta":{"_monsterinsights_skip_tracking":false,"_monsterinsights_sitenote_active":false,"_monsterinsights_sitenote_note":"","_monsterinsights_sitenote_category":0},"product_brand":[],"product_cat":[12275,12274],"product_tag":[],"class_list":{"0":"post-724613","1":"product","2":"type-product","3":"status-publish","5":"product_cat-6-12-yas-kitaplari","6":"product_cat-cocuk-ve-genclik-kitaplari","7":"pa_cilt-ciltli","8":"pa_tur-kitap","9":"pa_yayinevi-artemis-yayinlari","10":"pa_yazar-defne-ongun-muminoglu","12":"first","13":"instock","14":"sale","15":"shipping-taxable","16":"purchasable","17":"product-type-simple"},"_links":{"self":[{"href":"https:\/\/roveyayinevi.com.tr\/index.php\/wp-json\/wp\/v2\/product\/724613","targetHints":{"allow":["GET"]}}],"collection":[{"href":"https:\/\/roveyayinevi.com.tr\/index.php\/wp-json\/wp\/v2\/product"}],"about":[{"href":"https:\/\/roveyayinevi.com.tr\/index.php\/wp-json\/wp\/v2\/types\/product"}],"wp:attachment":[{"href":"https:\/\/roveyayinevi.com.tr\/index.php\/wp-json\/wp\/v2\/media?parent=724613"}],"wp:term":[{"taxonomy":"product_brand","embeddable":true,"href":"https:\/\/roveyayinevi.com.tr\/index.php\/wp-json\/wp\/v2\/product_brand?post=724613"},{"taxonomy":"product_cat","embeddable":true,"href":"https:\/\/roveyayinevi.com.tr\/index.php\/wp-json\/wp\/v2\/product_cat?post=724613"},{"taxonomy":"product_tag","embeddable":true,"href":"https:\/\/roveyayinevi.com.tr\/index.php\/wp-json\/wp\/v2\/product_tag?post=724613"}],"curies":[{"name":"wp","href":"https:\/\/api.w.org\/{rel}","templated":true}]}}