{"id":724612,"date":"2025-08-27T19:36:57","date_gmt":"2025-08-27T16:36:57","guid":{"rendered":"https:\/\/roveyayinevi.com.tr\/index.php\/urun\/ombudsman-dunya-ornekleri-ve-turkiyede-kamu-denetciligi-uygulamasi\/"},"modified":"2026-04-16T02:32:25","modified_gmt":"2026-04-15T23:32:25","slug":"ombudsman-dunya-ornekleri-ve-turkiyede-kamu-denetciligi-uygulamasi","status":"publish","type":"product","link":"https:\/\/roveyayinevi.com.tr\/index.php\/urun\/ombudsman-dunya-ornekleri-ve-turkiyede-kamu-denetciligi-uygulamasi\/","title":{"rendered":"Ombudsman &#8211; D\u00fcnya \u00d6rnekleri ve T\u00fcrkiye&#8217;de Kamu Denet\u00e7ili\u011fi Uygulamas\u0131"},"content":{"rendered":"<p>\u0130\u00e7indekiler 1.      Giri\u015f 2.      \u0130dare, \u0130dareye Y\u00f6nelik Denetim Mekanizmalar\u0131 ve Ombudsmanl\u0131k 2.1   Y\u00f6netim 2.2   Kamu Y\u00f6netiminde Denetim 2.3   Ombudsmanl\u0131k Kurumu 3.      Ombudsmanl\u0131k Sisteminin D\u00fcnyadaki \u00d6rnekleri 3.1   \u0130sve\u00e7 Ombudsman\u0131 3.2   Almanya Parlamento Savunma Ombudsman\u0131 3.3   \u0130ngiltere Parlamento Komiseri 3.4   ABD Ombudsman\u0131 3.5   Fransa Haklar\u0131n Savunucusu 3.6   Avrupa Ombudsman\u0131 4.      T\u00fcrkiye\u2019de Kamu Denet\u00e7ili\u011fi (Ombudsmanl\u0131k) Kurumu 4.1   T\u00fcrkiye\u2019de Kamu Denet\u00e7ili\u011fi Kurumunun Kurulmas\u0131 S\u00fcreci 4.2   Kurulu\u015f Kanunu ve Kurumun Yap\u0131s\u0131 4.3   T\u00fcrk Kamu Y\u00f6netim Sistemine Sa\u011flayabilece\u011fi Faydalar 4.4   T\u00fcrkiye\u2019de Kamu Denet\u00e7ili\u011fi Kurumuna Y\u00f6nelik Ele\u015ftiriler 4.5   T\u00fcrkiye\u2019de Kamu Denet\u00e7ili\u011fi Kurumunun \u0130\u015flevselli\u011fi 5.      Sonu\u00e7 ve De\u011ferlendirme<\/p>\n","protected":false},"excerpt":{"rendered":"<p>\u0130\u00e7indekiler 1. Giri\u015f 2. \u0130dare, \u0130dareye Y\u00f6nelik Denetim Mekanizmalar\u0131 ve Ombudsmanl\u0131k 2.1 Y\u00f6netim 2.2 Kamu Y\u00f6netiminde Denetim 2.3 Ombudsmanl\u0131k Kurumu 3. Ombudsmanl\u0131k Sisteminin D\u00fcnyadaki \u00d6rnekleri 3.1<span class=\"excerpt-hellip\"> [\u2026]<\/span><\/p>\n","protected":false},"featured_media":0,"template":"","meta":{"_monsterinsights_skip_tracking":false,"_monsterinsights_sitenote_active":false,"_monsterinsights_sitenote_note":"","_monsterinsights_sitenote_category":0},"product_brand":[],"product_cat":[13043,19008],"product_tag":[],"class_list":{"0":"post-724612","1":"product","2":"type-product","3":"status-publish","5":"product_cat-ekonomi","6":"product_cat-yonetim","7":"pa_cilt-ciltsiz","8":"pa_tur-kitap","9":"pa_yayinevi-gazi-kitabevi","10":"pa_yazar-necip-yuce","12":"first","13":"instock","14":"sale","15":"shipping-taxable","16":"purchasable","17":"product-type-simple"},"_links":{"self":[{"href":"https:\/\/roveyayinevi.com.tr\/index.php\/wp-json\/wp\/v2\/product\/724612","targetHints":{"allow":["GET"]}}],"collection":[{"href":"https:\/\/roveyayinevi.com.tr\/index.php\/wp-json\/wp\/v2\/product"}],"about":[{"href":"https:\/\/roveyayinevi.com.tr\/index.php\/wp-json\/wp\/v2\/types\/product"}],"wp:attachment":[{"href":"https:\/\/roveyayinevi.com.tr\/index.php\/wp-json\/wp\/v2\/media?parent=724612"}],"wp:term":[{"taxonomy":"product_brand","embeddable":true,"href":"https:\/\/roveyayinevi.com.tr\/index.php\/wp-json\/wp\/v2\/product_brand?post=724612"},{"taxonomy":"product_cat","embeddable":true,"href":"https:\/\/roveyayinevi.com.tr\/index.php\/wp-json\/wp\/v2\/product_cat?post=724612"},{"taxonomy":"product_tag","embeddable":true,"href":"https:\/\/roveyayinevi.com.tr\/index.php\/wp-json\/wp\/v2\/product_tag?post=724612"}],"curies":[{"name":"wp","href":"https:\/\/api.w.org\/{rel}","templated":true}]}}