{"id":724611,"date":"2025-08-27T19:36:57","date_gmt":"2025-08-27T16:36:57","guid":{"rendered":"https:\/\/roveyayinevi.com.tr\/index.php\/urun\/uluslararasi-portfoy-cesitlendirmesi\/"},"modified":"2026-04-16T02:32:25","modified_gmt":"2026-04-15T23:32:25","slug":"uluslararasi-portfoy-cesitlendirmesi","status":"publish","type":"product","link":"https:\/\/roveyayinevi.com.tr\/index.php\/urun\/uluslararasi-portfoy-cesitlendirmesi\/","title":{"rendered":"Uluslararas\u0131 Portf\u00f6y \u00c7e\u015fitlendirmesi"},"content":{"rendered":"<p>\u0130\u00e7indekiler 1.      Giri\u015f 2.      Portf\u00f6y Y\u00f6netim Kavram\u0131 2.1   Bireysel Menkul K\u0131ymetlerde Risk ve Getiri 2.2   \u00c7e\u015fitlendirme Kavram\u0131, Portf\u00f6y Getirisi ve Riski 2.3   Risk-Getiri \u00dczerine Bir Uygulama 3.      Uluslararas\u0131 Portf\u00f6y \u00c7e\u015fitlendirmesi 3.1   Uluslararas\u0131 Portf\u00f6y \u00c7e\u015fitlendirmesi Literat\u00fcr\u00fc 3.2   Uluslararas\u0131 \u00c7e\u015fitlendirme Kavram\u0131na Genel Bak\u0131\u015f 3.3   Uluslararas\u0131 Finansal Yat\u0131r\u0131mlarda Kar\u015f\u0131la\u015f\u0131lan Riskler 3.4   Uluslararas\u0131 Yat\u0131r\u0131mlarda Getiri ve Risk Hesaplamas\u0131 3.5   Sermaye Piyasalar\u0131ndaki Entegrasyon 4.      Sonu\u00e7 <\/p>\n","protected":false},"excerpt":{"rendered":"<p>\u0130\u00e7indekiler 1. Giri\u015f 2. Portf\u00f6y Y\u00f6netim Kavram\u0131 2.1 Bireysel Menkul K\u0131ymetlerde Risk ve Getiri 2.2 \u00c7e\u015fitlendirme Kavram\u0131, Portf\u00f6y Getirisi ve Riski 2.3 Risk-Getiri \u00dczerine Bir Uygulama<span class=\"excerpt-hellip\"> [\u2026]<\/span><\/p>\n","protected":false},"featured_media":0,"template":"","meta":{"_monsterinsights_skip_tracking":false,"_monsterinsights_sitenote_active":false,"_monsterinsights_sitenote_note":"","_monsterinsights_sitenote_category":0},"product_brand":[],"product_cat":[13043,14381],"product_tag":[],"class_list":{"0":"post-724611","1":"product","2":"type-product","3":"status-publish","5":"product_cat-ekonomi","6":"product_cat-isletme-muhasebe-maliye","7":"pa_cilt-ciltsiz","8":"pa_tur-kitap","9":"pa_yayinevi-gazi-kitabevi","10":"pa_yazar-bahadir-ergun","12":"first","13":"instock","14":"sale","15":"shipping-taxable","16":"purchasable","17":"product-type-simple"},"_links":{"self":[{"href":"https:\/\/roveyayinevi.com.tr\/index.php\/wp-json\/wp\/v2\/product\/724611","targetHints":{"allow":["GET"]}}],"collection":[{"href":"https:\/\/roveyayinevi.com.tr\/index.php\/wp-json\/wp\/v2\/product"}],"about":[{"href":"https:\/\/roveyayinevi.com.tr\/index.php\/wp-json\/wp\/v2\/types\/product"}],"wp:attachment":[{"href":"https:\/\/roveyayinevi.com.tr\/index.php\/wp-json\/wp\/v2\/media?parent=724611"}],"wp:term":[{"taxonomy":"product_brand","embeddable":true,"href":"https:\/\/roveyayinevi.com.tr\/index.php\/wp-json\/wp\/v2\/product_brand?post=724611"},{"taxonomy":"product_cat","embeddable":true,"href":"https:\/\/roveyayinevi.com.tr\/index.php\/wp-json\/wp\/v2\/product_cat?post=724611"},{"taxonomy":"product_tag","embeddable":true,"href":"https:\/\/roveyayinevi.com.tr\/index.php\/wp-json\/wp\/v2\/product_tag?post=724611"}],"curies":[{"name":"wp","href":"https:\/\/api.w.org\/{rel}","templated":true}]}}