{"id":724606,"date":"2025-08-27T19:36:53","date_gmt":"2025-08-27T16:36:53","guid":{"rendered":"https:\/\/roveyayinevi.com.tr\/index.php\/urun\/sehirdeki-yabani-hayvanlar-dunyayi-ogreniyorum\/"},"modified":"2026-04-16T02:32:25","modified_gmt":"2026-04-15T23:32:25","slug":"sehirdeki-yabani-hayvanlar-dunyayi-ogreniyorum","status":"publish","type":"product","link":"https:\/\/roveyayinevi.com.tr\/index.php\/urun\/sehirdeki-yabani-hayvanlar-dunyayi-ogreniyorum\/","title":{"rendered":"\u015eehirdeki Yabani Hayvanlar &#8211; D\u00fcnyay\u0131 \u00d6\u011freniyorum"},"content":{"rendered":"<p>Selin ile Mert, yabani hayvanlar\u0131 ke\u015ffetmek i\u00e7in babalar\u0131yla birlikte sabah\u0131n erken saatlerinde evden \u00e7\u0131kt\u0131lar. \u015eehir park\u0131nda bir rakun g\u00f6rebilir misiniz? Veya kunduz ya da porsuk? Yabani hayvanlar sadece ormanlarda de\u011fil, \u015fehirde de ya\u015fayabilirler. <\/p>\n","protected":false},"excerpt":{"rendered":"<p>Selin ile Mert, yabani hayvanlar\u0131 ke\u015ffetmek i\u00e7in babalar\u0131yla birlikte sabah\u0131n erken saatlerinde evden \u00e7\u0131kt\u0131lar. \u015eehir park\u0131nda bir rakun g\u00f6rebilir misiniz? Veya kunduz ya da porsuk? Yabani<span class=\"excerpt-hellip\"> [\u2026]<\/span><\/p>\n","protected":false},"featured_media":0,"template":"","meta":{"_monsterinsights_skip_tracking":false,"_monsterinsights_sitenote_active":false,"_monsterinsights_sitenote_note":"","_monsterinsights_sitenote_category":0},"product_brand":[],"product_cat":[12913,12274],"product_tag":[],"class_list":{"0":"post-724606","1":"product","2":"type-product","3":"status-publish","5":"product_cat-3-6-yas-kitaplari","6":"product_cat-cocuk-ve-genclik-kitaplari","7":"pa_cilt-ciltsiz","8":"pa_tur-kitap","9":"pa_yayinevi-is-bankasi-kultur-yayinlari","10":"pa_yazar-annette-neubauer","12":"first","13":"instock","14":"sale","15":"shipping-taxable","16":"purchasable","17":"product-type-simple"},"_links":{"self":[{"href":"https:\/\/roveyayinevi.com.tr\/index.php\/wp-json\/wp\/v2\/product\/724606","targetHints":{"allow":["GET"]}}],"collection":[{"href":"https:\/\/roveyayinevi.com.tr\/index.php\/wp-json\/wp\/v2\/product"}],"about":[{"href":"https:\/\/roveyayinevi.com.tr\/index.php\/wp-json\/wp\/v2\/types\/product"}],"wp:attachment":[{"href":"https:\/\/roveyayinevi.com.tr\/index.php\/wp-json\/wp\/v2\/media?parent=724606"}],"wp:term":[{"taxonomy":"product_brand","embeddable":true,"href":"https:\/\/roveyayinevi.com.tr\/index.php\/wp-json\/wp\/v2\/product_brand?post=724606"},{"taxonomy":"product_cat","embeddable":true,"href":"https:\/\/roveyayinevi.com.tr\/index.php\/wp-json\/wp\/v2\/product_cat?post=724606"},{"taxonomy":"product_tag","embeddable":true,"href":"https:\/\/roveyayinevi.com.tr\/index.php\/wp-json\/wp\/v2\/product_tag?post=724606"}],"curies":[{"name":"wp","href":"https:\/\/api.w.org\/{rel}","templated":true}]}}