{"id":724602,"date":"2025-08-27T19:36:49","date_gmt":"2025-08-27T16:36:49","guid":{"rendered":"https:\/\/roveyayinevi.com.tr\/index.php\/urun\/dokuzla-dokuz-arasinda\/"},"modified":"2026-04-16T02:32:25","modified_gmt":"2026-04-15T23:32:25","slug":"dokuzla-dokuz-arasinda","status":"publish","type":"product","link":"https:\/\/roveyayinevi.com.tr\/index.php\/urun\/dokuzla-dokuz-arasinda\/","title":{"rendered":"Dokuzla Dokuz Aras\u0131nda"},"content":{"rendered":"<p>1918\u2019de yay\u0131mlanan Dokuzla Dokuz Aras\u0131nda, 20. y\u00fczy\u0131l ba\u015f\u0131nda Viyana\u2019da g\u00f6\u00e7men \u00fcniversite \u00f6\u011frencisi Stanislaus Demba\u2019n\u0131n kimli\u011fini bulma \u00e7abas\u0131n\u0131 anlat\u0131r. Y\u00fczy\u0131l ba\u015f\u0131, \u00e7ok etnikli AvusturyaMacaristan \u0130mparatorlu\u011fu\u2019nda bask\u0131n ve otoriter Habsburg kimli\u011fine kar\u015f\u0131l\u0131k bireyin \u00f6zg\u00fcrl\u00fc\u011f\u00fcne, geli\u015fme ve ilerlemeye duyulan inanc\u0131n; h\u00fcmanist bir ahlak anlay\u0131\u015f\u0131n\u0131n yava\u015f yava\u015f taraftar bulmaya ba\u015flad\u0131\u011f\u0131 bir d\u00f6nemdir. \u00d6zel ders vererek ge\u00e7imini sa\u011flayan Demba, k\u0131z arkada\u015f\u0131n\u0131 ba\u015fka bir erkekle \u0130talya\u2019ya gitmekten cayd\u0131rmak i\u00e7in para bulmaya \u00e7al\u0131\u015f\u0131r. Roman, onun bu u\u011furda \u015fehirde \u00e7aresizce ko\u015fturdu\u011fu bir g\u00fcn\u00fc anlat\u0131r. Bir yandan da, daha \u00f6nce \u00fcniversite k\u00fct\u00fcphanesinden y\u00fcr\u00fctt\u00fc\u011f\u00fc de\u011ferli bir kitab\u0131 satmak \u00fczereyken yakay\u0131 ele vermekten k\u0131l pay\u0131 kurtuldu\u011fu polisten ka\u00e7maktad\u0131r. Perutz, k\u00fc\u00e7\u00fck burjuvalar\u0131, \u00fcst s\u0131n\u0131flar\u0131, bilim insanlar\u0131, entelekt\u00fcelleri, kumarbazlar\u0131 ve kibar h\u0131rs\u0131zlar\u0131yla d\u00f6nemin Viyana\u2019s\u0131ndaki hayat\u0131 hicveder. Bu karma\u015f\u0131k sosyal \u00e7evrede, kad\u0131n d\u00fc\u015fmanl\u0131\u011f\u0131, antisemitizm ve yabanc\u0131 d\u00fc\u015fmanl\u0131\u011f\u0131 gibi unsurlar\u0131n bireyin kimli\u011fi ve \u00f6zg\u00fcr iradesi \u00fczerindeki etkisine i\u015faret eder. <\/p>\n","protected":false},"excerpt":{"rendered":"<p>1918\u2019de yay\u0131mlanan Dokuzla Dokuz Aras\u0131nda, 20. y\u00fczy\u0131l ba\u015f\u0131nda Viyana\u2019da g\u00f6\u00e7men \u00fcniversite \u00f6\u011frencisi Stanislaus Demba\u2019n\u0131n kimli\u011fini bulma \u00e7abas\u0131n\u0131 anlat\u0131r. Y\u00fczy\u0131l ba\u015f\u0131, \u00e7ok etnikli AvusturyaMacaristan \u0130mparatorlu\u011fu\u2019nda bask\u0131n ve<span class=\"excerpt-hellip\"> [\u2026]<\/span><\/p>\n","protected":false},"featured_media":0,"template":"","meta":{"_monsterinsights_skip_tracking":false,"_monsterinsights_sitenote_active":false,"_monsterinsights_sitenote_note":"","_monsterinsights_sitenote_category":0},"product_brand":[],"product_cat":[12291,13872],"product_tag":[],"class_list":{"0":"post-724602","1":"product","2":"type-product","3":"status-publish","5":"product_cat-edebiyat","6":"product_cat-klasikler","7":"pa_cilt-ciltsiz","8":"pa_tur-kitap","9":"pa_yayinevi-is-bankasi-kultur-yayinlari","10":"pa_yazar-leo-perutz","12":"first","13":"instock","14":"sale","15":"shipping-taxable","16":"purchasable","17":"product-type-simple"},"_links":{"self":[{"href":"https:\/\/roveyayinevi.com.tr\/index.php\/wp-json\/wp\/v2\/product\/724602","targetHints":{"allow":["GET"]}}],"collection":[{"href":"https:\/\/roveyayinevi.com.tr\/index.php\/wp-json\/wp\/v2\/product"}],"about":[{"href":"https:\/\/roveyayinevi.com.tr\/index.php\/wp-json\/wp\/v2\/types\/product"}],"wp:attachment":[{"href":"https:\/\/roveyayinevi.com.tr\/index.php\/wp-json\/wp\/v2\/media?parent=724602"}],"wp:term":[{"taxonomy":"product_brand","embeddable":true,"href":"https:\/\/roveyayinevi.com.tr\/index.php\/wp-json\/wp\/v2\/product_brand?post=724602"},{"taxonomy":"product_cat","embeddable":true,"href":"https:\/\/roveyayinevi.com.tr\/index.php\/wp-json\/wp\/v2\/product_cat?post=724602"},{"taxonomy":"product_tag","embeddable":true,"href":"https:\/\/roveyayinevi.com.tr\/index.php\/wp-json\/wp\/v2\/product_tag?post=724602"}],"curies":[{"name":"wp","href":"https:\/\/api.w.org\/{rel}","templated":true}]}}