{"id":724599,"date":"2025-08-27T19:36:46","date_gmt":"2025-08-27T16:36:46","guid":{"rendered":"https:\/\/roveyayinevi.com.tr\/index.php\/urun\/piri-reis-ve-gobeklitepedeki-sir\/"},"modified":"2026-04-16T02:32:25","modified_gmt":"2026-04-15T23:32:25","slug":"piri-reis-ve-gobeklitepedeki-sir","status":"publish","type":"product","link":"https:\/\/roveyayinevi.com.tr\/index.php\/urun\/piri-reis-ve-gobeklitepedeki-sir\/","title":{"rendered":"Piri Reis ve G\u00f6beklitepe&#8217;deki S\u0131r"},"content":{"rendered":"<p>Edebiyat\u0131m\u0131z\u0131n g\u00fc\u00e7l\u00fc kalemi Mavisel Yener, d\u00fcnya denizcilik tarihinin \u00f6nemli denizcisi, bilim adam\u0131, bilge kaptan Piri Reis\u2019in gizemli hayat\u0131n\u0131 ara\u015ft\u0131r\u0131rken benzersiz bir ser\u00fcvenin ilk ad\u0131mlar\u0131n\u0131 att\u0131\u011f\u0131n\u0131 bilmiyordu. Piri Reis\u2019in haritas\u0131ndan G\u00f6beklitepe\u2019ye uzanan gizemi \u00f6\u011frendi\u011finde \u00e7ok \u015fa\u015f\u0131rd\u0131; t\u00fcm cesaretini toplay\u0131p, orta\u00e7a\u011fda ge\u00e7en bu tarihi roman\u0131 yazd\u0131.K\u00fc\u00e7\u00fck bir s\u0131rra s\u0131\u011fan kocaman evreni ke\u015ffetmek isteyen okurlar i\u00e7in s\u0131ra d\u0131\u015f\u0131 bir macera.Hayatta hi\u00e7bir \u015fey iz b\u0131rakmadan gitmez. \u0130zleri okumay\u0131 bilenler ge\u00e7mi\u015fi ve gelece\u011fi bilir.<\/p>\n","protected":false},"excerpt":{"rendered":"<p>Edebiyat\u0131m\u0131z\u0131n g\u00fc\u00e7l\u00fc kalemi Mavisel Yener, d\u00fcnya denizcilik tarihinin \u00f6nemli denizcisi, bilim adam\u0131, bilge kaptan Piri Reis\u2019in gizemli hayat\u0131n\u0131 ara\u015ft\u0131r\u0131rken benzersiz bir ser\u00fcvenin ilk ad\u0131mlar\u0131n\u0131 att\u0131\u011f\u0131n\u0131 bilmiyordu.<span class=\"excerpt-hellip\"> [\u2026]<\/span><\/p>\n","protected":false},"featured_media":0,"template":"","meta":{"_monsterinsights_skip_tracking":false,"_monsterinsights_sitenote_active":false,"_monsterinsights_sitenote_note":"","_monsterinsights_sitenote_category":0},"product_brand":[],"product_cat":[12275,12274],"product_tag":[],"class_list":{"0":"post-724599","1":"product","2":"type-product","3":"status-publish","5":"product_cat-6-12-yas-kitaplari","6":"product_cat-cocuk-ve-genclik-kitaplari","7":"pa_cilt-ciltsiz","8":"pa_tur-kitap","9":"pa_yayinevi-bilgi-yayinevi","10":"pa_yazar-mavisel-yener","12":"first","13":"instock","14":"sale","15":"shipping-taxable","16":"purchasable","17":"product-type-simple"},"_links":{"self":[{"href":"https:\/\/roveyayinevi.com.tr\/index.php\/wp-json\/wp\/v2\/product\/724599","targetHints":{"allow":["GET"]}}],"collection":[{"href":"https:\/\/roveyayinevi.com.tr\/index.php\/wp-json\/wp\/v2\/product"}],"about":[{"href":"https:\/\/roveyayinevi.com.tr\/index.php\/wp-json\/wp\/v2\/types\/product"}],"wp:attachment":[{"href":"https:\/\/roveyayinevi.com.tr\/index.php\/wp-json\/wp\/v2\/media?parent=724599"}],"wp:term":[{"taxonomy":"product_brand","embeddable":true,"href":"https:\/\/roveyayinevi.com.tr\/index.php\/wp-json\/wp\/v2\/product_brand?post=724599"},{"taxonomy":"product_cat","embeddable":true,"href":"https:\/\/roveyayinevi.com.tr\/index.php\/wp-json\/wp\/v2\/product_cat?post=724599"},{"taxonomy":"product_tag","embeddable":true,"href":"https:\/\/roveyayinevi.com.tr\/index.php\/wp-json\/wp\/v2\/product_tag?post=724599"}],"curies":[{"name":"wp","href":"https:\/\/api.w.org\/{rel}","templated":true}]}}