{"id":724598,"date":"2025-08-27T19:36:46","date_gmt":"2025-08-27T16:36:46","guid":{"rendered":"https:\/\/roveyayinevi.com.tr\/index.php\/urun\/hep-seni-diledim\/"},"modified":"2026-04-16T02:32:25","modified_gmt":"2026-04-15T23:32:25","slug":"hep-seni-diledim","status":"publish","type":"product","link":"https:\/\/roveyayinevi.com.tr\/index.php\/urun\/hep-seni-diledim\/","title":{"rendered":"Hep Seni Diledim"},"content":{"rendered":"<p>Elle\u2019in hayattaki \u00f6ncelikleri aras\u0131nda kariyeri, arkada\u015flar\u0131 ve topuklu ayakkab\u0131lar\u0131 yer al\u0131r. Ancak inat\u00e7\u0131l\u0131\u011f\u0131yla onu hem delirten hem de alevler i\u00e7inde b\u0131rakan Archer\u2019\u0131 da unutmamak gerekir. Bu hislerin tek tarafl\u0131 oldu\u011funu d\u00fc\u015f\u00fcnen ve onu hayat\u0131ndan \u00e7\u0131karmak isteyen Elle ba\u015fka erkeklerle g\u00f6r\u00fc\u015fmeye ba\u015flar. Ancak Archer\u2019\u0131 unutman\u0131n imk\u00e2ns\u0131z oldu\u011funun da fark\u0131ndad\u0131r.Archer, y\u0131llar \u00f6nce Elle\u2019in hayat\u0131n\u0131 kurtarmak i\u00e7in polislik kariyerini feda etmi\u015ftir. Yine de ondan vazge\u00e7emez ve ba\u015far\u0131l\u0131, \u00e7ekici bir kad\u0131na d\u00f6n\u00fc\u015fmesini izler. Hi\u00e7bir erke\u011fin Elle i\u00e7in yeterince iyi olmad\u0131\u011f\u0131n\u0131 d\u00fc\u015f\u00fcnen Archer, gen\u00e7 kad\u0131n\u0131n randevular\u0131n\u0131 sabote etmeye ba\u015flar ve olaylar iyice kar\u0131\u015f\u0131r.Geriye tek se\u00e7enek kalm\u0131\u015ft\u0131r: Archer arad\u0131\u011f\u0131 o m\u00fckemmel erke\u011fin kendisi oldu\u011funu Elle\u2019e kan\u0131tlayacakt\u0131r.<\/p>\n","protected":false},"excerpt":{"rendered":"<p>Elle\u2019in hayattaki \u00f6ncelikleri aras\u0131nda kariyeri, arkada\u015flar\u0131 ve topuklu ayakkab\u0131lar\u0131 yer al\u0131r. Ancak inat\u00e7\u0131l\u0131\u011f\u0131yla onu hem delirten hem de alevler i\u00e7inde b\u0131rakan Archer\u2019\u0131 da unutmamak gerekir. Bu<span class=\"excerpt-hellip\"> [\u2026]<\/span><\/p>\n","protected":false},"featured_media":0,"template":"","meta":{"_monsterinsights_skip_tracking":false,"_monsterinsights_sitenote_active":false,"_monsterinsights_sitenote_note":"","_monsterinsights_sitenote_category":0},"product_brand":[],"product_cat":[12291,12711],"product_tag":[],"class_list":{"0":"post-724598","1":"product","2":"type-product","3":"status-publish","5":"product_cat-edebiyat","6":"product_cat-roman-oyku","7":"pa_cilt-ciltsiz","8":"pa_tur-kitap","9":"pa_yayinevi-nemesis-kitap","10":"pa_yazar-jill-shalvis","12":"first","13":"instock","14":"sale","15":"shipping-taxable","16":"purchasable","17":"product-type-simple"},"_links":{"self":[{"href":"https:\/\/roveyayinevi.com.tr\/index.php\/wp-json\/wp\/v2\/product\/724598","targetHints":{"allow":["GET"]}}],"collection":[{"href":"https:\/\/roveyayinevi.com.tr\/index.php\/wp-json\/wp\/v2\/product"}],"about":[{"href":"https:\/\/roveyayinevi.com.tr\/index.php\/wp-json\/wp\/v2\/types\/product"}],"wp:attachment":[{"href":"https:\/\/roveyayinevi.com.tr\/index.php\/wp-json\/wp\/v2\/media?parent=724598"}],"wp:term":[{"taxonomy":"product_brand","embeddable":true,"href":"https:\/\/roveyayinevi.com.tr\/index.php\/wp-json\/wp\/v2\/product_brand?post=724598"},{"taxonomy":"product_cat","embeddable":true,"href":"https:\/\/roveyayinevi.com.tr\/index.php\/wp-json\/wp\/v2\/product_cat?post=724598"},{"taxonomy":"product_tag","embeddable":true,"href":"https:\/\/roveyayinevi.com.tr\/index.php\/wp-json\/wp\/v2\/product_tag?post=724598"}],"curies":[{"name":"wp","href":"https:\/\/api.w.org\/{rel}","templated":true}]}}