{"id":724597,"date":"2025-08-27T19:36:45","date_gmt":"2025-08-27T16:36:45","guid":{"rendered":"https:\/\/roveyayinevi.com.tr\/index.php\/urun\/gitmek-de-kalmak-da-zor-geldiginde\/"},"modified":"2026-04-16T02:32:25","modified_gmt":"2026-04-15T23:32:25","slug":"gitmek-de-kalmak-da-zor-geldiginde","status":"publish","type":"product","link":"https:\/\/roveyayinevi.com.tr\/index.php\/urun\/gitmek-de-kalmak-da-zor-geldiginde\/","title":{"rendered":"Gitmek De Kalmak Da Zor Geldi\u011finde"},"content":{"rendered":"<p>Gitmek kendi i\u00e7inde paradoksald\u0131r. Bir d\u00fc\u015fe yakla\u015f\u0131rken bir ger\u00e7ekten uzakla\u015f\u0131rs\u0131n\u0131z. Ya da tam tersi olur. Bunu en iyi gitmeyi huy edinmi\u015fler bilir. Gezginler. Ruhu g\u00f6\u00e7ebeler. Banu da onlardan biridir.Bir g\u00fcn Banu \u0130stanbul\u2019dan gitti. Hep yapt\u0131\u011f\u0131 gibi, Anadolu\u2019yu gezer gibi, d\u00f6n\u00fc\u015f g\u00fcn\u00fc belli bir seyahate \u00e7\u0131kar gibi gitmedi; ta 8500 km uzakta, ba\u015fka bir ser\u00fcvene gitti. Bu kitap o ser\u00fcvenin k\u0131r\u0131nt\u0131lar\u0131d\u0131r. Hansel ve Gretel\u2019in ormandan eve d\u00f6n\u00fc\u015f yolunda kaybolmamak i\u00e7in yolu i\u015faretlemekte kulland\u0131klar\u0131 ekmek k\u0131r\u0131nt\u0131lar\u0131 gibi\u2026 Orman hayvanlar\u0131 k\u0131r\u0131nt\u0131lar\u0131 yedi\u011fi i\u00e7in onlar kaybolmu\u015ftu. Banu bu kitab\u0131 yoldaki izler ekmek k\u0131r\u0131nt\u0131lar\u0131 gibi kaybolmas\u0131n diye yazd\u0131. Geri d\u00f6nd\u00fc ve yola serpi\u015ftirdi\u011fi \u00e7ak\u0131l ta\u015flar\u0131n\u0131 \u00f6zenle yerle\u015ftirdi. Bu kitab\u0131 okumak, o izleri takip edip gitmenin de d\u00f6nmenin de maliyetini anlamakt\u0131r. Okuyacaklar\u0131n\u0131za bazen g\u00fcleceksiniz eminim. Ama onunla ayn\u0131 co\u011frafyay\u0131 ve zaman\u0131 payla\u015fm\u0131\u015f biri olarak bilmenizi isterim ki, ya\u015farken pek de komik de\u011fildi.Evrim Kuran<\/p>\n","protected":false},"excerpt":{"rendered":"<p>Gitmek kendi i\u00e7inde paradoksald\u0131r. Bir d\u00fc\u015fe yakla\u015f\u0131rken bir ger\u00e7ekten uzakla\u015f\u0131rs\u0131n\u0131z. Ya da tam tersi olur. Bunu en iyi gitmeyi huy edinmi\u015fler bilir. Gezginler. Ruhu g\u00f6\u00e7ebeler. Banu<span class=\"excerpt-hellip\"> [\u2026]<\/span><\/p>\n","protected":false},"featured_media":0,"template":"","meta":{"_monsterinsights_skip_tracking":false,"_monsterinsights_sitenote_active":false,"_monsterinsights_sitenote_note":"","_monsterinsights_sitenote_category":0},"product_brand":[],"product_cat":[12291,12711],"product_tag":[],"class_list":{"0":"post-724597","1":"product","2":"type-product","3":"status-publish","5":"product_cat-edebiyat","6":"product_cat-roman-oyku","7":"pa_cilt-ciltsiz","8":"pa_tur-kitap","9":"pa_yayinevi-nemesis-kitap","10":"pa_yazar-banu-ozkan-tozluyurt","12":"first","13":"instock","14":"sale","15":"shipping-taxable","16":"purchasable","17":"product-type-simple"},"_links":{"self":[{"href":"https:\/\/roveyayinevi.com.tr\/index.php\/wp-json\/wp\/v2\/product\/724597","targetHints":{"allow":["GET"]}}],"collection":[{"href":"https:\/\/roveyayinevi.com.tr\/index.php\/wp-json\/wp\/v2\/product"}],"about":[{"href":"https:\/\/roveyayinevi.com.tr\/index.php\/wp-json\/wp\/v2\/types\/product"}],"wp:attachment":[{"href":"https:\/\/roveyayinevi.com.tr\/index.php\/wp-json\/wp\/v2\/media?parent=724597"}],"wp:term":[{"taxonomy":"product_brand","embeddable":true,"href":"https:\/\/roveyayinevi.com.tr\/index.php\/wp-json\/wp\/v2\/product_brand?post=724597"},{"taxonomy":"product_cat","embeddable":true,"href":"https:\/\/roveyayinevi.com.tr\/index.php\/wp-json\/wp\/v2\/product_cat?post=724597"},{"taxonomy":"product_tag","embeddable":true,"href":"https:\/\/roveyayinevi.com.tr\/index.php\/wp-json\/wp\/v2\/product_tag?post=724597"}],"curies":[{"name":"wp","href":"https:\/\/api.w.org\/{rel}","templated":true}]}}