{"id":724592,"date":"2025-08-27T19:36:41","date_gmt":"2025-08-27T16:36:41","guid":{"rendered":"https:\/\/roveyayinevi.com.tr\/index.php\/urun\/seleucia-x-2020\/"},"modified":"2026-04-16T02:32:25","modified_gmt":"2026-04-15T23:32:25","slug":"seleucia-x-2020","status":"publish","type":"product","link":"https:\/\/roveyayinevi.com.tr\/index.php\/urun\/seleucia-x-2020\/","title":{"rendered":"Seleucia &#8211; X 2020"},"content":{"rendered":"<p>Artemis Tap\u0131na\u011f\u0131 ve Alt\u0131n Sardes\u2019in Krali\u00e7eleri Queenly Gifts to Golden Sardis and the Temple of Artemis Fikret K. Yeg\u00fcl 9 \u0130zmir Arkeoloji M\u00fczesi\u2019nden Bir Grup Kilya Fig\u00fcrini A Group of Kilia Figurines from the Archaeological Museum of \u0130zmir Bar\u0131\u015f G\u00fcr-Ay\u015fe F\u00fcruzan Caman 35 Silifke M\u00fczesi \u00d6rnekleri Ba\u011flam\u0131nda Roma D\u00fcnyas\u0131nda Cam \u00c7ubuklar\u0131n \u0130\u015flevleri Konusunda G\u00f6r\u00fc\u015f ve \u00d6neriler Suggestions and Views About The Functions of Glass Rods in The Light of Two Examples from The Museum of Silifke Emel Erten 57 Ni\u011fde, Uluk\u0131\u015fla\u2019da Lulua (L\u00fcl\u00fcve) Kalesi The Lulua(L\u00fcl\u00fcve) Castle in Uluk\u0131\u015fla, Ni\u011fde Lale Y\u0131lmaz-Halil S\u00f6zl\u00fc 75 Kurul Kalesi Pi\u015fmi\u015f Toprak Kandilleri Terracotta Oil Lamps from Kurul Fortress Leyla Yorulmaz 97     Elaz\u0131\u011f M\u00fczesi\u2019nden Bir Grup Urartu M\u00fch\u00fcr\u00fc A Group of Urartian Seals from the Elaz\u0131\u011f Museum P\u0131nar P\u0131narc\u0131k-Bilcan G\u00f6kce 127 Phokaia\u2019n\u0131n hellenistik ve Roma D\u00f6nemi Mezarlar\u0131 ile \u00d6l\u00fc G\u00f6mme Gelenekleri Bruial Customs and Tombs in Hellenistic and Roman Period Tombs of Phocaea Sabri Ar\u0131c\u0131 155 Mersin M\u00fczesi\u2019nden Hellenistik D\u00f6nem\u2019e Ait Bir Mezar Steli A Grave Stele at the Hellenistic Period from Mersin Museum Ulus Tepeba\u015f-Handeg\u00fcl Canl\u0131 185 Olba\u2019dan Roma Erken \u0130mparatorluk D\u00f6nemi \u00dcfleme Cam Buluntular\u0131 Early Imperial Blown-Glass Finds from Olba Emel Erten-Emine Akku\u015f Ko\u00e7ak 201 Pontos B\u00f6lgesi Basamakl\u0131 T\u00fcnellerinin K\u00f6ken ve \u0130\u015flevleri \u00dczerine Baz\u0131 \u00d6neriler Some Suggestions on Origins and Functions of the Stepped Tunnels in Pontos Region 1.    Y\u00fccel \u015eenyurt-Ahmet Emirhan Bulut 227 Bing\u00f6l \u015eerevdin Yaylas\u0131\u2019n\u0131n Kaya \u00dcst\u00fc Resimleri ve Kaya Alt\u0131 Yerle\u015fiminin De\u011ferlendirilmesi The Evaluation of On-Rock Pictures and Under-Rock Settings of Bing\u00f6l  \u015eerevdin Plateau S\u0131rr\u0131 Tiryaki 251 Anemurium Nekropol Kilisesi Heraclius Definesi A Heraclius Hoard in Anemurium Necropolis Church Kas\u0131m Oyar\u00e7in- Mehmet Tekocak 269 Kurul Kalesi Kaz\u0131lar\u0131nda Ele Ge\u00e7en Kal\u0131p Yap\u0131m\u0131 Kabartmal\u0131 Kaseler The Moldmade Relief Bowls found in Kurul Fortness 1.    Y\u00fccel \u015eenyurt-Leyla Korkmaz 297 Miles\u2019tan (\u0130onia) Ko\u00e7 Ba\u015f\u0131 Sapl\u0131 Bir Patera A Terracotta Handled Patera with Ram Head from Miletus(Inoia) Reyhan \u015eahin 329 Tarsus M\u00fczesi\u2019nden \u0130ki Triglif-Metop Frizi Two Trygliph-Metope Friezes from the Tarsus Museum Gamze Evgen 355 Olba Manast\u0131r\u0131 Kaz\u0131lar\u0131 \u00dczerine De\u011ferlendirmeler Some Observations on The Excavation in The Monastery of Olba Murat \u00d6zy\u0131ld\u0131r\u0131m 375 Kitap Tan\u0131t\u0131m\u0131 Book Riview Roman Architecture and Urbanism-From the Origins to Late Antiwuity Emel Erten 389 Antik D\u00f6nemden Osmanl\u0131 D\u00f6nemine Smyrna\/\u0130z\u00f6ir Kemik Objeleri Halil \u00d6zkan 395 <\/p>\n","protected":false},"excerpt":{"rendered":"<p>Artemis Tap\u0131na\u011f\u0131 ve Alt\u0131n Sardes\u2019in Krali\u00e7eleri Queenly Gifts to Golden Sardis and the Temple of Artemis Fikret K. Yeg\u00fcl 9 \u0130zmir Arkeoloji M\u00fczesi\u2019nden Bir Grup Kilya<span class=\"excerpt-hellip\"> [\u2026]<\/span><\/p>\n","protected":false},"featured_media":0,"template":"","meta":{"_monsterinsights_skip_tracking":false,"_monsterinsights_sitenote_active":false,"_monsterinsights_sitenote_note":"","_monsterinsights_sitenote_category":0},"product_brand":[],"product_cat":[52477,52478],"product_tag":[],"class_list":{"0":"post-724592","1":"product","2":"type-product","3":"status-publish","5":"product_cat-arastirma","6":"product_cat-arkeoloji","7":"pa_cilt-ciltsiz","8":"pa_tur-kitap","9":"pa_yayinevi-bilgin-kultur-sanat","10":"pa_yazar-kolektif","12":"first","13":"instock","14":"sale","15":"shipping-taxable","16":"purchasable","17":"product-type-simple"},"_links":{"self":[{"href":"https:\/\/roveyayinevi.com.tr\/index.php\/wp-json\/wp\/v2\/product\/724592","targetHints":{"allow":["GET"]}}],"collection":[{"href":"https:\/\/roveyayinevi.com.tr\/index.php\/wp-json\/wp\/v2\/product"}],"about":[{"href":"https:\/\/roveyayinevi.com.tr\/index.php\/wp-json\/wp\/v2\/types\/product"}],"wp:attachment":[{"href":"https:\/\/roveyayinevi.com.tr\/index.php\/wp-json\/wp\/v2\/media?parent=724592"}],"wp:term":[{"taxonomy":"product_brand","embeddable":true,"href":"https:\/\/roveyayinevi.com.tr\/index.php\/wp-json\/wp\/v2\/product_brand?post=724592"},{"taxonomy":"product_cat","embeddable":true,"href":"https:\/\/roveyayinevi.com.tr\/index.php\/wp-json\/wp\/v2\/product_cat?post=724592"},{"taxonomy":"product_tag","embeddable":true,"href":"https:\/\/roveyayinevi.com.tr\/index.php\/wp-json\/wp\/v2\/product_tag?post=724592"}],"curies":[{"name":"wp","href":"https:\/\/api.w.org\/{rel}","templated":true}]}}